{"id":2961,"date":"2024-10-11T21:38:26","date_gmt":"2024-10-11T20:38:26","guid":{"rendered":"https:\/\/mrast.nexit.at\/konserwacja-i-parkowanie-ciezarowek\/"},"modified":"2024-11-07T14:41:15","modified_gmt":"2024-11-07T13:41:15","slug":"konserwacja-i-parkowanie-ciezarowek","status":"publish","type":"page","link":"https:\/\/www.m-rast.at\/pl\/konserwacja-i-parkowanie-ciezarowek\/","title":{"rendered":"Konserwacja i parkowanie ci\u0119\u017car\u00f3wek"},"content":{"rendered":"\t\t<div data-elementor-type=\"wp-page\" data-elementor-id=\"2961\" class=\"elementor elementor-2961 elementor-1136\" data-elementor-post-type=\"page\">\n\t\t\t\t<div class=\"elementor-element elementor-element-d475523 e-con-full e-flex e-con e-parent\" data-id=\"d475523\" data-element_type=\"container\" data-e-type=\"container\" data-settings=\"{&quot;background_background&quot;:&quot;classic&quot;}\">\n\t\t\t\t<div class=\"elementor-element elementor-element-7cea816 elementor-widget elementor-widget-slider_revolution\" data-id=\"7cea816\" data-element_type=\"widget\" data-e-type=\"widget\" data-widget_type=\"slider_revolution.default\">\n\t\t\t\t<div class=\"elementor-widget-container\">\n\t\t\t\t\t\n\t\t<div class=\"wp-block-themepunch-revslider\">\n\t\t\t\t<p class=\"rs-p-wp-fix\"><\/p>\n\t\t\t\t<sr7-module data-alias=\"spar-markt-1\" data-id=\"20\" id=\"SR7_20_1\" class=\"rs-ov-hidden\" data-version=\"6.7.25\">\n\t\t\t\t\t<sr7-adjuster><\/sr7-adjuster>\n\t\t\t\t\t<sr7-content>\n\t\t\t\t\t\t<sr7-slide id=\"SR7_20_1-137\" data-key=\"137\">\n\t\t\t\t\t\t\t<sr7-bg id=\"SR7_20_1-137-1\" class=\"sr7-layer\"><noscript><img decoding=\"async\" src=\"https:\/\/www.m-rast.at\/wp-content\/uploads\/2024\/10\/LKWPFLEGE_PARKING_1-scaled.jpg\" alt=\"\" title=\"LKWPFLEGE_PARKING_1\"><\/noscript><\/sr7-bg>\n\t\t\t\t\t\t\t<sr7-txt id=\"SR7_20_1-137-0\" class=\"sr7-layer\">Piel\u0119gnacja ci\u0119\u017car\u00f3wek & Parking<\/sr7-txt>\n\t\t\t\t\t\t<\/sr7-slide>\n\t\t\t\t\t\t<sr7-slide id=\"SR7_20_1-83\" data-key=\"83\">\n\t\t\t\t\t\t<\/sr7-slide>\n\t\t\t\t\t<\/sr7-content>\n\t\t\t\t\t<image_lists style=\"display:none\">\n\t\t\t\t\t\t<img data-src=\"\/\/www.m-rast.at\/wp-content\/uploads\/2024\/10\/LKWPFLEGE_PARKING_1-scaled.jpg\" data-libid=\"2367\" data-lib=\"medialibrary\" title=\"LKWPFLEGE_PARKING_1\" width=\"0\" height=\"0\" data-dbsrc=\"Ly93d3cubS1yYXN0LmF0L3dwLWNvbnRlbnQvdXBsb2Fkcy8yMDI0LzEwL0xLV1BGTEVHRV9QQVJLSU5HXzEtc2NhbGVkLmpwZw==\"\/>\n\t\t\t\t\t\t<img data-src=\"\/\/www.m-rast.at\/wp-content\/uploads\/2024\/11\/Moderne_Sanita\u0308rraume_Slide_2-scaled.jpg\" data-libid=\"3148\" data-lib=\"medialibrary\" title=\"Moderne_Sanita\u0308rraume_Slide_2\" width=\"0\" height=\"0\" data-dbsrc=\"Ly93d3cubS1yYXN0LmF0L3dwLWNvbnRlbnQvdXBsb2Fkcy8yMDI0LzExL01vZGVybmVfU2FuaXRhzIhycmF1bWVfU2xpZGVfMi1zY2FsZWQuanBn\"\/>\n\t\t\t\t\t\t<img data-src=\"\/\/www.m-rast.at\/wp-content\/uploads\/2024\/10\/LKWPFLEGE_PARKING_3-scaled.jpg\" data-libid=\"2371\" data-lib=\"medialibrary\" title=\"LKWPFLEGE_PARKING_3\" width=\"0\" height=\"0\" data-dbsrc=\"Ly93d3cubS1yYXN0LmF0L3dwLWNvbnRlbnQvdXBsb2Fkcy8yMDI0LzEwL0xLV1BGTEVHRV9QQVJLSU5HXzMtc2NhbGVkLmpwZw==\"\/>\n\t\t\t\t\t\t<img loading=\"lazy\" data-src=\"\/\/www.m-rast.at\/wp-content\/uploads\/2024\/10\/LKWPFLEGE_PARKING_4-1536x1116.png\" data-libid=\"2375\" data-lib=\"medialibrary\" title=\"LKWPFLEGE_PARKING_4\" width=\"0\" height=\"0\" data-dbsrc=\"Ly93d3cubS1yYXN0LmF0L3dwLWNvbnRlbnQvdXBsb2Fkcy8yMDI0LzEwL0xLV1BGTEVHRV9QQVJLSU5HXzQtMTUzNngxMTE2LnBuZw==\"\/>\n\t\t\t\t\t\t<img loading=\"lazy\" data-src=\"\/\/www.m-rast.at\/wp-content\/uploads\/2024\/10\/LKWPFLEGE_PARKING_5-1536x1024.jpg\" data-libid=\"2377\" data-lib=\"medialibrary\" title=\"LKWPFLEGE_PARKING_5\" width=\"0\" height=\"0\" data-dbsrc=\"Ly93d3cubS1yYXN0LmF0L3dwLWNvbnRlbnQvdXBsb2Fkcy8yMDI0LzEwL0xLV1BGTEVHRV9QQVJLSU5HXzUtMTUzNngxMDI0LmpwZw==\"\/>\n\t\t\t\t\t\t<img loading=\"lazy\" data-src=\"\/\/www.m-rast.at\/wp-content\/uploads\/2024\/10\/LKWPFLEGE_PARKING_6-1536x1025.jpg\" data-libid=\"2379\" data-lib=\"medialibrary\" title=\"LKWPFLEGE_PARKING_6\" width=\"0\" height=\"0\" data-dbsrc=\"Ly93d3cubS1yYXN0LmF0L3dwLWNvbnRlbnQvdXBsb2Fkcy8yMDI0LzEwL0xLV1BGTEVHRV9QQVJLSU5HXzYtMTUzNngxMDI1LmpwZw==\"\/>\n\t\t\t\t\t\t<img loading=\"lazy\" data-src=\"\/\/www.m-rast.at\/wp-content\/uploads\/2024\/10\/LKWPFLEGE_PARKING_7-1536x1025.jpg\" data-libid=\"2381\" data-lib=\"medialibrary\" title=\"LKWPFLEGE_PARKING_7\" width=\"0\" height=\"0\" data-dbsrc=\"Ly93d3cubS1yYXN0LmF0L3dwLWNvbnRlbnQvdXBsb2Fkcy8yMDI0LzEwL0xLV1BGTEVHRV9QQVJLSU5HXzctMTUzNngxMDI1LmpwZw==\"\/>\n\t\t\t\t\t<\/image_lists>\n\t\t\t\t<\/sr7-module>\n\t\t\t\t<script>\n\t\t\t\t\tSR7.PMH ??={}; SR7.PMH[\"SR7_20_1\"] = {cn:100,state:false,fn: function() { if (_tpt!==undefined && _tpt.prepareModuleHeight !== undefined) {  _tpt.prepareModuleHeight({id:\"SR7_20_1\",el:[380,380,355,150,150],type:'standard',shdw:'0',gh:[380,380,380,180,180],gw:[1240,1240,1024,778,480],vpt:['100px&#039;,&#039;100px&#039;,&#039;100px&#039;,&#039;100px&#039;,&#039;100px'],size:{fullWidth:true, fullHeight:false},mh:'0',onh:0,onw:0,bg:{color:'{\"orig\":\"transparent\",\"type\":\"solid\",\"string\":\"transparent\"}'}});   SR7.PMH[\"SR7_20_1\"].state=true;} else if(SR7.PMH[\"SR7_20_1\"].cn-->0)\tsetTimeout( SR7.PMH[\"SR7_20_1\"].fn,19);}};SR7.PMH[\"SR7_20_1\" ].fn();\n\t\t\t\t<\/script>\n<\/div>\n\n\t\t\t\t\t\t<\/div>\n\t\t\t\t<\/div>\n\t\t\t\t<\/div>\n\t\t<div class=\"elementor-element elementor-element-9f85127 e-flex e-con-boxed e-con e-parent\" data-id=\"9f85127\" data-element_type=\"container\" data-e-type=\"container\" data-settings=\"{&quot;background_background&quot;:&quot;classic&quot;}\">\n\t\t\t\t\t<div class=\"e-con-inner\">\n\t\t<div class=\"elementor-element elementor-element-39809f9 e-con-full e-flex e-con e-child\" data-id=\"39809f9\" data-element_type=\"container\" data-e-type=\"container\" data-settings=\"{&quot;background_background&quot;:&quot;classic&quot;}\">\n\t\t<div class=\"elementor-element elementor-element-b976bca e-con-full e-flex e-con e-child\" data-id=\"b976bca\" data-element_type=\"container\" data-e-type=\"container\">\n\t\t\t\t<div class=\"elementor-element elementor-element-c5b7e7a elementor-widget elementor-widget-heading\" data-id=\"c5b7e7a\" data-element_type=\"widget\" data-e-type=\"widget\" data-widget_type=\"heading.default\">\n\t\t\t\t<div class=\"elementor-widget-container\">\n\t\t\t\t\t<h2 class=\"elementor-heading-title elementor-size-default\">Godziny otwarcia myjni dla ci\u0119\u017car\u00f3wek:<\/h2>\t\t\t\t<\/div>\n\t\t\t\t<\/div>\n\t\t\t\t<div class=\"elementor-element elementor-element-b21770f elementor-widget elementor-widget-text-editor\" data-id=\"b21770f\" data-element_type=\"widget\" data-e-type=\"widget\" data-widget_type=\"text-editor.default\">\n\t\t\t\t<div class=\"elementor-widget-container\">\n\t\t\t\t\t\t\t\t\t<br><br> Poniedzia\u0142ek: 06:30 &#8211; 15:30 Wtorek &#8211; pi\u0105tek: 06:30 &#8211; 19:30 Sobota: 06:30 &#8211; 11:30\t\t\t\t\t\t\t\t<\/div>\n\t\t\t\t<\/div>\n\t\t\t\t<\/div>\n\t\t<div class=\"elementor-element elementor-element-95f6b7b e-con-full e-flex e-con e-child\" data-id=\"95f6b7b\" data-element_type=\"container\" data-e-type=\"container\" data-settings=\"{&quot;background_background&quot;:&quot;classic&quot;}\">\n\t\t\t\t<div class=\"elementor-element elementor-element-388409c elementor-widget elementor-widget-heading\" data-id=\"388409c\" data-element_type=\"widget\" data-e-type=\"widget\" data-widget_type=\"heading.default\">\n\t\t\t\t<div class=\"elementor-widget-container\">\n\t\t\t\t\t<h2 class=\"elementor-heading-title elementor-size-default\">Myjnie samochod\u00f3w ci\u0119\u017carowych<\/h2>\t\t\t\t<\/div>\n\t\t\t\t<\/div>\n\t\t\t\t<div class=\"elementor-element elementor-element-16f8a62 elementor-widget elementor-widget-text-editor\" data-id=\"16f8a62\" data-element_type=\"widget\" data-e-type=\"widget\" data-widget_type=\"text-editor.default\">\n\t\t\t\t<div class=\"elementor-widget-container\">\n\t\t\t\t\t\t\t\t\t<table class=\"truckpricing\">\n<tbody>\n<tr>\n<td colspan=\"2\" style=\"text-align:left;font-size:24px;font-weight:bold\">Ceny myjni dla ci\u0119\u017car\u00f3wek<\/td>\n<\/tr>\n<tr>\n<td>Przegubowy zestaw ci\u0119\u017car\u00f3wka\/przyczepa z pojedyncz\u0105 szczotk\u0105<\/td><td>\u20ac 42,00<\/td>\n<\/tr>\n<tr>\n<td>Przegubowa ci\u0119\u017car\u00f3wka\/przyczepa z podw\u00f3jn\u0105 szczotk\u0105<\/td><td>\u20ac 52,00<\/td>\n<\/tr>\n<tr>\n<td>Przegubowy zestaw ci\u0119\u017car\u00f3wka\/przyczepa Aktywna pianka<\/td><td>\u20ac 7,50<\/td>\n<\/tr>\n<tr>\n<td>Przegubowe podwozie samochodu ci\u0119\u017carowego\/przyczepy<\/td><td>\u20ac 15,00<\/td>\n<\/tr>\n<tr>\n<td>W\u00f3zek z nap\u0119dem silnikowym<\/td><td>\u20ac 32,00<\/td>\n<\/tr>\n<tr>\n<td>Minibus i kamper<\/td><td>\u20ac 22,00<\/td>\n<\/tr>\n<tr>\n<td>Aktywna pianka do samochod\u00f3w kempingowych, minibus\u00f3w i kamper\u00f3w<\/td><td>\u20ac 5,50<\/td>\n<\/tr>\n<tr>\n<td>Podwozie kampera, minibusa, samochodu kempingowego<\/td><td>\u20ac 12,50<\/td>\n<\/tr>\n<tr>\n<td>Trener<\/td><td>\u20ac 40,00<\/td>\n<\/tr>\n<tr>\n<td>Mycie wn\u0119trza silosu<\/td><td>\u20ac 47,00<\/td>\n<\/tr>\n<tr>\n<td>Suszenie w silosie<\/td><td>\u20ac 37,50<\/td>\n<\/tr>\n<tr>\n<td>Wysokie ci\u015bnienie na 20 min<\/td><td>\u20ac 20,00<\/td>\n<\/tr>\n<tr>\n<td>Okr\u0105g\u0142a konstrukcja drewniana Wysokie ci\u015bnienie 40 min<\/td><td>\u20ac 45,80<\/td>\n<\/tr>\n<tr>\n<td>Dop\u0142ata dla pracownik\u00f3w 30 min<\/td><td>\u20ac 9,00<\/td>\n<\/tr>\n<\/tbody>\n<\/table>\t\t\t\t\t\t\t\t<\/div>\n\t\t\t\t<\/div>\n\t\t\t\t<div class=\"elementor-element elementor-element-e5edd1b elementor-widget elementor-widget-text-editor\" data-id=\"e5edd1b\" data-element_type=\"widget\" data-e-type=\"widget\" data-widget_type=\"text-editor.default\">\n\t\t\t\t<div class=\"elementor-widget-container\">\n\t\t\t\t\t\t\t\t\t<p>Wszystkie ceny bez VAT <\/p>\n\t\t\t\t\t\t\t\t<\/div>\n\t\t\t\t<\/div>\n\t\t\t\t<\/div>\n\t\t<div class=\"elementor-element elementor-element-b69d332 e-con-full e-flex e-con e-child\" data-id=\"b69d332\" data-element_type=\"container\" data-e-type=\"container\">\n\t\t\t\t<div class=\"elementor-element elementor-element-86f1a02 elementor-widget elementor-widget-heading\" data-id=\"86f1a02\" data-element_type=\"widget\" data-e-type=\"widget\" data-widget_type=\"heading.default\">\n\t\t\t\t<div class=\"elementor-widget-container\">\n\t\t\t\t\t<h2 class=\"elementor-heading-title elementor-size-default\">Parking dla ci\u0119\u017car\u00f3wek<\/h2>\t\t\t\t<\/div>\n\t\t\t\t<\/div>\n\t\t<div class=\"elementor-element elementor-element-447dcda e-con-full e-flex e-con e-child\" data-id=\"447dcda\" data-element_type=\"container\" data-e-type=\"container\">\n\t\t\t\t<div class=\"elementor-element elementor-element-9ac78ca elementor-widget elementor-widget-text-editor\" data-id=\"9ac78ca\" data-element_type=\"widget\" data-e-type=\"widget\" data-widget_type=\"text-editor.default\">\n\t\t\t\t<div class=\"elementor-widget-container\">\n\t\t\t\t\t\t\t\t\t<p class=\"p1\">Przy wje\u017adzie na parking dla ci\u0119\u017car\u00f3wek znajduje si\u0119 automat biletowy. <\/p>\n<p>Bilet ten s\u0142u\u017cy do obliczania czasu parkowania i jest wymagany przy wyje\u017adzie. <\/p>\n<p class=\"p1\">Parking dla ci\u0119\u017car\u00f3wek jest monitorowany i znajduje si\u0119 bezpo\u015brednio za M-Rast, dzi\u0119ki czemu mo\u017cna bezpiecznie zaparkowa\u0107 pojazd.<b><br \/><\/b><\/p>\n\t\t\t\t\t\t\t\t<\/div>\n\t\t\t\t<\/div>\n\t\t\t\t<div class=\"elementor-element elementor-element-a350d8a elementor-widget elementor-widget-heading\" data-id=\"a350d8a\" data-element_type=\"widget\" data-e-type=\"widget\" data-widget_type=\"heading.default\">\n\t\t\t\t<div class=\"elementor-widget-container\">\n\t\t\t\t\t<h2 class=\"elementor-heading-title elementor-size-default\">Obowi\u0105zuj\u0105 nast\u0119puj\u0105ce taryfy:<\/h2>\t\t\t\t<\/div>\n\t\t\t\t<\/div>\n\t\t\t\t<\/div>\n\t\t<div class=\"elementor-element elementor-element-31cd4ac e-con-full e-flex e-con e-child\" data-id=\"31cd4ac\" data-element_type=\"container\" data-e-type=\"container\" data-settings=\"{&quot;background_background&quot;:&quot;classic&quot;}\">\n\t\t\t\t<div class=\"elementor-element elementor-element-34768d8 elementor-widget elementor-widget-text-editor\" data-id=\"34768d8\" data-element_type=\"widget\" data-e-type=\"widget\" data-widget_type=\"text-editor.default\">\n\t\t\t\t<div class=\"elementor-widget-container\">\n\t\t\t\t\t\t\t\t\t<p class=\"p1\">1h = bezp\u0142atnie<\/p>\n<p class=\"p1\">  12h = 5,00 \u20ac  <\/p><p class=\"p1\">  24h = 7,50 \u20ac  <\/p><p class=\"p1\">  Weekend: 12,50 \u20ac  <\/p><p class=\"p1\">  Pi\u0105t. 12:00 &#8211; Pon. 06:00 = 12,50 \u20ac  <\/p>\t\t\t\t\t\t\t\t<\/div>\n\t\t\t\t<\/div>\n\t\t\t\t<\/div>\n\t\t<div class=\"elementor-element elementor-element-6b77b03 e-con-full e-flex e-con e-child\" data-id=\"6b77b03\" data-element_type=\"container\" data-e-type=\"container\">\n\t\t\t\t<div class=\"elementor-element elementor-element-afc5dba elementor-widget elementor-widget-text-editor\" data-id=\"afc5dba\" data-element_type=\"widget\" data-e-type=\"widget\" data-widget_type=\"text-editor.default\">\n\t\t\t\t<div class=\"elementor-widget-container\">\n\t\t\t\t\t\t\t\t\tZu\u017cycie w sklepie lub restauracji jest kompensowane 1:1.<br>  Rozliczenia odbywaj\u0105 si\u0119 w kasie.<br>  Przyczepy, naczepy, nadwozia wymienne itp. mo\u017cna parkowa\u0107 wy\u0142\u0105cznie na parkingu \u017cwirowym (z ty\u0142u). Tutaj r\u00f3wnie\u017c obowi\u0105zuje op\u0142ata parkingowa. <br>  Naruszenia b\u0119d\u0105 karane pozwem o zak\u0142\u00f3cenie posiadania.\t\t\t\t\t\t\t\t<\/div>\n\t\t\t\t<\/div>\n\t\t\t\t<\/div>\n\t\t\t\t<\/div>\n\t\t\t\t<\/div>\n\t\t\t\t\t<\/div>\n\t\t\t\t<\/div>\n\t\t<div class=\"elementor-element elementor-element-48f89e2 e-flex e-con-boxed e-con e-parent\" data-id=\"48f89e2\" data-element_type=\"container\" data-e-type=\"container\" id=\"ringevents\" data-settings=\"{&quot;background_background&quot;:&quot;classic&quot;}\">\n\t\t\t\t\t<div class=\"e-con-inner\">\n\t\t<div class=\"elementor-element elementor-element-fe70932 e-con-full e-flex e-con e-child\" data-id=\"fe70932\" data-element_type=\"container\" data-e-type=\"container\" data-settings=\"{&quot;background_background&quot;:&quot;classic&quot;}\">\n\t\t<div class=\"elementor-element elementor-element-8d8b35a e-con-full e-flex e-con e-child\" data-id=\"8d8b35a\" data-element_type=\"container\" data-e-type=\"container\">\n\t\t\t\t<div class=\"elementor-element elementor-element-435fe56 elementor-widget elementor-widget-heading\" data-id=\"435fe56\" data-element_type=\"widget\" data-e-type=\"widget\" data-widget_type=\"heading.default\">\n\t\t\t\t<div class=\"elementor-widget-container\">\n\t\t\t\t\t<h2 class=\"elementor-heading-title elementor-size-default\">Rezerwacja miejsc parkingowych dla ci\u0119\u017car\u00f3wek RING EVENTS<\/h2>\t\t\t\t<\/div>\n\t\t\t\t<\/div>\n\t\t\t\t<div class=\"elementor-element elementor-element-2b98e3c elementor-widget elementor-widget-text-editor\" data-id=\"2b98e3c\" data-element_type=\"widget\" data-e-type=\"widget\" data-widget_type=\"text-editor.default\">\n\t\t\t\t<div class=\"elementor-widget-container\">\n\t\t\t\t\t\t\t\t\t<p>Wszystkie zapytania prosimy kierowa\u0107 na adres <strong><a href=\"mailto:m.mayer@mayer.at\">m.mayer@mayer.at<\/a><\/strong><\/p>\n\t\t\t\t\t\t\t\t<\/div>\n\t\t\t\t<\/div>\n\t\t\t\t<\/div>\n\t\t\t\t<\/div>\n\t\t\t\t\t<\/div>\n\t\t\t\t<\/div>\n\t\t<div class=\"elementor-element elementor-element-867e550 e-flex e-con-boxed e-con e-parent\" data-id=\"867e550\" data-element_type=\"container\" data-e-type=\"container\" data-settings=\"{&quot;background_background&quot;:&quot;classic&quot;}\">\n\t\t\t\t\t<div class=\"e-con-inner\">\n\t\t<div class=\"elementor-element elementor-element-37f19fa e-con-full e-flex e-con e-child\" data-id=\"37f19fa\" data-element_type=\"container\" data-e-type=\"container\" data-settings=\"{&quot;background_background&quot;:&quot;classic&quot;}\">\n\t\t<div class=\"elementor-element elementor-element-3a44cea e-con-full e-flex e-con e-child\" data-id=\"3a44cea\" data-element_type=\"container\" data-e-type=\"container\">\n\t\t\t\t<div class=\"elementor-element elementor-element-5fee85d elementor-widget elementor-widget-heading\" data-id=\"5fee85d\" data-element_type=\"widget\" data-e-type=\"widget\" data-widget_type=\"heading.default\">\n\t\t\t\t<div class=\"elementor-widget-container\">\n\t\t\t\t\t<h2 class=\"elementor-heading-title elementor-size-default\">R\u00f3\u017cne<\/h2>\t\t\t\t<\/div>\n\t\t\t\t<\/div>\n\t\t\t\t<div class=\"elementor-element elementor-element-042422c elementor-widget elementor-widget-text-editor\" data-id=\"042422c\" data-element_type=\"widget\" data-e-type=\"widget\" data-widget_type=\"text-editor.default\">\n\t\t\t\t<div class=\"elementor-widget-container\">\n\t\t\t\t\t\t\t\t\tNasza strefa us\u0142ugowa oferuje szerok\u0105 gam\u0119 udogodnie\u0144, w tym oddzielne w\u0119z\u0142y sanitarne, nowoczesne pralki, przytuln\u0105 restauracj\u0119 oraz <a href=\"https:\/\/www.mt-hotel.at\/\" target=\"_blank\" rel=\"noopener\"><b>Hotel MT <\/b><\/a>na relaksuj\u0105cy nocleg. Nasz supermarket Spar jest r\u00f3wnie\u017c otwarty przez ca\u0142\u0105 dob\u0119 na zakupy \t\t\t\t\t\t\t\t<\/div>\n\t\t\t\t<\/div>\n\t\t\t\t<\/div>\n\t\t\t\t<\/div>\n\t\t\t\t\t<\/div>\n\t\t\t\t<\/div>\n\t\t<div class=\"elementor-element elementor-element-8b9706d e-con-full e-flex e-con e-parent\" data-id=\"8b9706d\" data-element_type=\"container\" data-e-type=\"container\" data-settings=\"{&quot;background_background&quot;:&quot;classic&quot;}\">\n\t\t\t\t<div class=\"elementor-element elementor-element-1798777 elementor-widget elementor-widget-google_maps\" data-id=\"1798777\" data-element_type=\"widget\" data-e-type=\"widget\" data-widget_type=\"google_maps.default\">\n\t\t\t\t<div class=\"elementor-widget-container\">\n\t\t\t\t\t\t\t<div class=\"elementor-custom-embed\">\n\t\t\t<iframe loading=\"lazy\"\n\t\t\t\t\tsrc=\"https:\/\/maps.google.com\/maps?q=47.19465503640765%2C14.72089738149316&#038;t=m&#038;z=18&#038;output=embed&#038;iwloc=near\"\n\t\t\t\t\ttitle=\"47.19465503640765,14.72089738149316\"\n\t\t\t\t\taria-label=\"47.19465503640765,14.72089738149316\"\n\t\t\t><\/iframe>\n\t\t<\/div>\n\t\t\t\t\t\t<\/div>\n\t\t\t\t<\/div>\n\t\t\t\t<\/div>\n\t\t<div class=\"elementor-element elementor-element-43e56e40 e-flex e-con-boxed e-con e-parent\" data-id=\"43e56e40\" data-element_type=\"container\" data-e-type=\"container\" data-settings=\"{&quot;background_background&quot;:&quot;classic&quot;}\">\n\t\t\t\t\t<div class=\"e-con-inner\">\n\t\t<div class=\"elementor-element elementor-element-f92501e e-flex e-con-boxed e-con e-child\" data-id=\"f92501e\" data-element_type=\"container\" data-e-type=\"container\">\n\t\t\t\t\t<div class=\"e-con-inner\">\n\t\t<a class=\"elementor-element elementor-element-80df137 e-con-full e-flex e-con e-child\" data-id=\"80df137\" data-element_type=\"container\" data-e-type=\"container\" data-settings=\"{&quot;background_background&quot;:&quot;classic&quot;}\" href=\"https:\/\/www.m-rast.at\/pl\/restauracja\/\">\n\t\t\t\t<div class=\"elementor-element elementor-element-eeead52 elementor-widget elementor-widget-image\" data-id=\"eeead52\" data-element_type=\"widget\" data-e-type=\"widget\" data-widget_type=\"image.default\">\n\t\t\t\t<div class=\"elementor-widget-container\">\n\t\t\t\t\t\t\t\t\t\t\t\t\t\t\t<img loading=\"lazy\" decoding=\"async\" width=\"175\" height=\"214\" src=\"https:\/\/www.m-rast.at\/wp-content\/uploads\/2024\/09\/Restaurant-1.png\" class=\"attachment-medium size-medium wp-image-2755\" alt=\"\" \/>\t\t\t\t\t\t\t\t\t\t\t\t\t\t\t<\/div>\n\t\t\t\t<\/div>\n\t\t\t\t<\/a>\n\t\t<a class=\"elementor-element elementor-element-33ff44b e-con-full e-flex e-con e-child\" data-id=\"33ff44b\" data-element_type=\"container\" data-e-type=\"container\" data-settings=\"{&quot;background_background&quot;:&quot;classic&quot;}\" href=\"https:\/\/www.m-rast.at\/pl\/spar-market\/\">\n\t\t\t\t<div class=\"elementor-element elementor-element-3e7f9dc elementor-widget elementor-widget-image\" data-id=\"3e7f9dc\" data-element_type=\"widget\" data-e-type=\"widget\" data-widget_type=\"image.default\">\n\t\t\t\t<div class=\"elementor-widget-container\">\n\t\t\t\t\t\t\t\t\t\t\t\t\t\t\t<img loading=\"lazy\" decoding=\"async\" width=\"175\" height=\"167\" src=\"https:\/\/www.m-rast.at\/wp-content\/uploads\/2024\/09\/Supermarkt-1.png\" class=\"attachment-medium size-medium wp-image-2754\" alt=\"\" \/>\t\t\t\t\t\t\t\t\t\t\t\t\t\t\t<\/div>\n\t\t\t\t<\/div>\n\t\t\t\t<\/a>\n\t\t<a class=\"elementor-element elementor-element-d245d7b e-con-full e-flex e-con e-child\" data-id=\"d245d7b\" data-element_type=\"container\" data-e-type=\"container\" data-settings=\"{&quot;background_background&quot;:&quot;classic&quot;}\" href=\"https:\/\/www.m-rast.at\/pl\/tankowanie-i-ladowanie\/\">\n\t\t\t\t<div class=\"elementor-element elementor-element-c9b6b84 elementor-widget elementor-widget-image\" data-id=\"c9b6b84\" data-element_type=\"widget\" data-e-type=\"widget\" data-widget_type=\"image.default\">\n\t\t\t\t<div class=\"elementor-widget-container\">\n\t\t\t\t\t\t\t\t\t\t\t\t\t\t\t<img loading=\"lazy\" decoding=\"async\" width=\"175\" height=\"214\" src=\"https:\/\/www.m-rast.at\/wp-content\/uploads\/2024\/09\/Tanken-1.png\" class=\"attachment-medium size-medium wp-image-2753\" alt=\"\" \/>\t\t\t\t\t\t\t\t\t\t\t\t\t\t\t<\/div>\n\t\t\t\t<\/div>\n\t\t\t\t<\/a>\n\t\t<a class=\"elementor-element elementor-element-6269b6f e-con-full e-flex e-con e-child\" data-id=\"6269b6f\" data-element_type=\"container\" data-e-type=\"container\" data-settings=\"{&quot;background_background&quot;:&quot;classic&quot;}\" href=\"https:\/\/www.m-rast.at\/pl\/pielegnacja-samochodu\/\">\n\t\t\t\t<div class=\"elementor-element elementor-element-ebd5ae8 elementor-widget elementor-widget-image\" data-id=\"ebd5ae8\" data-element_type=\"widget\" data-e-type=\"widget\" data-widget_type=\"image.default\">\n\t\t\t\t<div class=\"elementor-widget-container\">\n\t\t\t\t\t\t\t\t\t\t\t\t\t\t\t<img loading=\"lazy\" decoding=\"async\" width=\"175\" height=\"136\" src=\"https:\/\/www.m-rast.at\/wp-content\/uploads\/2024\/09\/PKWWaschen.png\" class=\"attachment-medium size-medium wp-image-2756\" alt=\"\" \/>\t\t\t\t\t\t\t\t\t\t\t\t\t\t\t<\/div>\n\t\t\t\t<\/div>\n\t\t\t\t<\/a>\n\t\t<a class=\"elementor-element elementor-element-5496adb e-con-full e-flex e-con e-child\" data-id=\"5496adb\" data-element_type=\"container\" data-e-type=\"container\" data-settings=\"{&quot;background_background&quot;:&quot;classic&quot;}\" href=\"https:\/\/www.m-rast.at\/pl\/konserwacja-i-parkowanie-ciezarowek\/\">\n\t\t\t\t<div class=\"elementor-element elementor-element-8baf6e6 elementor-widget elementor-widget-image\" data-id=\"8baf6e6\" data-element_type=\"widget\" data-e-type=\"widget\" data-widget_type=\"image.default\">\n\t\t\t\t<div class=\"elementor-widget-container\">\n\t\t\t\t\t\t\t\t\t\t\t\t\t\t\t<img loading=\"lazy\" decoding=\"async\" width=\"300\" height=\"152\" src=\"https:\/\/www.m-rast.at\/wp-content\/uploads\/2024\/11\/LKW-weiss-300x152.png\" class=\"attachment-medium size-medium wp-image-2963\" alt=\"\" srcset=\"https:\/\/www.m-rast.at\/wp-content\/uploads\/2024\/11\/LKW-weiss-300x152.png 300w, https:\/\/www.m-rast.at\/wp-content\/uploads\/2024\/11\/LKW-weiss-768x390.png 768w, https:\/\/www.m-rast.at\/wp-content\/uploads\/2024\/11\/LKW-weiss.png 933w\" sizes=\"(max-width: 300px) 100vw, 300px\" \/>\t\t\t\t\t\t\t\t\t\t\t\t\t\t\t<\/div>\n\t\t\t\t<\/div>\n\t\t\t\t<\/a>\n\t\t<a class=\"elementor-element elementor-element-5c2fd90 e-con-full e-flex e-con e-child\" data-id=\"5c2fd90\" data-element_type=\"container\" data-e-type=\"container\" data-settings=\"{&quot;background_background&quot;:&quot;classic&quot;}\" href=\"https:\/\/www.m-rast.at\/pl\/karta-rabatowa\/\">\n\t\t\t\t<div class=\"elementor-element elementor-element-cfc98e3 elementor-widget elementor-widget-image\" data-id=\"cfc98e3\" data-element_type=\"widget\" data-e-type=\"widget\" data-widget_type=\"image.default\">\n\t\t\t\t<div class=\"elementor-widget-container\">\n\t\t\t\t\t\t\t\t\t\t\t\t\t\t\t<img loading=\"lazy\" decoding=\"async\" width=\"300\" height=\"254\" src=\"https:\/\/www.m-rast.at\/wp-content\/uploads\/2024\/11\/Rabattkarte-300x254.png\" class=\"attachment-medium size-medium wp-image-2549\" alt=\"\" srcset=\"https:\/\/www.m-rast.at\/wp-content\/uploads\/2024\/11\/Rabattkarte-300x254.png 300w, https:\/\/www.m-rast.at\/wp-content\/uploads\/2024\/11\/Rabattkarte-768x650.png 768w, https:\/\/www.m-rast.at\/wp-content\/uploads\/2024\/11\/Rabattkarte.png 934w\" sizes=\"(max-width: 300px) 100vw, 300px\" \/>\t\t\t\t\t\t\t\t\t\t\t\t\t\t\t<\/div>\n\t\t\t\t<\/div>\n\t\t\t\t<\/a>\n\t\t\t\t\t<\/div>\n\t\t\t\t<\/div>\n\t\t\t\t\t<\/div>\n\t\t\t\t<\/div>\n\t\t\t\t<\/div>\n\t\t","protected":false},"excerpt":{"rendered":"<p>Godziny otwarcia myjni dla ci\u0119\u017car\u00f3wek: Poniedzia\u0142ek: 06:30 &#8211; 15:30 Wtorek &#8211; pi\u0105tek: 06:30 &#8211; 19:30 Sobota: 06:30 &#8211; 11:30 Myjnie samochod\u00f3w ci\u0119\u017carowych Ceny myjni dla ci\u0119\u017car\u00f3wek Przegubowy zestaw ci\u0119\u017car\u00f3wka\/przyczepa z pojedyncz\u0105 szczotk\u0105 \u20ac 42,00 Przegubowa ci\u0119\u017car\u00f3wka\/przyczepa z podw\u00f3jn\u0105 szczotk\u0105 \u20ac 52,00 Przegubowy zestaw ci\u0119\u017car\u00f3wka\/przyczepa Aktywna pianka \u20ac 7,50 Przegubowe podwozie samochodu ci\u0119\u017carowego\/przyczepy \u20ac 15,00 W\u00f3zek [&hellip;]<\/p>\n","protected":false},"author":1,"featured_media":0,"parent":0,"menu_order":0,"comment_status":"closed","ping_status":"closed","template":"","meta":{"_acf_changed":false,"_eb_attr":"","footnotes":""},"class_list":["post-2961","page","type-page","status-publish","hentry"],"acf":[],"_links":{"self":[{"href":"https:\/\/www.m-rast.at\/pl\/wp-json\/wp\/v2\/pages\/2961","targetHints":{"allow":["GET"]}}],"collection":[{"href":"https:\/\/www.m-rast.at\/pl\/wp-json\/wp\/v2\/pages"}],"about":[{"href":"https:\/\/www.m-rast.at\/pl\/wp-json\/wp\/v2\/types\/page"}],"author":[{"embeddable":true,"href":"https:\/\/www.m-rast.at\/pl\/wp-json\/wp\/v2\/users\/1"}],"replies":[{"embeddable":true,"href":"https:\/\/www.m-rast.at\/pl\/wp-json\/wp\/v2\/comments?post=2961"}],"version-history":[{"count":2,"href":"https:\/\/www.m-rast.at\/pl\/wp-json\/wp\/v2\/pages\/2961\/revisions"}],"predecessor-version":[{"id":3462,"href":"https:\/\/www.m-rast.at\/pl\/wp-json\/wp\/v2\/pages\/2961\/revisions\/3462"}],"wp:attachment":[{"href":"https:\/\/www.m-rast.at\/pl\/wp-json\/wp\/v2\/media?parent=2961"}],"curies":[{"name":"wp","href":"https:\/\/api.w.org\/{rel}","templated":true}]}}