{"id":2901,"date":"2024-06-26T17:05:34","date_gmt":"2024-06-26T16:05:34","guid":{"rendered":"https:\/\/mrast.nexit.at\/polityka-prywatnosci\/"},"modified":"2024-11-04T16:27:35","modified_gmt":"2024-11-04T15:27:35","slug":"polityka-prywatnosci","status":"publish","type":"page","link":"https:\/\/www.m-rast.at\/pl\/polityka-prywatnosci\/","title":{"rendered":"Polityka prywatno\u015bci"},"content":{"rendered":"\t\t<div data-elementor-type=\"wp-page\" data-elementor-id=\"2901\" class=\"elementor elementor-2901 elementor-635\" data-elementor-post-type=\"page\">\n\t\t\t\t<div class=\"elementor-element elementor-element-7c54804 e-con-full e-flex e-con e-parent\" data-id=\"7c54804\" data-element_type=\"container\" data-e-type=\"container\" data-settings=\"{&quot;background_background&quot;:&quot;classic&quot;}\">\n\t\t\t\t<div class=\"elementor-element elementor-element-f676b4b elementor-hidden-desktop elementor-hidden-tablet elementor-widget elementor-widget-image\" data-id=\"f676b4b\" data-element_type=\"widget\" data-e-type=\"widget\" data-widget_type=\"image.default\">\n\t\t\t\t<div class=\"elementor-widget-container\">\n\t\t\t\t\t\t\t\t\t\t\t\t\t\t\t<img fetchpriority=\"high\" decoding=\"async\" width=\"300\" height=\"300\" src=\"https:\/\/www.m-rast.at\/wp-content\/uploads\/2024\/06\/logo-kreis-300x300.png\" class=\"attachment-medium size-medium wp-image-2738\" alt=\"\" srcset=\"https:\/\/www.m-rast.at\/wp-content\/uploads\/2024\/06\/logo-kreis-300x300.png 300w, https:\/\/www.m-rast.at\/wp-content\/uploads\/2024\/06\/logo-kreis-150x150.png 150w, https:\/\/www.m-rast.at\/wp-content\/uploads\/2024\/06\/logo-kreis-768x768.png 768w, https:\/\/www.m-rast.at\/wp-content\/uploads\/2024\/06\/logo-kreis.png 1000w\" sizes=\"(max-width: 300px) 100vw, 300px\" \/>\t\t\t\t\t\t\t\t\t\t\t\t\t\t\t<\/div>\n\t\t\t\t<\/div>\n\t\t\t\t<\/div>\n\t\t<div class=\"elementor-element elementor-element-07213dc e-flex e-con-boxed e-con e-parent\" data-id=\"07213dc\" data-element_type=\"container\" data-e-type=\"container\">\n\t\t\t\t\t<div class=\"e-con-inner\">\n\t\t\t\t<div class=\"elementor-element elementor-element-6ef9781 elementor-widget elementor-widget-heading\" data-id=\"6ef9781\" data-element_type=\"widget\" data-e-type=\"widget\" data-widget_type=\"heading.default\">\n\t\t\t\t<div class=\"elementor-widget-container\">\n\t\t\t\t\t<h2 class=\"elementor-heading-title elementor-size-default\">Polityka prywatno\u015bci<\/h2>\t\t\t\t<\/div>\n\t\t\t\t<\/div>\n\t\t\t\t<div class=\"elementor-element elementor-element-90924fb elementor-widget elementor-widget-text-editor\" data-id=\"90924fb\" data-element_type=\"widget\" data-e-type=\"widget\" data-widget_type=\"text-editor.default\">\n\t\t\t\t<div class=\"elementor-widget-container\">\n\t\t\t\t\t\t\t\t\t<p>Cieszymy si\u0119, \u017ce odwiedzasz nasz\u0105 stron\u0119 internetow\u0105 i dzi\u0119kujemy za zainteresowanie! Ochrona Twojej prywatno\u015bci podczas korzystania z naszej strony internetowej jest dla nas wa\u017cna, dlatego prosimy o zapoznanie si\u0119 z poni\u017cszymi informacjami na temat sposobu, w jaki przetwarzamy Twoje dane. <\/p>\n<p>Poniewa\u017c przywi\u0105zujemy du\u017c\u0105 wag\u0119 do ochrony danych, podczas gromadzenia, przetwarzania i wykorzystywania danych \u015bci\u015ble przestrzegamy ustawowych przepis\u00f3w ustawy o ochronie danych.<\/p>\n<p>Ochrona danych osobowych u\u017cytkownik\u00f3w jest dla nas szczeg\u00f3lnie wa\u017cna. W zwi\u0105zku z tym przetwarzamy dane wy\u0142\u0105cznie na podstawie przepis\u00f3w ustawowych (RODO, TKG 2003). W niniejszej informacji o ochronie danych informujemy o najwa\u017cniejszych aspektach przetwarzania danych na naszej stronie internetowej.  <\/p>\n<p>Kontakt z nami: Je\u015bli skontaktujesz si\u0119 z nami poczt\u0105 elektroniczn\u0105 za po\u015brednictwem naszej strony internetowej, podane przez Ciebie dane b\u0119d\u0105 przechowywane przez nas w celu przetworzenia Twojego zapytania oraz w przypadku dalszych pyta\u0144. Nie przeka\u017cemy tych danych bez zgody u\u017cytkownika. Z\u0142o\u017cenie zapytania za po\u015brednictwem naszej strony internetowej jest r\u00f3wnoznaczne z wyra\u017ceniem zgody na skontaktowanie si\u0119 z u\u017cytkownikiem. Wiadomo\u015bci e-mail wysy\u0142ane przez u\u017cytkownika na adresy e-mail podane na tej stronie s\u0105 rejestrowane i przekazywane do odpowiedzialnych pracownik\u00f3w w celu ich przetworzenia. Podane przez u\u017cytkownika dane zostan\u0105 sprawdzone pod k\u0105tem wa\u017cno\u015bci i aktualno\u015bci w stosunku do danych ju\u017c dost\u0119pnych zgodnie z prawem. W razie potrzeby przechowywane przez nas dane zostan\u0105 zaktualizowane zgodnie z przepisami. Dane u\u017cytkownika b\u0119d\u0105 przekazywane stronom trzecim tylko wtedy, gdy b\u0119dzie to konieczne do realizacji stosunku umownego.      <br \/>W razie potrzeby, w kontek\u015bcie r\u00f3wnowa\u017cenia interes\u00f3w na korzy\u015b\u0107 administratora lub podmiotu przetwarzaj\u0105cego, przetwarzanie danych mo\u017ce odbywa\u0107 si\u0119 poza faktyczn\u0105 realizacj\u0105 umowy w celu zabezpieczenia uzasadnionych interes\u00f3w administratora lub podmiotu przetwarzaj\u0105cego, w szczeg\u00f3lno\u015bci w celu konsultacji i wymiany danych z agencjami kredytowymi w celu okre\u015blenia zdolno\u015bci kredytowej lub ryzyka niewykonania zobowi\u0105zania oraz w celu reklamowania naszych w\u0142asnych produkt\u00f3w, oceny klient\u00f3w, bada\u0144 rynku i opinii, o ile u\u017cytkownik nie sprzeciwi si\u0119 temu zgodnie z art. 21 RODO. Wymiana danych z agencjami kredytowymi w celu okre\u015blenia zdolno\u015bci kredytowej lub ryzyka niewykonania zobowi\u0105zania oraz w celu reklamowania w\u0142asnych produkt\u00f3w, oceny klient\u00f3w, badania rynku i opinii, o ile u\u017cytkownik nie sprzeciwi\u0142 si\u0119 wykorzystywaniu swoich danych zgodnie z art. 21 RODO, w kontek\u015bcie post\u0119powania s\u0105dowego w celu obrony i dochodzenia roszcze\u0144 prawnych, w celu doradztwa podatkowego i prawnego oraz us\u0142ug IT.<\/p>\n<p>Newsletter: U\u017cytkownik wyra\u017ca odr\u0119bn\u0105, dobrowoln\u0105 i \u015bwiadom\u0105 zgod\u0119 na otrzymywanie naszego newslettera. Zgoda ta mo\u017ce zosta\u0107 odwo\u0142ana w dowolnym momencie, na przyk\u0142ad poprzez wys\u0142anie do nas wiadomo\u015bci e-mail. <\/p>\n<p>Uczestnictwo w konkursie: Wszelkie informacje o aktualnych mo\u017cliwo\u015bciach zdobycia nagr\u00f3d, warunkach uczestnictwa i dacie zako\u0144czenia konkursu, a tak\u017ce o wylosowanych nagrodach mo\u017cna znale\u017a\u0107 w Internecie pod adresem<a href=\"http:\/\/www.m-rast.at\/\">www.m-rast.at<\/a> lub otrzyma\u0107 jako subskrybent newslettera. Subskrypcja biuletynu lub us\u0142ugi SMS jest bezp\u0142atna i mo\u017ce zosta\u0107 anulowana w dowolnym momencie w Internecie pod adresem <a href=\"http:\/\/www.m-rast.at\/\">www.m-rast.at<\/a> lub telefonicznie pod numerem 03577\/24 888. Losowanie nagr\u00f3d podlega wykluczeniu regresu prawnego. Nie ma mo\u017cliwo\u015bci wymiany na got\u00f3wk\u0119. Udzia\u0142 w konkursie jest niezale\u017cny od zakupu. Wykorzystanie danych do cel\u00f3w reklamowych w celu spersonalizowanej reklamy: Uczestnik konkursu niniejszym wyra\u017ca wyra\u017an\u0105 zgod\u0119 na wykorzystanie danych przekazanych M-Rastst\u00e4tte Betriebs GmbH (imi\u0119 i nazwisko, pe\u0142ny adres i adres e-mail, opcjonalnie numer telefonu kom\u00f3rkowego) do autopromocji zorientowanej na grup\u0119 docelow\u0105. Reklamy b\u0119d\u0105 wysy\u0142ane za po\u015brednictwem biuletynu e-mail. Wi\u0119cej informacji na temat ochrony danych: <a href=\"http:\/\/www.m-rast.at\/impressum.html\">www.m-rast.at\/impressum.html<\/a> Zwyci\u0119zcy zostan\u0105 powiadomieni pisemnie. Bior\u0105c udzia\u0142 w konkursie, u\u017cytkownik wyra\u017ca zgod\u0119 na przetwarzanie i wykorzystywanie swoich danych do cel\u00f3w reklamowych i marketingowych. Okres przechowywania danych (patrz: Okres przechowywania danych). Dane u\u017cytkownika zostan\u0105 odpowiednio wprowadzone do naszej firmowej bazy danych, a wype\u0142nione karty uczestnictwa zostan\u0105 zarchiwizowane.          <\/p>\n<p>Kategorie danych i pochodzenie danych: Przetwarzamy nast\u0119puj\u0105ce kategorie danych zebranych od u\u017cytkownika: G\u0142\u00f3wne dane osobowe, dane komunikacyjne (e-mail, adres, numer telefonu), numer VAT, dane umowne, informacje o p\u0142atno\u015bciach. Odpowiednie umowy z administratorem danych maj\u0105 zastosowanie jako podmioty przetwarzaj\u0105ce dane kontraktowe. <\/p>\n<p>Przekazywanie danych: W ramach realizacji umowy b\u0119dziemy przekazywa\u0107 dane u\u017cytkownika naszej firmie doradztwa podatkowego oraz nast\u0119puj\u0105cym kategoriom odbiorc\u00f3w, je\u015bli b\u0119dzie to konieczne do realizacji umowy: dostawcom, firmom spedycyjnym i logistycznym, audytorom, firmom windykacyjnym, s\u0105dom, urz\u0119dom skarbowym, prawnikom, zak\u0142adom ubezpiecze\u0144 spo\u0142ecznych, a w szczeg\u00f3lno\u015bci w celu utworzenia i obs\u0142ugi naszych kart klienta M-Rast.<\/p>\n<p>Prawa osoby, kt\u00f3rej dane dotycz\u0105: Je\u015bli spe\u0142nione s\u0105 wymogi prawne, u\u017cytkownik ma nast\u0119puj\u0105ce prawa na mocy art. 15-22 RODO: prawo dost\u0119pu, sprostowania, usuni\u0119cia, ograniczenia przetwarzania i przenoszenia danych. U\u017cytkownik ma r\u00f3wnie\u017c prawo do wniesienia sprzeciwu wobec przetwarzania na podstawie art. 6 (1) (f) RODO zgodnie z art. 14 (2) (c) w zwi\u0105zku z art. 21 RODO. Je\u015bli u\u017cytkownik uwa\u017ca, \u017ce przetwarzanie jego danych narusza przepisy o ochronie danych lub jego roszczenia dotycz\u0105ce ochrony danych zosta\u0142y w jakikolwiek spos\u00f3b naruszone, mo\u017ce z\u0142o\u017cy\u0107 skarg\u0119 do organu nadzorczego. W Austrii jest to organ ochrony danych.     <\/p>\n<p>Twoje prawa: Jako u\u017cytkownik \/ osoba, kt\u00f3rej dane dotycz\u0105, masz nast\u0119puj\u0105ce prawa przez ca\u0142y czas zgodnie z obowi\u0105zuj\u0105cymi ustawowymi przepisami o ochronie danych [RODO; DSG 2018]: Prawo do informacji (art. 15 RODO) Masz prawo do informacji o przechowywanych danych na Tw\u00f3j temat, ich pochodzeniu i odbiorcach oraz celu przetwarzania danych.<\/p>\n<p>U\u017cytkownik otrzyma informacje o przechowywanych danych na \u017c\u0105danie, wysy\u0142aj\u0105c do nas wiadomo\u015b\u0107 e-mail. Prawo do sprostowania (art. 16 RODO) U\u017cytkownik ma prawo do sprostowania przechowywanych danych na jego temat w dowolnym momencie.<\/p>\n<p>W celu poprawienia danych nale\u017cy skontaktowa\u0107 si\u0119 z nami za po\u015brednictwem poczty elektronicznej. Prawo do usuni\u0119cia (&#8220;bycia zapomnianym&#8221;) (art. 17 RODO) U\u017cytkownik ma prawo do usuni\u0119cia przechowywanych na jego temat danych w dowolnym momencie.<\/p>\n<p>Aby usun\u0105\u0107 swoje dane, nale\u017cy skontaktowa\u0107 si\u0119 z nami za po\u015brednictwem poczty elektronicznej. Prawo do ograniczenia przetwarzania (art. 18 RODO) U\u017cytkownik ma prawo do ograniczenia przetwarzania swoich danych osobowych przechowywanych przez nas w dowolnym momencie.<\/p>\n<p>Aby ograniczy\u0107 przetwarzanie swoich danych, nale\u017cy skontaktowa\u0107 si\u0119 z nami za po\u015brednictwem poczty elektronicznej. Prawo do przenoszenia danych (art. 20 RODO) U\u017cytkownik ma prawo w dowolnym momencie otrzyma\u0107 dotycz\u0105ce go dane osobowe w ustrukturyzowanym, powszechnie u\u017cywanym formacie nadaj\u0105cym si\u0119 do odczytu maszynowego oraz ma prawo przes\u0142a\u0107 te dane innemu administratorowi bez przeszk\u00f3d.<\/p>\n<p>Prosimy o kontakt mailowy w sprawie prawa do przenoszenia danych. Prawo do sprzeciwu (art. 21 RODO) U\u017cytkownik ma prawo w dowolnym momencie sprzeciwi\u0107 si\u0119 wykorzystywaniu jego danych osobowych.<br \/>Aby skorzysta\u0107 z prawa do sprzeciwu wobec wykorzystywania danych, nale\u017cy skontaktowa\u0107 si\u0119 z nami za po\u015brednictwem poczty elektronicznej. Odwo\u0142anie zgody Prawa u\u017cytkownika s\u0105 dla nas wa\u017cne. U\u017cytkownik ma prawo do informacji, korekty lub usuni\u0119cia przechowywanych danych w dowolnym momencie. Zgod\u0119 na wykorzystywanie danych mo\u017cna odwo\u0142a\u0107 w dowolnym momencie, wysy\u0142aj\u0105c do nas wiadomo\u015b\u0107 e-mail.        <\/p>\n<p>Analiza internetowa \/ pliki cookie: Nasza strona internetowa korzysta z funkcji us\u0142ugi analizy internetowej Google Analytics. W tym celu wykorzystywane s\u0105 pliki cookie, kt\u00f3re umo\u017cliwiaj\u0105 analiz\u0119 korzystania z witryny przez u\u017cytkownika.<\/p>\n<p>Wygenerowane w ten spos\u00f3b informacje s\u0105 przesy\u0142ane na serwer dostawcy i tam przechowywane. Mo\u017cesz temu zapobiec, ustawiaj\u0105c przegl\u0105dark\u0119 tak, aby pliki cookie nie by\u0142y przechowywane. Zawarli\u015bmy odpowiedni\u0105 umow\u0119 z dostawc\u0105 na zlecone przetwarzanie danych. Tw\u00f3j adres IP jest rejestrowany, ale natychmiast pseudonimizowany.<\/p>\n<p>Oznacza to, \u017ce mo\u017cliwa jest jedynie przybli\u017cona lokalizacja. Przetwarzanie danych odbywa si\u0119 na podstawie przepis\u00f3w prawnych \u00a7 96 ust. 3 TKG oraz art. 6 ust. 1 lit. a (zgoda) i\/lub f (uzasadniony interes) RODO. Naszym celem w rozumieniu RODO (uzasadniony interes) jest poprawa naszej oferty i naszej strony internetowej. Poniewa\u017c prywatno\u015b\u0107 naszych u\u017cytkownik\u00f3w jest dla nas wa\u017cna, dane u\u017cytkownik\u00f3w s\u0105 pseudonimizowane.    <\/p>\n<p>Wykorzystanie danych do cel\u00f3w reklamowych: Spersonalizowana reklama: U\u017cytkownik niniejszym wyra\u017anie zgadza si\u0119, \u017ce dane przekazane M-Rastst\u00e4tte Betriebs GmbH mog\u0105 by\u0107 wykorzystywane do autopromocji ukierunkowanej na grup\u0119 docelow\u0105 oraz, w razie potrzeby, autopromocji przez firmy partnerskie, w ramach kt\u00f3rej u\u017cytkownik b\u0119dzie otrzymywa\u0107 reklamy lub, na \u017c\u0105danie i zam\u00f3wienie z wyprzedzeniem, biuletyny poczt\u0105 elektroniczn\u0105 lub na swoje konto u\u017cytkownika.<\/p>\n<p>Mo\u017cna si\u0119 z nami skontaktowa\u0107 pod nast\u0119puj\u0105cymi danymi kontaktowymi lub danymi osoby odpowiedzialnej: M-Rastst\u00e4tte Betriebs GmbH A-8740 Zeltweg, Hauptstra\u00dfe 242, Austria Telefon: +43 3577\/24 888, Faks: +43 3577\/24 888-705 Fritz Mayer<\/p>\n<p>Wtyczki i wid\u017cety do medi\u00f3w spo\u0142eczno\u015bciowych: Na platformie integrujemy wtyczki do Facebooka, Twittera, Pinteresta i innych medi\u00f3w spo\u0142eczno\u015bciowych. Je\u015bli u\u017cytkownik kliknie przycisk &#8220;Lubi\u0119 to&#8221; na Facebooku, zastosowanie maj\u0105 przepisy o ochronie danych Facebooka.<\/p>\n<p>Je\u015bli u\u017cytkownik jest jednocze\u015bnie zalogowany na Facebooku i platformie, Facebook po\u0142\u0105czy korzystanie z us\u0142ug z kontem u\u017cytkownika na Facebooku. Platforma integruje wtyczki medi\u00f3w spo\u0142eczno\u015bciowych, takie jak a) Facebook, 1601 South California Avenue, Palo Alto, CA 94304, USA; b) Instagram, LLC, 1601 1601 Willow Rd.<\/p>\n<p>Menlo Park, CA 94025; c) Twitter, 1355 Market Street, Suite 900, San Francisco, CA 94103, USA; lub d) Pinterest, 808 Brannan Street, San Francisco, CA 94103, USA. Wtyczki te mog\u0105 gromadzi\u0107 adres IP u\u017cytkownika i stron\u0119, do kt\u00f3rej u\u017cytkownik uzyska\u0142 dost\u0119p na platformie oraz mog\u0105 ustawia\u0107 plik cookie, aby funkcja dzia\u0142a\u0142a prawid\u0142owo. Wtyczki i wid\u017cety medi\u00f3w spo\u0142eczno\u015bciowych s\u0105 hostowane przez strony trzecie lub bezpo\u015brednio na naszych stronach internetowych. Interakcja u\u017cytkownika z tymi funkcjami podlega polityce prywatno\u015bci firmy udost\u0119pniaj\u0105cej dan\u0105 funkcj\u0119.<br \/>Nie ponosimy odpowiedzialno\u015bci za polityki i praktyki dotycz\u0105ce gromadzenia, wykorzystywania, ujawniania, w tym praktyk bezpiecze\u0144stwa danych innych firm, takich jak Facebook, Twitter, Pinterest i inne. U\u017cytkownicy mog\u0105 rozpozna\u0107 wtyczki Facebooka, na przyk\u0142ad po logo Facebooka lub dodatku &#8220;Facebook Social Plugin&#8221; lub &#8220;Like-Button&#8221; na platformie.<br \/>Przegl\u0105d wtyczek Facebooka mo\u017cna znale\u017a\u0107 na nast\u0119puj\u0105cej stronie: <a href=\"http:\/\/developers.facebook.com\/docs\/plugins\/\">http:\/\/developers.facebook.com\/docs\/plugins\/<\/a>. Korzystaj\u0105c z wtyczki, na przyk\u0142ad klikaj\u0105c przycisk &#8220;Lubi\u0119 to&#8221; lub wprowadzaj\u0105c komentarz, gdy u\u017cytkownik jest zalogowany na swoje konto na Facebooku, u\u017cytkownik \u0142\u0105czy zawarto\u015b\u0107 platformy ze swoim profilem na Facebooku. W ten spos\u00f3b Facebook mo\u017ce powi\u0105za\u0107 wizyt\u0119 na platformie z kontem danego u\u017cytkownika. Nie znamy tre\u015bci przesy\u0142anych danych ani sposobu, w jaki Facebook wykorzystuje takie dane.<\/p>\n<p>Wi\u0119cej informacji na ten temat mo\u017cna znale\u017a\u0107 na nast\u0119puj\u0105cej stronie: <a href=\"http:\/\/www.facebook.com\/about\/privacy\/\">http:\/\/www.facebook.com\/about\/privacy\/<\/a>. Je\u015bli u\u017cytkownik chce uniemo\u017cliwi\u0107 Facebookowi powi\u0105zanie jego wizyt i dzia\u0142a\u0144 na platformie z jego kontem na Facebooku, musi wylogowa\u0107 si\u0119 ze swojego konta na Facebooku. Korzystanie z us\u0142ugi Facebook Custom Audiences Opis i zakres przetwarzania danych Ta strona internetowa korzysta r\u00f3wnie\u017c z us\u0142ugi &#8220;Custom Audiences from customer lists&#8221; firmy Facebook Inc. za zgod\u0105 u\u017cytkownika,<br \/>1 Hacker Way, Menlo Park, California 94025, USA. Z ich pomoc\u0105 Facebook mo\u017ce kierowa\u0107 nasze reklamy do subskrybent\u00f3w newslettera zarejestrowanych na Facebooku. Umo\u017cliwia nam to kierowanie reklam do os\u00f3b, kt\u00f3re ju\u017c wyrazi\u0142y zainteresowanie naszymi produktami lub nasz\u0105 firm\u0105. Dane te s\u0105 hashowane i przesy\u0142ane do Facebooka w postaci zaszyfrowanej. Facebook por\u00f3wnuje warto\u015bci skr\u00f3tu listy klient\u00f3w z warto\u015bciami skr\u00f3tu w\u0142asnych danych u\u017cytkownik\u00f3w, kt\u00f3re ju\u017c znajduj\u0105 si\u0119 w magazynie. Nast\u0119pnie Facebook sprawdza pasuj\u0105ce dane, aby sprawdzi\u0107, czy kto\u015b jeszcze nie polubi\u0142 naszej strony na Facebooku i dostarcza nasze reklamy tym u\u017cytkownikom Facebooka.               Wi\u0119cej informacji na temat gromadzenia i wykorzystywania danych, celu i zakresu gromadzenia danych oraz dalszego przetwarzania i wykorzystywania danych przez Facebook, a tak\u017ce opcji ustawie\u0144 w celu ochrony prywatno\u015bci i praw u\u017cytkownika mo\u017cna znale\u017a\u0107 w polityce prywatno\u015bci Facebooka, kt\u00f3r\u0105 mo\u017cna znale\u017a\u0107 mi\u0119dzy innymi na stronach <a href=\"https:\/\/www.facebook.com\/ads\/website_custom_audiences\">https:\/\/www.facebook.com\/ads\/website_custom_audiences<\/a> i <a href=\"https:\/\/www.facebook.com\/privacy\/explanation\">https:\/\/www.facebook.com\/privacy\/explanation<\/a>.<\/p>\n<p>Podstaw\u0105 prawn\u0105 przetwarzania danych jest nasz uzasadniony interes w rozumieniu art. 6 (1) (f) RODO.<\/p>\n<p>Cel przetwarzania danych Dane te s\u0105 przetwarzane w celach reklamowych naszej firmy oraz w celu zwi\u0119kszenia wydajno\u015bci naszej strony internetowej.<br \/>Przesy\u0142anie danych<br \/>Te dane osobowe s\u0105 przekazywane nast\u0119puj\u0105cym odbiorcom w wy\u017cej wymienionych celach:<br \/>Facebook Inc, 1 Hacker Way, Menlo Park, Kalifornia 94025, USA Dostawca us\u0142ugi Facebook Custom Audiences<br \/>Transfer danych do USA<br \/>Za zgod\u0105 u\u017cytkownika korzystamy z us\u0142ugi Facebook Custom Audiences firmy Facebook Inc, 1 Hacker Way, Menlo Park, California 94025, USA w celu wy\u015bwietlania reklam na Facebooku. Dane u\u017cytkownika zostan\u0105 przes\u0142ane do Facebook Inc. w USA. Facebook Inc. jest sp\u00f3\u0142k\u0105, kt\u00f3ra zosta\u0142a wpisana na list\u0119 Tarczy Prywatno\u015bci zgodnie z Tarcz\u0105 Prywatno\u015bci. Tarcza Prywatno\u015bci UE-USA zosta\u0142a przyj\u0119ta przez Komisj\u0119 Europejsk\u0105 w drodze decyzji stwierdzaj\u0105cej odpowiedni stopie\u0144 ochrony C(2016) 4176 final z dnia 12 lipca 2016 r. W zwi\u0105zku z tym Facebook Inc. zapewnia odpowiednie zabezpieczenia w zakresie przekazywania danych do USA. Wi\u0119cej informacji mo\u017cna znale\u017a\u0107 na oficjalnej stronie Tarczy Prywatno\u015bci  <a href=\"https:\/\/www.privacyshield.gov\/\">https:\/\/www.privacyshield.gov<\/a>  wzi\u0105\u0107.<\/p>\n<p>Czas przechowywania Dane s\u0105 usuwane, gdy tylko przestan\u0105 by\u0107 potrzebne do realizacji celu, dla kt\u00f3rego zosta\u0142y zgromadzone.<\/p>\n<p>Bezpiecze\u0144stwo Chronimy dane u\u017cytkownika za pomoc\u0105 technicznych i organizacyjnych \u015brodk\u00f3w bezpiecze\u0144stwa, aby zapobiec przypadkowej lub celowej manipulacji, utracie, zniszczeniu lub dost\u0119powi os\u00f3b nieupowa\u017cnionych. Nasze \u015brodki bezpiecze\u0144stwa, takie jak szyfrowanie danych, s\u0105 regularnie ulepszane zgodnie z rozwojem technologicznym. <\/p>\n<p>Zastrze\u017cenie: Aby sprosta\u0107 ci\u0105g\u0142emu rozwojowi Internetu, mo\u017cemy w dowolnym momencie dostosowa\u0107 niniejsze o\u015bwiadczenie o ochronie danych zgodnie z przepisami o ochronie danych.<\/p>\n<p>Prawo do wniesienia skargi do organu nadzorczego: Zgodnie z art. 77 RODO u\u017cytkownik ma prawo do wniesienia skargi do organu nadzorczego, je\u015bli uwa\u017ca, \u017ce jego dane osobowe s\u0105 przetwarzane niezgodnie z prawem.<br \/>Adres organu nadzorczego odpowiedzialnego za nasz\u0105 firm\u0119 to: Austriacki Urz\u0105d Ochrony Danych Wickenburggasse 8, 1080 Wiede\u0144 <\/p>\n\t\t\t\t\t\t\t\t<\/div>\n\t\t\t\t<\/div>\n\t\t\t\t\t<\/div>\n\t\t\t\t<\/div>\n\t\t\t\t<\/div>\n\t\t","protected":false},"excerpt":{"rendered":"<p>Cieszymy si\u0119, \u017ce odwiedzasz nasz\u0105 stron\u0119 internetow\u0105 i dzi\u0119kujemy za zainteresowanie! Ochrona Twojej prywatno\u015bci podczas korzystania z naszej strony internetowej jest dla nas wa\u017cna, dlatego prosimy o zapoznanie si\u0119 z poni\u017cszymi informacjami na temat sposobu, w jaki przetwarzamy Twoje dane. Poniewa\u017c przywi\u0105zujemy du\u017c\u0105 wag\u0119 do ochrony danych, podczas gromadzenia, przetwarzania i wykorzystywania danych \u015bci\u015ble przestrzegamy [&hellip;]<\/p>\n","protected":false},"author":1,"featured_media":0,"parent":0,"menu_order":0,"comment_status":"closed","ping_status":"closed","template":"","meta":{"_acf_changed":false,"_eb_attr":"","footnotes":""},"class_list":["post-2901","page","type-page","status-publish","hentry"],"acf":[],"_links":{"self":[{"href":"https:\/\/www.m-rast.at\/pl\/wp-json\/wp\/v2\/pages\/2901","targetHints":{"allow":["GET"]}}],"collection":[{"href":"https:\/\/www.m-rast.at\/pl\/wp-json\/wp\/v2\/pages"}],"about":[{"href":"https:\/\/www.m-rast.at\/pl\/wp-json\/wp\/v2\/types\/page"}],"author":[{"embeddable":true,"href":"https:\/\/www.m-rast.at\/pl\/wp-json\/wp\/v2\/users\/1"}],"replies":[{"embeddable":true,"href":"https:\/\/www.m-rast.at\/pl\/wp-json\/wp\/v2\/comments?post=2901"}],"version-history":[{"count":0,"href":"https:\/\/www.m-rast.at\/pl\/wp-json\/wp\/v2\/pages\/2901\/revisions"}],"wp:attachment":[{"href":"https:\/\/www.m-rast.at\/pl\/wp-json\/wp\/v2\/media?parent=2901"}],"curies":[{"name":"wp","href":"https:\/\/api.w.org\/{rel}","templated":true}]}}