{"id":2882,"date":"2024-10-12T12:07:11","date_gmt":"2024-10-12T11:07:11","guid":{"rendered":"https:\/\/mrast.nexit.at\/faq\/"},"modified":"2024-11-05T13:21:13","modified_gmt":"2024-11-05T12:21:13","slug":"faq","status":"publish","type":"page","link":"https:\/\/www.m-rast.at\/pl\/faq\/","title":{"rendered":"FAQ"},"content":{"rendered":"\t\t<div data-elementor-type=\"wp-page\" data-elementor-id=\"2882\" class=\"elementor elementor-2882 elementor-1346\" data-elementor-post-type=\"page\">\n\t\t\t\t<div class=\"elementor-element elementor-element-d475523 e-con-full e-flex e-con e-parent\" data-id=\"d475523\" data-element_type=\"container\" data-e-type=\"container\" data-settings=\"{&quot;background_background&quot;:&quot;classic&quot;}\">\n\t\t\t\t<div class=\"elementor-element elementor-element-7cea816 elementor-widget elementor-widget-slider_revolution\" data-id=\"7cea816\" data-element_type=\"widget\" data-e-type=\"widget\" data-widget_type=\"slider_revolution.default\">\n\t\t\t\t<div class=\"elementor-widget-container\">\n\t\t\t\t\t\n\t\t<div class=\"wp-block-themepunch-revslider\">\n\t\t\t\t<p class=\"rs-p-wp-fix\"><\/p>\n\t\t\t\t<sr7-module data-alias=\"rabattkarte-11\" data-id=\"26\" id=\"SR7_26_1\" class=\"rs-ov-hidden\" data-version=\"6.7.25\">\n\t\t\t\t\t<sr7-adjuster><\/sr7-adjuster>\n\t\t\t\t\t<sr7-content>\n\t\t\t\t\t\t<sr7-slide id=\"SR7_26_1-116\" data-key=\"116\">\n\t\t\t\t\t\t\t<sr7-bg id=\"SR7_26_1-116-1\" class=\"sr7-layer\"><noscript><img decoding=\"async\" src=\"https:\/\/www.m-rast.at\/wp-content\/uploads\/2024\/10\/FAQ_1.jpg\" alt=\"\" title=\"FAQ_1\"><\/noscript><\/sr7-bg>\n\t\t\t\t\t\t\t<sr7-txt id=\"SR7_26_1-116-0\" class=\"sr7-layer\">FAQ<\/sr7-txt>\n\t\t\t\t\t\t<\/sr7-slide>\n\t\t\t\t\t\t<sr7-slide id=\"SR7_26_1-118\" data-key=\"118\">\n\t\t\t\t\t\t<\/sr7-slide>\n\t\t\t\t\t<\/sr7-content>\n\t\t\t\t\t<image_lists style=\"display:none\">\n\t\t\t\t\t\t<img data-src=\"\/\/www.m-rast.at\/wp-content\/uploads\/2024\/10\/FAQ_1.jpg\" data-libid=\"2442\" data-lib=\"medialibrary\" title=\"FAQ_1\" width=\"0\" height=\"0\" data-dbsrc=\"Ly93d3cubS1yYXN0LmF0L3dwLWNvbnRlbnQvdXBsb2Fkcy8yMDI0LzEwL0ZBUV8xLmpwZw==\"\/>\n\t\t\t\t\t<\/image_lists>\n\t\t\t\t<\/sr7-module>\n\t\t\t\t<script>\n\t\t\t\t\tSR7.PMH ??={}; SR7.PMH[\"SR7_26_1\"] = {cn:100,state:false,fn: function() { if (_tpt!==undefined && _tpt.prepareModuleHeight !== undefined) {  _tpt.prepareModuleHeight({id:\"SR7_26_1\",el:[380,380,355,150,150],type:'standard',shdw:'0',gh:[380,380,380,180,180],gw:[1240,1240,1024,778,480],vpt:['100px&#039;,&#039;100px&#039;,&#039;100px&#039;,&#039;100px&#039;,&#039;100px'],size:{fullWidth:true, fullHeight:false},mh:'0',onh:0,onw:0,bg:{color:'{\"orig\":\"transparent\",\"type\":\"solid\",\"string\":\"transparent\"}'}});   SR7.PMH[\"SR7_26_1\"].state=true;} else if(SR7.PMH[\"SR7_26_1\"].cn-->0)\tsetTimeout( SR7.PMH[\"SR7_26_1\"].fn,19);}};SR7.PMH[\"SR7_26_1\" ].fn();\n\t\t\t\t<\/script>\n<\/div>\n\n\t\t\t\t\t\t<\/div>\n\t\t\t\t<\/div>\n\t\t\t\t<\/div>\n\t\t<div class=\"elementor-element elementor-element-9f85127 e-flex e-con-boxed e-con e-parent\" data-id=\"9f85127\" data-element_type=\"container\" data-e-type=\"container\" data-settings=\"{&quot;background_background&quot;:&quot;classic&quot;}\">\n\t\t\t\t\t<div class=\"e-con-inner\">\n\t\t<div class=\"elementor-element elementor-element-39809f9 e-con-full e-flex e-con e-child\" data-id=\"39809f9\" data-element_type=\"container\" data-e-type=\"container\" data-settings=\"{&quot;background_background&quot;:&quot;classic&quot;}\">\n\t\t<div class=\"elementor-element elementor-element-b976bca e-con-full e-flex e-con e-child\" data-id=\"b976bca\" data-element_type=\"container\" data-e-type=\"container\">\n\t\t\t\t<div class=\"elementor-element elementor-element-7390ed6 elementor-widget elementor-widget-text-editor\" data-id=\"7390ed6\" data-element_type=\"widget\" data-e-type=\"widget\" data-widget_type=\"text-editor.default\">\n\t\t\t\t<div class=\"elementor-widget-container\">\n\t\t\t\t\t\t\t\t\t<p><strong>Od kiedy do kiedy serwowane jest \u015bniadanie?<\/strong><\/p>\n<p>Od 5:00 do 11:00<\/p>\n<p><strong>Kiedy b\u0119dzie dost\u0119pne menu og\u00f3lne?<\/strong><\/p>\n<p>Od 11:00 do 21:00<\/p>\n<p><strong>Czy mo\u017cna zarezerwowa\u0107 stolik?<\/strong><\/p>\n<p>Tak, pod numerem 03577 24 888 622, z wyj\u0105tkiem dni powszednich w godzinach od 12:00 do 13:30.<\/p>\n<p><strong>Czy psy mog\u0105 przebywa\u0107 w pubie?<\/strong><\/p>\n<p>Nie, zgodnie z przepisami dotycz\u0105cymi higieny z przykro\u015bci\u0105 informujemy, \u017ce zwierz\u0119ta nie mog\u0105 przebywa\u0107 w naszym sklepie ani restauracji. Istnieje jednak mo\u017cliwo\u015b\u0107 zabrania czworono\u017cnych przyjaci\u00f3\u0142 na taras. <\/p>\n<p><strong>Jeste\u015bmy grup\u0105 podr\u00f3\u017cuj\u0105c\u0105 i chcieliby\u015bmy dokona\u0107 rezerwacji. Czy jest to mo\u017cliwe? <\/strong><\/p>\n<p>Aby poradzi\u0107 sobie z codzienn\u0105 dzia\u0142alno\u015bci\u0105, nie jest mo\u017cliwe dokonywanie rezerwacji dla wi\u0119kszych grup. Jednak do tej pory uda\u0142o nam si\u0119 zapewni\u0107 ka\u017cdemu miejsce siedz\u0105ce. (;  <\/p>\n<p><strong>Czy mog\u0119 zam\u00f3wi\u0107 jedzenie na wynos?<\/strong><\/p>\n<p>Zadzwo\u0144 pod numer 03577 24 888 622! Przynie\u015b w\u0142asne opakowanie lub zle\u0107 nam jego zapakowanie. <\/p>\n<p><strong>Czy mo\u017cna p\u0142aci\u0107 kart\u0105?<\/strong><\/p>\n<p>Oczywi\u015bcie! Akceptujemy wszystkie popularne metody p\u0142atno\u015bci. <\/p>\n<p><strong>Gdzie mog\u0119 zrealizowa\u0107 kupon?<\/strong><\/p>\n<p>W sklepie i w restauracji. Mo\u017cna nim r\u00f3wnie\u017c p\u0142aci\u0107 za wszystko! <\/p>\n<p><strong>Czy masz bankomat?<\/strong><\/p>\n<p>Tak, zaraz po lewej stronie od wej\u015bcia do sklepu.<\/p>\n<p><strong>Czy mog\u0119 zam\u00f3wi\u0107 ciastka w przedsprzeda\u017cy?<\/strong><\/p>\n<p>O ka\u017cdej porze dnia i nocy pod numerem 03577 24 888.<\/p>\n<p><strong>Czy mog\u0119 zaparkowa\u0107 ci\u0119\u017car\u00f3wk\u0119 i zje\u015b\u0107 w restauracji?<\/strong><\/p>\n<p>Tak, oczywi\u015bcie! Ponadto parking jest bezp\u0142atny przy konsumpcji dowolnego rodzaju. <\/p>\n<p><strong>Czy mog\u0119 opr\u00f3\u017cni\u0107 zbiorniki w kamperze?<\/strong><\/p>\n<p>Nie, niestety nie jest to mo\u017cliwe.<\/p>\n<p><strong>Jak zatankowa\u0107 AdBlue?<\/strong><\/p>\n<p>Przy dystrybutorze paliwa dla ci\u0119\u017car\u00f3wek nale\u017cy najpierw aktywowa\u0107 \u017c\u0105dany numer w sklepie, a nast\u0119pnie wygodnie zap\u0142aci\u0107 kart\u0105 lub got\u00f3wk\u0105 w kasie.<\/p>\n<p><strong>Czy mog\u0119 na\u0142adowa\u0107 m\u00f3j samoch\u00f3d elektryczny?  <\/strong><\/p>\n<p>Tak, dzi\u0119ki naszym 8 \u0142adowarkom Tesla Superchargers.<\/p>\n\t\t\t\t\t\t\t\t<\/div>\n\t\t\t\t<\/div>\n\t\t\t\t<\/div>\n\t\t\t\t<\/div>\n\t\t\t\t\t<\/div>\n\t\t\t\t<\/div>\n\t\t<div class=\"elementor-element elementor-element-475a9b42 e-flex e-con-boxed e-con e-parent\" data-id=\"475a9b42\" data-element_type=\"container\" data-e-type=\"container\" data-settings=\"{&quot;background_background&quot;:&quot;classic&quot;}\">\n\t\t\t\t\t<div class=\"e-con-inner\">\n\t\t<div class=\"elementor-element elementor-element-6063cc9 e-flex e-con-boxed e-con e-child\" data-id=\"6063cc9\" data-element_type=\"container\" data-e-type=\"container\">\n\t\t\t\t\t<div class=\"e-con-inner\">\n\t\t<a class=\"elementor-element elementor-element-57e38459 e-con-full e-flex e-con e-child\" data-id=\"57e38459\" data-element_type=\"container\" data-e-type=\"container\" data-settings=\"{&quot;background_background&quot;:&quot;classic&quot;}\" href=\"\/pl\/restauracja\/\">\n\t\t\t\t<div data-ra-url=\"https:\/\/www.m-rast.at\/restaurant\/\" data-ra-target=\"_self\" class=\"ra-clickable-wrapper elementor-element elementor-element-1b25f5ca elementor-widget elementor-widget-image\" style=\"cursor:pointer;\" data-id=\"1b25f5ca\" data-element_type=\"widget\" data-e-type=\"widget\" data-widget_type=\"image.default\">\n\t\t\t\t<div class=\"elementor-widget-container\">\n\t\t\t\t\t\t\t\t\t\t\t\t\t\t\t<img decoding=\"async\" width=\"175\" height=\"214\" src=\"https:\/\/www.m-rast.at\/wp-content\/uploads\/2024\/09\/Restaurant-1.png\" class=\"attachment-medium size-medium wp-image-2755\" alt=\"\" \/>\t\t\t\t\t\t\t\t\t\t\t\t\t\t\t<\/div>\n\t\t\t\t<\/div>\n\t\t\t\t<\/a>\n\t\t<a class=\"elementor-element elementor-element-53fe6a80 e-con-full e-flex e-con e-child\" data-id=\"53fe6a80\" data-element_type=\"container\" data-e-type=\"container\" data-settings=\"{&quot;background_background&quot;:&quot;classic&quot;}\" href=\"\/pl\/spar-market\/\">\n\t\t\t\t<div class=\"elementor-element elementor-element-6b68ed1d elementor-widget elementor-widget-image\" data-id=\"6b68ed1d\" data-element_type=\"widget\" data-e-type=\"widget\" data-widget_type=\"image.default\">\n\t\t\t\t<div class=\"elementor-widget-container\">\n\t\t\t\t\t\t\t\t\t\t\t\t\t\t\t<img decoding=\"async\" width=\"175\" height=\"167\" src=\"https:\/\/www.m-rast.at\/wp-content\/uploads\/2024\/09\/Supermarkt-1.png\" class=\"attachment-medium size-medium wp-image-2754\" alt=\"\" \/>\t\t\t\t\t\t\t\t\t\t\t\t\t\t\t<\/div>\n\t\t\t\t<\/div>\n\t\t\t\t<\/a>\n\t\t<a class=\"elementor-element elementor-element-2915bfc e-con-full e-flex e-con e-child\" data-id=\"2915bfc\" data-element_type=\"container\" data-e-type=\"container\" data-settings=\"{&quot;background_background&quot;:&quot;classic&quot;}\" href=\"https:\/\/www.m-rast.at\/pl\/tankowanie-i-ladowanie\/\">\n\t\t\t\t<div class=\"elementor-element elementor-element-4e35a4ac elementor-widget elementor-widget-image\" data-id=\"4e35a4ac\" data-element_type=\"widget\" data-e-type=\"widget\" data-widget_type=\"image.default\">\n\t\t\t\t<div class=\"elementor-widget-container\">\n\t\t\t\t\t\t\t\t\t\t\t\t\t\t\t<img loading=\"lazy\" decoding=\"async\" width=\"175\" height=\"214\" src=\"https:\/\/www.m-rast.at\/wp-content\/uploads\/2024\/09\/Tanken-1.png\" class=\"attachment-medium size-medium wp-image-2753\" alt=\"\" \/>\t\t\t\t\t\t\t\t\t\t\t\t\t\t\t<\/div>\n\t\t\t\t<\/div>\n\t\t\t\t<\/a>\n\t\t<a class=\"elementor-element elementor-element-37f008c e-con-full e-flex e-con e-child\" data-id=\"37f008c\" data-element_type=\"container\" data-e-type=\"container\" data-settings=\"{&quot;background_background&quot;:&quot;classic&quot;}\" href=\"\/pl\/pielegnacja-samochodu\/\">\n\t\t\t\t<div class=\"elementor-element elementor-element-210955b6 elementor-widget elementor-widget-image\" data-id=\"210955b6\" data-element_type=\"widget\" data-e-type=\"widget\" data-widget_type=\"image.default\">\n\t\t\t\t<div class=\"elementor-widget-container\">\n\t\t\t\t\t\t\t\t\t\t\t\t\t\t\t<img loading=\"lazy\" decoding=\"async\" width=\"175\" height=\"136\" src=\"https:\/\/www.m-rast.at\/wp-content\/uploads\/2024\/09\/PKWWaschen.png\" class=\"attachment-medium size-medium wp-image-2756\" alt=\"\" \/>\t\t\t\t\t\t\t\t\t\t\t\t\t\t\t<\/div>\n\t\t\t\t<\/div>\n\t\t\t\t<\/a>\n\t\t<a class=\"elementor-element elementor-element-2d5d523b e-con-full e-flex e-con e-child\" data-id=\"2d5d523b\" data-element_type=\"container\" data-e-type=\"container\" data-settings=\"{&quot;background_background&quot;:&quot;classic&quot;}\" href=\"\/pl\/konserwacja-i-parkowanie-ciezarowek\/\">\n\t\t\t\t<div class=\"elementor-element elementor-element-4e300d2e elementor-widget elementor-widget-image\" data-id=\"4e300d2e\" data-element_type=\"widget\" data-e-type=\"widget\" data-widget_type=\"image.default\">\n\t\t\t\t<div class=\"elementor-widget-container\">\n\t\t\t\t\t\t\t\t\t\t\t\t\t\t\t<img loading=\"lazy\" decoding=\"async\" width=\"300\" height=\"153\" src=\"https:\/\/www.m-rast.at\/wp-content\/uploads\/2024\/11\/LKW-300x153.png\" class=\"attachment-medium size-medium wp-image-2904\" alt=\"\" srcset=\"https:\/\/www.m-rast.at\/wp-content\/uploads\/2024\/11\/LKW-300x153.png 300w, https:\/\/www.m-rast.at\/wp-content\/uploads\/2024\/11\/LKW-768x392.png 768w, https:\/\/www.m-rast.at\/wp-content\/uploads\/2024\/11\/LKW.png 933w\" sizes=\"(max-width: 300px) 100vw, 300px\" \/>\t\t\t\t\t\t\t\t\t\t\t\t\t\t\t<\/div>\n\t\t\t\t<\/div>\n\t\t\t\t<\/a>\n\t\t<a class=\"elementor-element elementor-element-3e9d6202 e-con-full e-flex e-con e-child\" data-id=\"3e9d6202\" data-element_type=\"container\" data-e-type=\"container\" data-settings=\"{&quot;background_background&quot;:&quot;classic&quot;}\" href=\"\/pl\/karta-rabatowa\/\">\n\t\t\t\t<div class=\"elementor-element elementor-element-2c1abbc elementor-widget elementor-widget-image\" data-id=\"2c1abbc\" data-element_type=\"widget\" data-e-type=\"widget\" data-widget_type=\"image.default\">\n\t\t\t\t<div class=\"elementor-widget-container\">\n\t\t\t\t\t\t\t\t\t\t\t\t\t\t\t<img loading=\"lazy\" decoding=\"async\" width=\"300\" height=\"254\" src=\"https:\/\/www.m-rast.at\/wp-content\/uploads\/2024\/11\/Rabattkarte-300x254.png\" class=\"attachment-medium size-medium wp-image-2549\" alt=\"\" srcset=\"https:\/\/www.m-rast.at\/wp-content\/uploads\/2024\/11\/Rabattkarte-300x254.png 300w, https:\/\/www.m-rast.at\/wp-content\/uploads\/2024\/11\/Rabattkarte-768x650.png 768w, https:\/\/www.m-rast.at\/wp-content\/uploads\/2024\/11\/Rabattkarte.png 934w\" sizes=\"(max-width: 300px) 100vw, 300px\" \/>\t\t\t\t\t\t\t\t\t\t\t\t\t\t\t<\/div>\n\t\t\t\t<\/div>\n\t\t\t\t<\/a>\n\t\t\t\t\t<\/div>\n\t\t\t\t<\/div>\n\t\t\t\t\t<\/div>\n\t\t\t\t<\/div>\n\t\t\t\t<\/div>\n\t\t","protected":false},"excerpt":{"rendered":"<p>Od kiedy do kiedy serwowane jest \u015bniadanie? Od 5:00 do 11:00 Kiedy b\u0119dzie dost\u0119pne menu og\u00f3lne? Od 11:00 do 21:00 Czy mo\u017cna zarezerwowa\u0107 stolik? Tak, pod numerem 03577 24 888 622, z wyj\u0105tkiem dni powszednich w godzinach od 12:00 do 13:30. Czy psy mog\u0105 przebywa\u0107 w pubie? Nie, zgodnie z przepisami dotycz\u0105cymi higieny z przykro\u015bci\u0105 [&hellip;]<\/p>\n","protected":false},"author":1,"featured_media":0,"parent":0,"menu_order":0,"comment_status":"closed","ping_status":"closed","template":"","meta":{"_acf_changed":false,"_eb_attr":"","footnotes":""},"class_list":["post-2882","page","type-page","status-publish","hentry"],"acf":[],"_links":{"self":[{"href":"https:\/\/www.m-rast.at\/pl\/wp-json\/wp\/v2\/pages\/2882","targetHints":{"allow":["GET"]}}],"collection":[{"href":"https:\/\/www.m-rast.at\/pl\/wp-json\/wp\/v2\/pages"}],"about":[{"href":"https:\/\/www.m-rast.at\/pl\/wp-json\/wp\/v2\/types\/page"}],"author":[{"embeddable":true,"href":"https:\/\/www.m-rast.at\/pl\/wp-json\/wp\/v2\/users\/1"}],"replies":[{"embeddable":true,"href":"https:\/\/www.m-rast.at\/pl\/wp-json\/wp\/v2\/comments?post=2882"}],"version-history":[{"count":0,"href":"https:\/\/www.m-rast.at\/pl\/wp-json\/wp\/v2\/pages\/2882\/revisions"}],"wp:attachment":[{"href":"https:\/\/www.m-rast.at\/pl\/wp-json\/wp\/v2\/media?parent=2882"}],"curies":[{"name":"wp","href":"https:\/\/api.w.org\/{rel}","templated":true}]}}