{"id":2716,"date":"2024-06-26T17:03:30","date_gmt":"2024-06-26T16:03:30","guid":{"rendered":"https:\/\/mrast.nexit.at\/nadruk\/"},"modified":"2024-11-04T16:24:47","modified_gmt":"2024-11-04T15:24:47","slug":"nadruk","status":"publish","type":"page","link":"https:\/\/www.m-rast.at\/pl\/nadruk\/","title":{"rendered":"Nadruk"},"content":{"rendered":"\t\t<div data-elementor-type=\"wp-page\" data-elementor-id=\"2716\" class=\"elementor elementor-2716 elementor-618\" data-elementor-post-type=\"page\">\n\t\t\t\t<div class=\"elementor-element elementor-element-7c54804 e-con-full e-flex e-con e-parent\" data-id=\"7c54804\" data-element_type=\"container\" data-e-type=\"container\" data-settings=\"{&quot;background_background&quot;:&quot;classic&quot;}\">\n\t\t\t\t<div class=\"elementor-element elementor-element-f676b4b elementor-hidden-desktop elementor-hidden-tablet elementor-widget elementor-widget-image\" data-id=\"f676b4b\" data-element_type=\"widget\" data-e-type=\"widget\" data-widget_type=\"image.default\">\n\t\t\t\t<div class=\"elementor-widget-container\">\n\t\t\t\t\t\t\t\t\t\t\t\t\t\t\t<img fetchpriority=\"high\" decoding=\"async\" width=\"300\" height=\"300\" src=\"https:\/\/www.m-rast.at\/wp-content\/uploads\/2024\/06\/logo-kreis-300x300.png\" class=\"attachment-medium size-medium wp-image-2738\" alt=\"\" srcset=\"https:\/\/www.m-rast.at\/wp-content\/uploads\/2024\/06\/logo-kreis-300x300.png 300w, https:\/\/www.m-rast.at\/wp-content\/uploads\/2024\/06\/logo-kreis-150x150.png 150w, https:\/\/www.m-rast.at\/wp-content\/uploads\/2024\/06\/logo-kreis-768x768.png 768w, https:\/\/www.m-rast.at\/wp-content\/uploads\/2024\/06\/logo-kreis.png 1000w\" sizes=\"(max-width: 300px) 100vw, 300px\" \/>\t\t\t\t\t\t\t\t\t\t\t\t\t\t\t<\/div>\n\t\t\t\t<\/div>\n\t\t\t\t<\/div>\n\t\t<div class=\"elementor-element elementor-element-07213dc e-flex e-con-boxed e-con e-parent\" data-id=\"07213dc\" data-element_type=\"container\" data-e-type=\"container\">\n\t\t\t\t\t<div class=\"e-con-inner\">\n\t\t\t\t<div class=\"elementor-element elementor-element-6ef9781 elementor-widget elementor-widget-heading\" data-id=\"6ef9781\" data-element_type=\"widget\" data-e-type=\"widget\" data-widget_type=\"heading.default\">\n\t\t\t\t<div class=\"elementor-widget-container\">\n\t\t\t\t\t<h1 class=\"elementor-heading-title elementor-size-default\">Nadruk<\/h1>\t\t\t\t<\/div>\n\t\t\t\t<\/div>\n\t\t\t\t<div class=\"elementor-element elementor-element-90924fb elementor-widget elementor-widget-text-editor\" data-id=\"90924fb\" data-element_type=\"widget\" data-e-type=\"widget\" data-widget_type=\"text-editor.default\">\n\t\t\t\t<div class=\"elementor-widget-container\">\n\t\t\t\t\t\t\t\t\t<p>M-Rastst\u00e4tte Betriebs GmbH&nbsp;&nbsp;<\/p>\n<p>Obszar us\u0142ugowy &#8211; supermarket &#8211; czynny 24 godziny &#8211; myjnia samochodowa &#8211; myjnia ci\u0119\u017car\u00f3wek &#8211; dyskontowa stacja benzynowa &#8211; S36 &#8211; Murtalschnellstra\u00dfe&nbsp;<\/p>\n<p>&nbsp;<br>&nbsp;&nbsp;&nbsp;&nbsp;<br>&nbsp;A-8740 Zeltweg, Hauptstra\u00dfe 242, Austria\/Austria Telefon: +43 3577\/24 888, Faks: +43 3577\/24 888-705 E-mail:<a href=\"mailto:office@m-rast.at\" target=\"_blank\" rel=\"noopener\">office@m-rast.at<\/a>&nbsp;<\/p>\n<p>Dane banku: Bank Austria Creditanstalt AG, nr konta 52846 003 505, numer rozliczeniowy 12000 &nbsp;&nbsp;<br>FN: 282175p, LG Leoben, UID: ATU62811577&nbsp;&nbsp;<br>IBAN AT32 1200 0528 4600 3505, BIC: BKAUATWW&nbsp;&nbsp;&nbsp;<\/p>\n<p>Dyrektorzy zarz\u0105dzaj\u0105cy: Fritz Mayer, Peter Mayer&nbsp;&nbsp;<\/p>\n<p>Ta strona jest ofert\u0105 online M-Rast w Internecie.&nbsp;&nbsp;<\/p>\n<p>Prawa autorskie&nbsp;&nbsp;<\/p>\n<p>Staramy si\u0119 przestrzega\u0107 praw autorskich do grafik, dokument\u00f3w d\u017awi\u0119kowych, sekwencji wideo i tekst\u00f3w wykorzystywanych we wszystkich publikacjach, wykorzystywa\u0107 grafiki, dokumenty d\u017awi\u0119kowe, sekwencje wideo i teksty stworzone przez nas samych lub wykorzystywa\u0107 grafiki, dokumenty d\u017awi\u0119kowe, sekwencje wideo i teksty wolne od licencji.&nbsp;<\/p>\n<p>&nbsp;&nbsp;<br>Nie ponosimy odpowiedzialno\u015bci za tre\u015b\u0107 link\u00f3w zewn\u0119trznych. Operatorzy stron, do kt\u00f3rych prowadz\u0105 linki, ponosz\u0105 wy\u0142\u0105czn\u0105 odpowiedzialno\u015b\u0107 za ich tre\u015b\u0107.&nbsp;&nbsp;<\/p>\n<p>Zastrze\u017cenie:&nbsp;&nbsp;<br>M-Rastst\u00e4tte Betriebs GmbH nie ponosi odpowiedzialno\u015bci za szkody wynikaj\u0105ce z nieprawid\u0142owej lub op\u00f3\u017anionej zawarto\u015bci tej strony internetowej lub z dzia\u0142a\u0144 podj\u0119tych w oparciu o dok\u0142adno\u015b\u0107 tre\u015bci. Informacje zawarte na tej stronie internetowej lub w powi\u0105zanych dokumentach nie stanowi\u0105 wi\u0105\u017c\u0105cych porad, a jedynie niewi\u0105\u017c\u0105ce informacje. &nbsp;<\/p>\t\t\t\t\t\t\t\t<\/div>\n\t\t\t\t<\/div>\n\t\t\t\t\t<\/div>\n\t\t\t\t<\/div>\n\t\t\t\t<\/div>\n\t\t","protected":false},"excerpt":{"rendered":"<p>M-Rastst\u00e4tte Betriebs GmbH&nbsp;&nbsp; Obszar us\u0142ugowy &#8211; supermarket &#8211; czynny 24 godziny &#8211; myjnia samochodowa &#8211; myjnia ci\u0119\u017car\u00f3wek &#8211; dyskontowa stacja benzynowa &#8211; S36 &#8211; Murtalschnellstra\u00dfe&nbsp; &nbsp;&nbsp;&nbsp;&nbsp;&nbsp;&nbsp;A-8740 Zeltweg, Hauptstra\u00dfe 242, Austria\/Austria Telefon: +43 3577\/24 888, Faks: +43 3577\/24 888-705 E-mail:office@m-rast.at&nbsp; Dane banku: Bank Austria Creditanstalt AG, nr konta 52846 003 505, numer rozliczeniowy 12000 &nbsp;&nbsp;FN: 282175p, [&hellip;]<\/p>\n","protected":false},"author":1,"featured_media":0,"parent":0,"menu_order":0,"comment_status":"closed","ping_status":"closed","template":"","meta":{"_acf_changed":false,"_eb_attr":"","footnotes":""},"class_list":["post-2716","page","type-page","status-publish","hentry"],"acf":[],"_links":{"self":[{"href":"https:\/\/www.m-rast.at\/pl\/wp-json\/wp\/v2\/pages\/2716","targetHints":{"allow":["GET"]}}],"collection":[{"href":"https:\/\/www.m-rast.at\/pl\/wp-json\/wp\/v2\/pages"}],"about":[{"href":"https:\/\/www.m-rast.at\/pl\/wp-json\/wp\/v2\/types\/page"}],"author":[{"embeddable":true,"href":"https:\/\/www.m-rast.at\/pl\/wp-json\/wp\/v2\/users\/1"}],"replies":[{"embeddable":true,"href":"https:\/\/www.m-rast.at\/pl\/wp-json\/wp\/v2\/comments?post=2716"}],"version-history":[{"count":0,"href":"https:\/\/www.m-rast.at\/pl\/wp-json\/wp\/v2\/pages\/2716\/revisions"}],"wp:attachment":[{"href":"https:\/\/www.m-rast.at\/pl\/wp-json\/wp\/v2\/media?parent=2716"}],"curies":[{"name":"wp","href":"https:\/\/api.w.org\/{rel}","templated":true}]}}