{"id":2696,"date":"2024-10-11T20:47:54","date_gmt":"2024-10-11T19:47:54","guid":{"rendered":"https:\/\/mrast.nexit.at\/spar-market\/"},"modified":"2024-11-06T15:32:42","modified_gmt":"2024-11-06T14:32:42","slug":"spar-market","status":"publish","type":"page","link":"https:\/\/www.m-rast.at\/pl\/spar-market\/","title":{"rendered":"SPAR Market"},"content":{"rendered":"\t\t<div data-elementor-type=\"wp-page\" data-elementor-id=\"2696\" class=\"elementor elementor-2696 elementor-1068\" data-elementor-post-type=\"page\">\n\t\t\t\t<div class=\"elementor-element elementor-element-08bba5f e-con-full e-flex e-con e-parent\" data-id=\"08bba5f\" data-element_type=\"container\" data-e-type=\"container\" data-settings=\"{&quot;background_background&quot;:&quot;classic&quot;}\">\n\t\t\t\t<div class=\"elementor-element elementor-element-af392fc elementor-widget elementor-widget-slider_revolution\" data-id=\"af392fc\" data-element_type=\"widget\" data-e-type=\"widget\" data-widget_type=\"slider_revolution.default\">\n\t\t\t\t<div class=\"elementor-widget-container\">\n\t\t\t\t\t\n\t\t<div class=\"wp-block-themepunch-revslider\">\n\t\t\t\t<p class=\"rs-p-wp-fix\"><\/p>\n\t\t\t\t<sr7-module data-alias=\"karriere-11\" data-id=\"19\" id=\"SR7_19_1\" class=\"rs-ov-hidden\" data-version=\"6.7.25\">\n\t\t\t\t\t<sr7-adjuster><\/sr7-adjuster>\n\t\t\t\t\t<sr7-content>\n\t\t\t\t\t\t<sr7-slide id=\"SR7_19_1-130\" data-key=\"130\">\n\t\t\t\t\t\t\t<sr7-bg id=\"SR7_19_1-130-1\" class=\"sr7-layer\"><noscript><img decoding=\"async\" src=\"https:\/\/www.m-rast.at\/wp-content\/uploads\/2024\/10\/SHOP_1.jpg\" alt=\"\" title=\"SHOP_1\"><\/noscript><\/sr7-bg>\n\t\t\t\t\t\t\t<sr7-txt id=\"SR7_19_1-130-0\" class=\"sr7-layer\">Zakupy w Spar Markt<\/sr7-txt>\n\t\t\t\t\t\t<\/sr7-slide>\n\t\t\t\t\t\t<sr7-slide id=\"SR7_19_1-75\" data-key=\"75\">\n\t\t\t\t\t\t<\/sr7-slide>\n\t\t\t\t\t<\/sr7-content>\n\t\t\t\t\t<image_lists style=\"display:none\">\n\t\t\t\t\t\t<img data-src=\"\/\/www.m-rast.at\/wp-content\/uploads\/2024\/10\/SHOP_1.jpg\" data-libid=\"2354\" data-lib=\"medialibrary\" title=\"SHOP_1\" width=\"0\" height=\"0\" data-dbsrc=\"Ly93d3cubS1yYXN0LmF0L3dwLWNvbnRlbnQvdXBsb2Fkcy8yMDI0LzEwL1NIT1BfMS5qcGc=\"\/>\n\t\t\t\t\t\t<img data-src=\"\/\/www.m-rast.at\/wp-content\/uploads\/2024\/10\/SHOP_2.jpg\" data-libid=\"2356\" data-lib=\"medialibrary\" title=\"SHOP_2\" width=\"0\" height=\"0\" data-dbsrc=\"Ly93d3cubS1yYXN0LmF0L3dwLWNvbnRlbnQvdXBsb2Fkcy8yMDI0LzEwL1NIT1BfMi5qcGc=\"\/>\n\t\t\t\t\t\t<img data-src=\"\/\/www.m-rast.at\/wp-content\/uploads\/2024\/10\/SHOP_3.jpg\" data-libid=\"2358\" data-lib=\"medialibrary\" title=\"SHOP_3\" width=\"0\" height=\"0\" data-dbsrc=\"Ly93d3cubS1yYXN0LmF0L3dwLWNvbnRlbnQvdXBsb2Fkcy8yMDI0LzEwL1NIT1BfMy5qcGc=\"\/>\n\t\t\t\t\t\t<img loading=\"lazy\" data-src=\"\/\/www.m-rast.at\/wp-content\/uploads\/2024\/10\/SHOP_4.jpg\" data-libid=\"2360\" data-lib=\"medialibrary\" title=\"SHOP_4\" width=\"0\" height=\"0\" data-dbsrc=\"Ly93d3cubS1yYXN0LmF0L3dwLWNvbnRlbnQvdXBsb2Fkcy8yMDI0LzEwL1NIT1BfNC5qcGc=\"\/>\n\t\t\t\t\t\t<img loading=\"lazy\" data-src=\"\/\/www.m-rast.at\/wp-content\/uploads\/2024\/10\/SHOP_5-scaled.jpg\" data-libid=\"2362\" data-lib=\"medialibrary\" title=\"SHOP_5\" width=\"0\" height=\"0\" data-dbsrc=\"Ly93d3cubS1yYXN0LmF0L3dwLWNvbnRlbnQvdXBsb2Fkcy8yMDI0LzEwL1NIT1BfNS1zY2FsZWQuanBn\"\/>\n\t\t\t\t\t<\/image_lists>\n\t\t\t\t<\/sr7-module>\n\t\t\t\t<script>\n\t\t\t\t\tSR7.PMH ??={}; SR7.PMH[\"SR7_19_1\"] = {cn:100,state:false,fn: function() { if (_tpt!==undefined && _tpt.prepareModuleHeight !== undefined) {  _tpt.prepareModuleHeight({id:\"SR7_19_1\",el:[380,380,355,150,150],type:'standard',shdw:'0',gh:[380,380,380,180,180],gw:[1240,1240,1024,778,480],vpt:['100px&#039;,&#039;100px&#039;,&#039;100px&#039;,&#039;100px&#039;,&#039;100px'],size:{fullWidth:true, fullHeight:false},mh:'0',onh:0,onw:0,bg:{color:'{\"orig\":\"transparent\",\"type\":\"solid\",\"string\":\"transparent\"}'}});   SR7.PMH[\"SR7_19_1\"].state=true;} else if(SR7.PMH[\"SR7_19_1\"].cn-->0)\tsetTimeout( SR7.PMH[\"SR7_19_1\"].fn,19);}};SR7.PMH[\"SR7_19_1\" ].fn();\n\t\t\t\t<\/script>\n<\/div>\n\n\t\t\t\t\t\t<\/div>\n\t\t\t\t<\/div>\n\t\t\t\t<\/div>\n\t\t<div class=\"elementor-element elementor-element-d8e42ba e-flex e-con-boxed e-con e-parent\" data-id=\"d8e42ba\" data-element_type=\"container\" data-e-type=\"container\" data-settings=\"{&quot;background_background&quot;:&quot;classic&quot;}\">\n\t\t\t\t\t<div class=\"e-con-inner\">\n\t\t<div class=\"elementor-element elementor-element-5bd7a52 e-con-full e-flex e-con e-child\" data-id=\"5bd7a52\" data-element_type=\"container\" data-e-type=\"container\" data-settings=\"{&quot;background_background&quot;:&quot;classic&quot;}\">\n\t\t\t\t<div class=\"elementor-element elementor-element-d687d1a elementor-widget elementor-widget-heading\" data-id=\"d687d1a\" data-element_type=\"widget\" data-e-type=\"widget\" data-widget_type=\"heading.default\">\n\t\t\t\t<div class=\"elementor-widget-container\">\n\t\t\t\t\t<h2 class=\"elementor-heading-title elementor-size-default\">Zakupy w cenach SPAR 24\/7!<\/h2>\t\t\t\t<\/div>\n\t\t\t\t<\/div>\n\t\t\t\t<div class=\"elementor-element elementor-element-6f440ec elementor-widget elementor-widget-text-editor\" data-id=\"6f440ec\" data-element_type=\"widget\" data-e-type=\"widget\" data-widget_type=\"text-editor.default\">\n\t\t\t\t<div class=\"elementor-widget-container\">\n\t\t\t\t\t\t\t\t\t<p>Ponad 10 000 artyku\u0142\u00f3w, r\u00f3\u017cnorodny asortyment dla codziennych potrzeb, 24\/7, w tym niedziele i \u015bwi\u0119ta.<\/p>\n\t\t\t\t\t\t\t\t<\/div>\n\t\t\t\t<\/div>\n\t\t\t\t<\/div>\n\t\t<div class=\"elementor-element elementor-element-8fbc915 e-con-full e-flex e-con e-child\" data-id=\"8fbc915\" data-element_type=\"container\" data-e-type=\"container\" data-settings=\"{&quot;background_background&quot;:&quot;classic&quot;}\">\n\t\t\t\t<div class=\"elementor-element elementor-element-c61f269 elementor-widget elementor-widget-heading\" data-id=\"c61f269\" data-element_type=\"widget\" data-e-type=\"widget\" data-widget_type=\"heading.default\">\n\t\t\t\t<div class=\"elementor-widget-container\">\n\t\t\t\t\t<h2 class=\"elementor-heading-title elementor-size-default\">Kolorowa r\u00f3\u017cnorodno\u015b\u0107 przek\u0105sek<\/h2>\t\t\t\t<\/div>\n\t\t\t\t<\/div>\n\t\t\t\t<div class=\"elementor-element elementor-element-d2bdcaa elementor-widget elementor-widget-text-editor\" data-id=\"d2bdcaa\" data-element_type=\"widget\" data-e-type=\"widget\" data-widget_type=\"text-editor.default\">\n\t\t\t\t<div class=\"elementor-widget-container\">\n\t\t\t\t\t\t\t\t\t<br><br><p>&nbsp;<br><br>\u015awie\u017ce pieczywo, wypieki i domowe ciasta (wi\u0119ksze ilo\u015bci na wcze\u015bniejsze zam\u00f3wienie) Regionality Leberk\u00e4se, K\u00e4seleberk\u00e4se, Pikantleberk\u00e4se, M-Rast Pizzaweckerl\t\t\t\t\t\t\t\t<\/div>\n\t\t\t\t<\/div>\n\t\t\t\t<\/div>\n\t\t\t\t<div class=\"elementor-element elementor-element-0c03c5d elementor-widget elementor-widget-heading\" data-id=\"0c03c5d\" data-element_type=\"widget\" data-e-type=\"widget\" data-widget_type=\"heading.default\">\n\t\t\t\t<div class=\"elementor-widget-container\">\n\t\t\t\t\t<h2 class=\"elementor-heading-title elementor-size-default\">Bony M-Rast jako prezent<\/h2>\t\t\t\t<\/div>\n\t\t\t\t<\/div>\n\t\t\t\t\t<\/div>\n\t\t\t\t<\/div>\n\t\t<div class=\"elementor-element elementor-element-775f829 e-flex e-con-boxed e-con e-parent\" data-id=\"775f829\" data-element_type=\"container\" data-e-type=\"container\" data-settings=\"{&quot;background_background&quot;:&quot;classic&quot;}\">\n\t\t\t\t\t<div class=\"e-con-inner\">\n\t\t\t\t<div class=\"elementor-element elementor-element-0f83070 elementor-widget elementor-widget-heading\" data-id=\"0f83070\" data-element_type=\"widget\" data-e-type=\"widget\" data-widget_type=\"heading.default\">\n\t\t\t\t<div class=\"elementor-widget-container\">\n\t\t\t\t\t<h2 class=\"elementor-heading-title elementor-size-default\">Voucher, kt\u00f3ry mo\u017ce wszystko!<\/h2>\t\t\t\t<\/div>\n\t\t\t\t<\/div>\n\t\t\t\t<div class=\"elementor-element elementor-element-879acf5 elementor-widget elementor-widget-text-editor\" data-id=\"879acf5\" data-element_type=\"widget\" data-e-type=\"widget\" data-widget_type=\"text-editor.default\">\n\t\t\t\t<div class=\"elementor-widget-container\">\n\t\t\t\t\t\t\t\t\t<p class=\"p2\">Dost\u0119pny i wa\u017cny w sklepie, restauracji, stacji benzynowej i myjni samochodowej.<\/p>\n\t\t\t\t\t\t\t\t<\/div>\n\t\t\t\t<\/div>\n\t\t\t\t\t<\/div>\n\t\t\t\t<\/div>\n\t\t<div class=\"elementor-element elementor-element-522739d e-flex e-con-boxed e-con e-parent\" data-id=\"522739d\" data-element_type=\"container\" data-e-type=\"container\" data-settings=\"{&quot;background_background&quot;:&quot;classic&quot;}\">\n\t\t\t\t\t<div class=\"e-con-inner\">\n\t\t\t\t<div class=\"elementor-element elementor-element-572c94e elementor-widget elementor-widget-image\" data-id=\"572c94e\" data-element_type=\"widget\" data-e-type=\"widget\" data-widget_type=\"image.default\">\n\t\t\t\t<div class=\"elementor-widget-container\">\n\t\t\t\t\t\t\t\t\t\t\t\t\t\t\t<img loading=\"lazy\" decoding=\"async\" width=\"697\" height=\"243\" src=\"https:\/\/www.m-rast.at\/wp-content\/uploads\/2024\/10\/mrastgutscheine.webp\" class=\"attachment-large size-large wp-image-2701\" alt=\"\" srcset=\"https:\/\/www.m-rast.at\/wp-content\/uploads\/2024\/10\/mrastgutscheine.webp 697w, https:\/\/www.m-rast.at\/wp-content\/uploads\/2024\/10\/mrastgutscheine-300x105.webp 300w\" sizes=\"(max-width: 697px) 100vw, 697px\" \/>\t\t\t\t\t\t\t\t\t\t\t\t\t\t\t<\/div>\n\t\t\t\t<\/div>\n\t\t<div class=\"elementor-element elementor-element-81fa150 e-con-full e-flex e-con e-child\" data-id=\"81fa150\" data-element_type=\"container\" data-e-type=\"container\" data-settings=\"{&quot;background_background&quot;:&quot;classic&quot;}\">\n\t\t\t\t<div class=\"elementor-element elementor-element-188d106 elementor-widget elementor-widget-heading\" data-id=\"188d106\" data-element_type=\"widget\" data-e-type=\"widget\" data-widget_type=\"heading.default\">\n\t\t\t\t<div class=\"elementor-widget-container\">\n\t\t\t\t\t<h2 class=\"elementor-heading-title elementor-size-default\">Bilety, winiety i tyto\u0144<\/h2>\t\t\t\t<\/div>\n\t\t\t\t<\/div>\n\t\t\t\t<div class=\"elementor-element elementor-element-e5a982f elementor-widget elementor-widget-text-editor\" data-id=\"e5a982f\" data-element_type=\"widget\" data-e-type=\"widget\" data-widget_type=\"text-editor.default\">\n\t\t\t\t<div class=\"elementor-widget-container\">\n\t\t\t\t\t\t\t\t\t<p class=\"p1\">W naszym sklepie oferujemy nast\u0119puj\u0105ce produkty:<\/p>\n<p class=\"p1\"><br> V<span class=\"s1\">IGNETTEN:<\/span> wy\u0142\u0105cznie dla Austrii<\/p>\n<p class=\"p1\"><br> K<span class=\"s1\">ARTA WARTO\u015aCI: <\/span> Netflix, Spotify, Xbox, PlayStation, Nintendo, Zalando, Apple, Disney, Google Play<\/p>\n<p class=\"p3 s1\">PAYSAFECARD, TOBACCO &amp; OETICKET:<\/p>\t\t\t\t\t\t\t\t<\/div>\n\t\t\t\t<\/div>\n\t\t<div class=\"elementor-element elementor-element-24ada1b e-grid e-con-full e-con e-child\" data-id=\"24ada1b\" data-element_type=\"container\" data-e-type=\"container\">\n\t\t\t\t<div class=\"elementor-element elementor-element-5c1ac13 elementor-widget__width-auto elementor-widget elementor-widget-image\" data-id=\"5c1ac13\" data-element_type=\"widget\" data-e-type=\"widget\" data-widget_type=\"image.default\">\n\t\t\t\t<div class=\"elementor-widget-container\">\n\t\t\t\t\t\t\t\t\t\t\t\t\t\t\t<img loading=\"lazy\" decoding=\"async\" width=\"800\" height=\"326\" src=\"https:\/\/www.m-rast.at\/wp-content\/uploads\/2024\/10\/Logo_oeticket.svg-1024x417.png\" class=\"attachment-large size-large wp-image-2697\" alt=\"\" srcset=\"https:\/\/www.m-rast.at\/wp-content\/uploads\/2024\/10\/Logo_oeticket.svg-1024x417.png 1024w, https:\/\/www.m-rast.at\/wp-content\/uploads\/2024\/10\/Logo_oeticket.svg-300x122.png 300w, https:\/\/www.m-rast.at\/wp-content\/uploads\/2024\/10\/Logo_oeticket.svg-768x313.png 768w, https:\/\/www.m-rast.at\/wp-content\/uploads\/2024\/10\/Logo_oeticket.svg-1536x625.png 1536w, https:\/\/www.m-rast.at\/wp-content\/uploads\/2024\/10\/Logo_oeticket.svg-2048x834.png 2048w\" sizes=\"(max-width: 800px) 100vw, 800px\" \/>\t\t\t\t\t\t\t\t\t\t\t\t\t\t\t<\/div>\n\t\t\t\t<\/div>\n\t\t\t\t<div class=\"elementor-element elementor-element-04bdfaf elementor-widget__width-auto elementor-widget elementor-widget-image\" data-id=\"04bdfaf\" data-element_type=\"widget\" data-e-type=\"widget\" data-widget_type=\"image.default\">\n\t\t\t\t<div class=\"elementor-widget-container\">\n\t\t\t\t\t\t\t\t\t\t\t\t\t\t\t<img loading=\"lazy\" decoding=\"async\" width=\"499\" height=\"822\" src=\"https:\/\/www.m-rast.at\/wp-content\/uploads\/2024\/10\/klebevignette_transparent.png\" class=\"attachment-large size-large wp-image-2700\" alt=\"\" srcset=\"https:\/\/www.m-rast.at\/wp-content\/uploads\/2024\/10\/klebevignette_transparent.png 499w, https:\/\/www.m-rast.at\/wp-content\/uploads\/2024\/10\/klebevignette_transparent-182x300.png 182w\" sizes=\"(max-width: 499px) 100vw, 499px\" \/>\t\t\t\t\t\t\t\t\t\t\t\t\t\t\t<\/div>\n\t\t\t\t<\/div>\n\t\t\t\t<\/div>\n\t\t\t\t<\/div>\n\t\t\t\t\t<\/div>\n\t\t\t\t<\/div>\n\t\t<div class=\"elementor-element elementor-element-6f9627c e-flex e-con-boxed e-con e-parent\" data-id=\"6f9627c\" data-element_type=\"container\" data-e-type=\"container\" data-settings=\"{&quot;background_background&quot;:&quot;classic&quot;}\">\n\t\t\t\t\t<div class=\"e-con-inner\">\n\t\t<div class=\"elementor-element elementor-element-2c90420 e-flex e-con-boxed e-con e-child\" data-id=\"2c90420\" data-element_type=\"container\" data-e-type=\"container\">\n\t\t\t\t\t<div class=\"e-con-inner\">\n\t\t<a class=\"elementor-element elementor-element-bab685f e-con-full e-flex e-con e-child\" data-id=\"bab685f\" data-element_type=\"container\" data-e-type=\"container\" data-settings=\"{&quot;background_background&quot;:&quot;classic&quot;}\" href=\"https:\/\/www.m-rast.at\/pl\/restauracja\/\">\n\t\t\t\t<div class=\"elementor-element elementor-element-72c469c elementor-widget elementor-widget-image\" data-id=\"72c469c\" data-element_type=\"widget\" data-e-type=\"widget\" data-widget_type=\"image.default\">\n\t\t\t\t<div class=\"elementor-widget-container\">\n\t\t\t\t\t\t\t\t\t\t\t\t\t\t\t<img loading=\"lazy\" decoding=\"async\" width=\"175\" height=\"214\" src=\"https:\/\/www.m-rast.at\/wp-content\/uploads\/2024\/09\/Restaurant-1.png\" class=\"attachment-medium size-medium wp-image-2755\" alt=\"\" \/>\t\t\t\t\t\t\t\t\t\t\t\t\t\t\t<\/div>\n\t\t\t\t<\/div>\n\t\t\t\t<\/a>\n\t\t<a class=\"elementor-element elementor-element-ef971c4 e-con-full e-flex e-con e-child\" data-id=\"ef971c4\" data-element_type=\"container\" data-e-type=\"container\" data-settings=\"{&quot;background_background&quot;:&quot;classic&quot;}\" href=\"https:\/\/www.m-rast.at\/pl\/spar-market\/\">\n\t\t\t\t<div class=\"elementor-element elementor-element-f268ecd elementor-widget elementor-widget-image\" data-id=\"f268ecd\" data-element_type=\"widget\" data-e-type=\"widget\" data-widget_type=\"image.default\">\n\t\t\t\t<div class=\"elementor-widget-container\">\n\t\t\t\t\t\t\t\t\t\t\t\t\t\t\t<img loading=\"lazy\" decoding=\"async\" width=\"300\" height=\"289\" src=\"https:\/\/www.m-rast.at\/wp-content\/uploads\/2024\/10\/Supermarkt_weiss-300x289.png\" class=\"attachment-medium size-medium wp-image-2768\" alt=\"\" srcset=\"https:\/\/www.m-rast.at\/wp-content\/uploads\/2024\/10\/Supermarkt_weiss-300x289.png 300w, https:\/\/www.m-rast.at\/wp-content\/uploads\/2024\/10\/Supermarkt_weiss-768x740.png 768w, https:\/\/www.m-rast.at\/wp-content\/uploads\/2024\/10\/Supermarkt_weiss.png 837w\" sizes=\"(max-width: 300px) 100vw, 300px\" \/>\t\t\t\t\t\t\t\t\t\t\t\t\t\t\t<\/div>\n\t\t\t\t<\/div>\n\t\t\t\t<\/a>\n\t\t<a class=\"elementor-element elementor-element-6fb2b4e e-con-full e-flex e-con e-child\" data-id=\"6fb2b4e\" data-element_type=\"container\" data-e-type=\"container\" data-settings=\"{&quot;background_background&quot;:&quot;classic&quot;}\" href=\"https:\/\/www.m-rast.at\/pl\/tankowanie-i-ladowanie\/\">\n\t\t\t\t<div class=\"elementor-element elementor-element-8ae9ee2 elementor-widget elementor-widget-image\" data-id=\"8ae9ee2\" data-element_type=\"widget\" data-e-type=\"widget\" data-widget_type=\"image.default\">\n\t\t\t\t<div class=\"elementor-widget-container\">\n\t\t\t\t\t\t\t\t\t\t\t\t\t\t\t<img loading=\"lazy\" decoding=\"async\" width=\"175\" height=\"214\" src=\"https:\/\/www.m-rast.at\/wp-content\/uploads\/2024\/09\/Tanken-1.png\" class=\"attachment-medium size-medium wp-image-2753\" alt=\"\" \/>\t\t\t\t\t\t\t\t\t\t\t\t\t\t\t<\/div>\n\t\t\t\t<\/div>\n\t\t\t\t<\/a>\n\t\t<a class=\"elementor-element elementor-element-b52476a e-con-full e-flex e-con e-child\" data-id=\"b52476a\" data-element_type=\"container\" data-e-type=\"container\" data-settings=\"{&quot;background_background&quot;:&quot;classic&quot;}\" href=\"https:\/\/www.m-rast.at\/pl\/pielegnacja-samochodu\/\">\n\t\t\t\t<div class=\"elementor-element elementor-element-5695bed elementor-widget elementor-widget-image\" data-id=\"5695bed\" data-element_type=\"widget\" data-e-type=\"widget\" data-widget_type=\"image.default\">\n\t\t\t\t<div class=\"elementor-widget-container\">\n\t\t\t\t\t\t\t\t\t\t\t\t\t\t\t<img loading=\"lazy\" decoding=\"async\" width=\"175\" height=\"136\" src=\"https:\/\/www.m-rast.at\/wp-content\/uploads\/2024\/09\/PKWWaschen.png\" class=\"attachment-medium size-medium wp-image-2756\" alt=\"\" \/>\t\t\t\t\t\t\t\t\t\t\t\t\t\t\t<\/div>\n\t\t\t\t<\/div>\n\t\t\t\t<\/a>\n\t\t<a class=\"elementor-element elementor-element-8ea9c6d e-con-full e-flex e-con e-child\" data-id=\"8ea9c6d\" data-element_type=\"container\" data-e-type=\"container\" data-settings=\"{&quot;background_background&quot;:&quot;classic&quot;}\" href=\"https:\/\/www.m-rast.at\/pl\/konserwacja-i-parkowanie-ciezarowek\/\">\n\t\t\t\t<div class=\"elementor-element elementor-element-7241a75 elementor-widget elementor-widget-image\" data-id=\"7241a75\" data-element_type=\"widget\" data-e-type=\"widget\" data-widget_type=\"image.default\">\n\t\t\t\t<div class=\"elementor-widget-container\">\n\t\t\t\t\t\t\t\t\t\t\t\t\t\t\t<img loading=\"lazy\" decoding=\"async\" width=\"300\" height=\"153\" src=\"https:\/\/www.m-rast.at\/wp-content\/uploads\/2024\/11\/LKW-300x153.png\" class=\"attachment-medium size-medium wp-image-2904\" alt=\"\" srcset=\"https:\/\/www.m-rast.at\/wp-content\/uploads\/2024\/11\/LKW-300x153.png 300w, https:\/\/www.m-rast.at\/wp-content\/uploads\/2024\/11\/LKW-768x392.png 768w, https:\/\/www.m-rast.at\/wp-content\/uploads\/2024\/11\/LKW.png 933w\" sizes=\"(max-width: 300px) 100vw, 300px\" \/>\t\t\t\t\t\t\t\t\t\t\t\t\t\t\t<\/div>\n\t\t\t\t<\/div>\n\t\t\t\t<\/a>\n\t\t<a class=\"elementor-element elementor-element-b263de9 e-con-full e-flex e-con e-child\" data-id=\"b263de9\" data-element_type=\"container\" data-e-type=\"container\" data-settings=\"{&quot;background_background&quot;:&quot;classic&quot;}\" href=\"https:\/\/www.m-rast.at\/pl\/karta-rabatowa\/\">\n\t\t\t\t<div class=\"elementor-element elementor-element-519e2d2 elementor-widget elementor-widget-image\" data-id=\"519e2d2\" data-element_type=\"widget\" data-e-type=\"widget\" data-widget_type=\"image.default\">\n\t\t\t\t<div class=\"elementor-widget-container\">\n\t\t\t\t\t\t\t\t\t\t\t\t\t\t\t<img loading=\"lazy\" decoding=\"async\" width=\"300\" height=\"254\" src=\"https:\/\/www.m-rast.at\/wp-content\/uploads\/2024\/11\/Rabattkarte-300x254.png\" class=\"attachment-medium size-medium wp-image-2549\" alt=\"\" srcset=\"https:\/\/www.m-rast.at\/wp-content\/uploads\/2024\/11\/Rabattkarte-300x254.png 300w, https:\/\/www.m-rast.at\/wp-content\/uploads\/2024\/11\/Rabattkarte-768x650.png 768w, https:\/\/www.m-rast.at\/wp-content\/uploads\/2024\/11\/Rabattkarte.png 934w\" sizes=\"(max-width: 300px) 100vw, 300px\" \/>\t\t\t\t\t\t\t\t\t\t\t\t\t\t\t<\/div>\n\t\t\t\t<\/div>\n\t\t\t\t<\/a>\n\t\t\t\t\t<\/div>\n\t\t\t\t<\/div>\n\t\t\t\t\t<\/div>\n\t\t\t\t<\/div>\n\t\t\t\t<\/div>\n\t\t","protected":false},"excerpt":{"rendered":"<p>Zakupy w cenach SPAR 24\/7! Ponad 10 000 artyku\u0142\u00f3w, r\u00f3\u017cnorodny asortyment dla codziennych potrzeb, 24\/7, w tym niedziele i \u015bwi\u0119ta. Kolorowa r\u00f3\u017cnorodno\u015b\u0107 przek\u0105sek &nbsp; \u015awie\u017ce pieczywo, wypieki i domowe ciasta (wi\u0119ksze ilo\u015bci na wcze\u015bniejsze zam\u00f3wienie) Regionality Leberk\u00e4se, K\u00e4seleberk\u00e4se, Pikantleberk\u00e4se, M-Rast Pizzaweckerl Bony M-Rast jako prezent Voucher, kt\u00f3ry mo\u017ce wszystko! Dost\u0119pny i wa\u017cny w sklepie, restauracji, [&hellip;]<\/p>\n","protected":false},"author":1,"featured_media":0,"parent":0,"menu_order":0,"comment_status":"closed","ping_status":"closed","template":"","meta":{"_acf_changed":false,"_eb_attr":"","footnotes":""},"class_list":["post-2696","page","type-page","status-publish","hentry"],"acf":[],"_links":{"self":[{"href":"https:\/\/www.m-rast.at\/pl\/wp-json\/wp\/v2\/pages\/2696","targetHints":{"allow":["GET"]}}],"collection":[{"href":"https:\/\/www.m-rast.at\/pl\/wp-json\/wp\/v2\/pages"}],"about":[{"href":"https:\/\/www.m-rast.at\/pl\/wp-json\/wp\/v2\/types\/page"}],"author":[{"embeddable":true,"href":"https:\/\/www.m-rast.at\/pl\/wp-json\/wp\/v2\/users\/1"}],"replies":[{"embeddable":true,"href":"https:\/\/www.m-rast.at\/pl\/wp-json\/wp\/v2\/comments?post=2696"}],"version-history":[{"count":0,"href":"https:\/\/www.m-rast.at\/pl\/wp-json\/wp\/v2\/pages\/2696\/revisions"}],"wp:attachment":[{"href":"https:\/\/www.m-rast.at\/pl\/wp-json\/wp\/v2\/media?parent=2696"}],"curies":[{"name":"wp","href":"https:\/\/api.w.org\/{rel}","templated":true}]}}