{"id":2965,"date":"2024-10-11T21:38:26","date_gmt":"2024-10-11T20:38:26","guid":{"rendered":"https:\/\/mrast.nexit.at\/udrzba-a-parkovani-nakladnich-vozidel\/"},"modified":"2024-11-07T14:41:15","modified_gmt":"2024-11-07T13:41:15","slug":"udrzba-a-parkovani-nakladnich-vozidel","status":"publish","type":"page","link":"https:\/\/www.m-rast.at\/cs\/udrzba-a-parkovani-nakladnich-vozidel\/","title":{"rendered":"\u00dadr\u017eba a parkov\u00e1n\u00ed n\u00e1kladn\u00edch vozidel"},"content":{"rendered":"\t\t<div data-elementor-type=\"wp-page\" data-elementor-id=\"2965\" class=\"elementor elementor-2965 elementor-1136\" data-elementor-post-type=\"page\">\n\t\t\t\t<div class=\"elementor-element elementor-element-d475523 e-con-full e-flex e-con e-parent\" data-id=\"d475523\" data-element_type=\"container\" data-e-type=\"container\" data-settings=\"{&quot;background_background&quot;:&quot;classic&quot;}\">\n\t\t\t\t<div class=\"elementor-element elementor-element-7cea816 elementor-widget elementor-widget-slider_revolution\" data-id=\"7cea816\" data-element_type=\"widget\" data-e-type=\"widget\" data-widget_type=\"slider_revolution.default\">\n\t\t\t\t<div class=\"elementor-widget-container\">\n\t\t\t\t\t\n\t\t<div class=\"wp-block-themepunch-revslider\">\n\t\t\t\t<p class=\"rs-p-wp-fix\"><\/p>\n\t\t\t\t<sr7-module data-alias=\"spar-markt-1\" data-id=\"20\" id=\"SR7_20_1\" class=\"rs-ov-hidden\" data-version=\"6.7.25\">\n\t\t\t\t\t<sr7-adjuster><\/sr7-adjuster>\n\t\t\t\t\t<sr7-content>\n\t\t\t\t\t\t<sr7-slide id=\"SR7_20_1-136\" data-key=\"136\">\n\t\t\t\t\t\t\t<sr7-bg id=\"SR7_20_1-136-1\" class=\"sr7-layer\"><noscript><img decoding=\"async\" src=\"https:\/\/www.m-rast.at\/wp-content\/uploads\/2024\/10\/LKWPFLEGE_PARKING_1-scaled.jpg\" alt=\"\" title=\"LKWPFLEGE_PARKING_1\"><\/noscript><\/sr7-bg>\n\t\t\t\t\t\t\t<sr7-txt id=\"SR7_20_1-136-0\" class=\"sr7-layer\">P\u00e9\u010de o n\u00e1kladn\u00ed vozy & Parkov\u00e1n\u00ed<\/sr7-txt>\n\t\t\t\t\t\t<\/sr7-slide>\n\t\t\t\t\t\t<sr7-slide id=\"SR7_20_1-83\" data-key=\"83\">\n\t\t\t\t\t\t<\/sr7-slide>\n\t\t\t\t\t<\/sr7-content>\n\t\t\t\t\t<image_lists style=\"display:none\">\n\t\t\t\t\t\t<img data-src=\"\/\/www.m-rast.at\/wp-content\/uploads\/2024\/10\/LKWPFLEGE_PARKING_1-scaled.jpg\" data-libid=\"2367\" data-lib=\"medialibrary\" title=\"LKWPFLEGE_PARKING_1\" width=\"0\" height=\"0\" data-dbsrc=\"Ly93d3cubS1yYXN0LmF0L3dwLWNvbnRlbnQvdXBsb2Fkcy8yMDI0LzEwL0xLV1BGTEVHRV9QQVJLSU5HXzEtc2NhbGVkLmpwZw==\"\/>\n\t\t\t\t\t\t<img data-src=\"\/\/www.m-rast.at\/wp-content\/uploads\/2024\/11\/Moderne_Sanita\u0308rraume_Slide_2-scaled.jpg\" data-libid=\"3148\" data-lib=\"medialibrary\" title=\"Moderne_Sanita\u0308rraume_Slide_2\" width=\"0\" height=\"0\" data-dbsrc=\"Ly93d3cubS1yYXN0LmF0L3dwLWNvbnRlbnQvdXBsb2Fkcy8yMDI0LzExL01vZGVybmVfU2FuaXRhzIhycmF1bWVfU2xpZGVfMi1zY2FsZWQuanBn\"\/>\n\t\t\t\t\t\t<img data-src=\"\/\/www.m-rast.at\/wp-content\/uploads\/2024\/10\/LKWPFLEGE_PARKING_3-scaled.jpg\" data-libid=\"2371\" data-lib=\"medialibrary\" title=\"LKWPFLEGE_PARKING_3\" width=\"0\" height=\"0\" data-dbsrc=\"Ly93d3cubS1yYXN0LmF0L3dwLWNvbnRlbnQvdXBsb2Fkcy8yMDI0LzEwL0xLV1BGTEVHRV9QQVJLSU5HXzMtc2NhbGVkLmpwZw==\"\/>\n\t\t\t\t\t\t<img loading=\"lazy\" data-src=\"\/\/www.m-rast.at\/wp-content\/uploads\/2024\/10\/LKWPFLEGE_PARKING_4-1536x1116.png\" data-libid=\"2375\" data-lib=\"medialibrary\" title=\"LKWPFLEGE_PARKING_4\" width=\"0\" height=\"0\" data-dbsrc=\"Ly93d3cubS1yYXN0LmF0L3dwLWNvbnRlbnQvdXBsb2Fkcy8yMDI0LzEwL0xLV1BGTEVHRV9QQVJLSU5HXzQtMTUzNngxMTE2LnBuZw==\"\/>\n\t\t\t\t\t\t<img loading=\"lazy\" data-src=\"\/\/www.m-rast.at\/wp-content\/uploads\/2024\/10\/LKWPFLEGE_PARKING_5-1536x1024.jpg\" data-libid=\"2377\" data-lib=\"medialibrary\" title=\"LKWPFLEGE_PARKING_5\" width=\"0\" height=\"0\" data-dbsrc=\"Ly93d3cubS1yYXN0LmF0L3dwLWNvbnRlbnQvdXBsb2Fkcy8yMDI0LzEwL0xLV1BGTEVHRV9QQVJLSU5HXzUtMTUzNngxMDI0LmpwZw==\"\/>\n\t\t\t\t\t\t<img loading=\"lazy\" data-src=\"\/\/www.m-rast.at\/wp-content\/uploads\/2024\/10\/LKWPFLEGE_PARKING_6-1536x1025.jpg\" data-libid=\"2379\" data-lib=\"medialibrary\" title=\"LKWPFLEGE_PARKING_6\" width=\"0\" height=\"0\" data-dbsrc=\"Ly93d3cubS1yYXN0LmF0L3dwLWNvbnRlbnQvdXBsb2Fkcy8yMDI0LzEwL0xLV1BGTEVHRV9QQVJLSU5HXzYtMTUzNngxMDI1LmpwZw==\"\/>\n\t\t\t\t\t\t<img loading=\"lazy\" data-src=\"\/\/www.m-rast.at\/wp-content\/uploads\/2024\/10\/LKWPFLEGE_PARKING_7-1536x1025.jpg\" data-libid=\"2381\" data-lib=\"medialibrary\" title=\"LKWPFLEGE_PARKING_7\" width=\"0\" height=\"0\" data-dbsrc=\"Ly93d3cubS1yYXN0LmF0L3dwLWNvbnRlbnQvdXBsb2Fkcy8yMDI0LzEwL0xLV1BGTEVHRV9QQVJLSU5HXzctMTUzNngxMDI1LmpwZw==\"\/>\n\t\t\t\t\t<\/image_lists>\n\t\t\t\t<\/sr7-module>\n\t\t\t\t<script>\n\t\t\t\t\tSR7.PMH ??={}; SR7.PMH[\"SR7_20_1\"] = {cn:100,state:false,fn: function() { if (_tpt!==undefined && _tpt.prepareModuleHeight !== undefined) {  _tpt.prepareModuleHeight({id:\"SR7_20_1\",el:[380,380,355,150,150],type:'standard',shdw:'0',gh:[380,380,380,180,180],gw:[1240,1240,1024,778,480],vpt:['100px&#039;,&#039;100px&#039;,&#039;100px&#039;,&#039;100px&#039;,&#039;100px'],size:{fullWidth:true, fullHeight:false},mh:'0',onh:0,onw:0,bg:{color:'{\"orig\":\"transparent\",\"type\":\"solid\",\"string\":\"transparent\"}'}});   SR7.PMH[\"SR7_20_1\"].state=true;} else if(SR7.PMH[\"SR7_20_1\"].cn-->0)\tsetTimeout( SR7.PMH[\"SR7_20_1\"].fn,19);}};SR7.PMH[\"SR7_20_1\" ].fn();\n\t\t\t\t<\/script>\n<\/div>\n\n\t\t\t\t\t\t<\/div>\n\t\t\t\t<\/div>\n\t\t\t\t<\/div>\n\t\t<div class=\"elementor-element elementor-element-9f85127 e-flex e-con-boxed e-con e-parent\" data-id=\"9f85127\" data-element_type=\"container\" data-e-type=\"container\" data-settings=\"{&quot;background_background&quot;:&quot;classic&quot;}\">\n\t\t\t\t\t<div class=\"e-con-inner\">\n\t\t<div class=\"elementor-element elementor-element-39809f9 e-con-full e-flex e-con e-child\" data-id=\"39809f9\" data-element_type=\"container\" data-e-type=\"container\" data-settings=\"{&quot;background_background&quot;:&quot;classic&quot;}\">\n\t\t<div class=\"elementor-element elementor-element-b976bca e-con-full e-flex e-con e-child\" data-id=\"b976bca\" data-element_type=\"container\" data-e-type=\"container\">\n\t\t\t\t<div class=\"elementor-element elementor-element-c5b7e7a elementor-widget elementor-widget-heading\" data-id=\"c5b7e7a\" data-element_type=\"widget\" data-e-type=\"widget\" data-widget_type=\"heading.default\">\n\t\t\t\t<div class=\"elementor-widget-container\">\n\t\t\t\t\t<h2 class=\"elementor-heading-title elementor-size-default\">Otev\u00edrac\u00ed doba my\u010dky n\u00e1kladn\u00edch vozidel:<\/h2>\t\t\t\t<\/div>\n\t\t\t\t<\/div>\n\t\t\t\t<div class=\"elementor-element elementor-element-b21770f elementor-widget elementor-widget-text-editor\" data-id=\"b21770f\" data-element_type=\"widget\" data-e-type=\"widget\" data-widget_type=\"text-editor.default\">\n\t\t\t\t<div class=\"elementor-widget-container\">\n\t\t\t\t\t\t\t\t\t<br><br> Pond\u011bl\u00ed: 06:30 &#8211; 15:30 \u00dater\u00fd &#8211; p\u00e1tek: 06:30 &#8211; 19:30 Sobota: 06:30 &#8211; 11:30\t\t\t\t\t\t\t\t<\/div>\n\t\t\t\t<\/div>\n\t\t\t\t<\/div>\n\t\t<div class=\"elementor-element elementor-element-95f6b7b e-con-full e-flex e-con e-child\" data-id=\"95f6b7b\" data-element_type=\"container\" data-e-type=\"container\" data-settings=\"{&quot;background_background&quot;:&quot;classic&quot;}\">\n\t\t\t\t<div class=\"elementor-element elementor-element-388409c elementor-widget elementor-widget-heading\" data-id=\"388409c\" data-element_type=\"widget\" data-e-type=\"widget\" data-widget_type=\"heading.default\">\n\t\t\t\t<div class=\"elementor-widget-container\">\n\t\t\t\t\t<h2 class=\"elementor-heading-title elementor-size-default\">Myt\u00ed n\u00e1kladn\u00edch vozidel<\/h2>\t\t\t\t<\/div>\n\t\t\t\t<\/div>\n\t\t\t\t<div class=\"elementor-element elementor-element-16f8a62 elementor-widget elementor-widget-text-editor\" data-id=\"16f8a62\" data-element_type=\"widget\" data-e-type=\"widget\" data-widget_type=\"text-editor.default\">\n\t\t\t\t<div class=\"elementor-widget-container\">\n\t\t\t\t\t\t\t\t\t<table class=\"truckpricing\">\n<tbody>\n<tr>\n<td colspan=\"2\" style=\"text-align:left;font-size:24px;font-weight:bold\">Ceny myt\u00ed n\u00e1kladn\u00edch vozidel<\/td>\n<\/tr>\n<tr>\n<td>Kloubov\u00fd n\u00e1kladn\u00ed automobil s p\u0159\u00edv\u011bsem s jedn\u00edm kart\u00e1\u010dem<\/td><td>\u20ac 42,00<\/td>\n<\/tr>\n<tr>\n<td>Kloubov\u00fd n\u00e1kladn\u00ed automobil\/n\u00e1kladn\u00ed souprava s dvojit\u00fdm kart\u00e1\u010dem<\/td><td>\u20ac 52,00<\/td>\n<\/tr>\n<tr>\n<td>Kloubov\u00e1 souprava n\u00e1kladn\u00edho automobilu a p\u0159\u00edv\u011bsu Aktivn\u00ed p\u011bna<\/td><td>\u20ac 7,50<\/td>\n<\/tr>\n<tr>\n<td>Kloubov\u00fd podvozek n\u00e1kladn\u00edho automobilu s p\u0159\u00edv\u011bsem<\/td><td>\u20ac 15,00<\/td>\n<\/tr>\n<tr>\n<td>Motorov\u00fd voz\u00edk<\/td><td>\u20ac 32,00<\/td>\n<\/tr>\n<tr>\n<td>Minibus a obytn\u00fd v\u016fz<\/td><td>\u20ac 22,00<\/td>\n<\/tr>\n<tr>\n<td>Aktivn\u00ed p\u011bna obytn\u00fd v\u016fz, mikrobus, karavan<\/td><td>\u20ac 5,50<\/td>\n<\/tr>\n<tr>\n<td>Podvozek obytn\u00e9ho vozu, minibusu, karavanu<\/td><td>\u20ac 12,50<\/td>\n<\/tr>\n<tr>\n<td>Tren\u00e9r<\/td><td>\u20ac 40,00<\/td>\n<\/tr>\n<tr>\n<td>Myt\u00ed vnit\u0159ku sila<\/td><td>\u20ac 47,00<\/td>\n<\/tr>\n<tr>\n<td>Su\u0161en\u00ed v sile<\/td><td>\u20ac 37,50<\/td>\n<\/tr>\n<tr>\n<td>Vysok\u00fd tlak za 20 min<\/td><td>\u20ac 20,00<\/td>\n<\/tr>\n<tr>\n<td>Kulat\u00e1 d\u0159ev\u011bn\u00e1 konstrukce Vysok\u00fd tlak 40 min<\/td><td>\u20ac 45,80<\/td>\n<\/tr>\n<tr>\n<td>P\u0159\u00edplatek pro zam\u011bstnance 30 min<\/td><td>\u20ac 9,00<\/td>\n<\/tr>\n<\/tbody>\n<\/table>\t\t\t\t\t\t\t\t<\/div>\n\t\t\t\t<\/div>\n\t\t\t\t<div class=\"elementor-element elementor-element-e5edd1b elementor-widget elementor-widget-text-editor\" data-id=\"e5edd1b\" data-element_type=\"widget\" data-e-type=\"widget\" data-widget_type=\"text-editor.default\">\n\t\t\t\t<div class=\"elementor-widget-container\">\n\t\t\t\t\t\t\t\t\t<p>V\u0161echny ceny bez DPH <\/p>\n\t\t\t\t\t\t\t\t<\/div>\n\t\t\t\t<\/div>\n\t\t\t\t<\/div>\n\t\t<div class=\"elementor-element elementor-element-b69d332 e-con-full e-flex e-con e-child\" data-id=\"b69d332\" data-element_type=\"container\" data-e-type=\"container\">\n\t\t\t\t<div class=\"elementor-element elementor-element-86f1a02 elementor-widget elementor-widget-heading\" data-id=\"86f1a02\" data-element_type=\"widget\" data-e-type=\"widget\" data-widget_type=\"heading.default\">\n\t\t\t\t<div class=\"elementor-widget-container\">\n\t\t\t\t\t<h2 class=\"elementor-heading-title elementor-size-default\">Parkov\u00e1n\u00ed n\u00e1kladn\u00edch vozidel<\/h2>\t\t\t\t<\/div>\n\t\t\t\t<\/div>\n\t\t<div class=\"elementor-element elementor-element-447dcda e-con-full e-flex e-con e-child\" data-id=\"447dcda\" data-element_type=\"container\" data-e-type=\"container\">\n\t\t\t\t<div class=\"elementor-element elementor-element-9ac78ca elementor-widget elementor-widget-text-editor\" data-id=\"9ac78ca\" data-element_type=\"widget\" data-e-type=\"widget\" data-widget_type=\"text-editor.default\">\n\t\t\t\t<div class=\"elementor-widget-container\">\n\t\t\t\t\t\t\t\t\t<p class=\"p1\">U vjezdu na parkovi\u0161t\u011b pro n\u00e1kladn\u00ed automobily je automat na j\u00edzdenky. <\/p>\n<p>Tento l\u00edstek slou\u017e\u00ed k v\u00fdpo\u010dtu doby parkov\u00e1n\u00ed a je vy\u017eadov\u00e1n p\u0159i v\u00fdjezdu. <\/p>\n<p class=\"p1\">Parkovi\u0161t\u011b pro n\u00e1kladn\u00ed vozidla je pod dohledem kamer a nach\u00e1z\u00ed se p\u0159\u00edmo za budovou M-Rast, tak\u017ee zde m\u016f\u017eete bezpe\u010dn\u011b zaparkovat.<b><br \/><\/b><\/p>\n\t\t\t\t\t\t\t\t<\/div>\n\t\t\t\t<\/div>\n\t\t\t\t<div class=\"elementor-element elementor-element-a350d8a elementor-widget elementor-widget-heading\" data-id=\"a350d8a\" data-element_type=\"widget\" data-e-type=\"widget\" data-widget_type=\"heading.default\">\n\t\t\t\t<div class=\"elementor-widget-container\">\n\t\t\t\t\t<h2 class=\"elementor-heading-title elementor-size-default\">Plat\u00ed n\u00e1sleduj\u00edc\u00ed tarify:<\/h2>\t\t\t\t<\/div>\n\t\t\t\t<\/div>\n\t\t\t\t<\/div>\n\t\t<div class=\"elementor-element elementor-element-31cd4ac e-con-full e-flex e-con e-child\" data-id=\"31cd4ac\" data-element_type=\"container\" data-e-type=\"container\" data-settings=\"{&quot;background_background&quot;:&quot;classic&quot;}\">\n\t\t\t\t<div class=\"elementor-element elementor-element-34768d8 elementor-widget elementor-widget-text-editor\" data-id=\"34768d8\" data-element_type=\"widget\" data-e-type=\"widget\" data-widget_type=\"text-editor.default\">\n\t\t\t\t<div class=\"elementor-widget-container\">\n\t\t\t\t\t\t\t\t\t<p class=\"p1\">1h = zdarma<\/p>\n<p class=\"p1\">  12h = 5,00 \u20ac  <\/p><p class=\"p1\">  24h = 7,50 \u20ac  <\/p><p class=\"p1\">  V\u00edkend: 12,50 \u20ac  <\/p><p class=\"p1\">  P\u00e1 12:00 &#8211; Po 06:00 = 12,50\u20ac  <\/p>\t\t\t\t\t\t\t\t<\/div>\n\t\t\t\t<\/div>\n\t\t\t\t<\/div>\n\t\t<div class=\"elementor-element elementor-element-6b77b03 e-con-full e-flex e-con e-child\" data-id=\"6b77b03\" data-element_type=\"container\" data-e-type=\"container\">\n\t\t\t\t<div class=\"elementor-element elementor-element-afc5dba elementor-widget elementor-widget-text-editor\" data-id=\"afc5dba\" data-element_type=\"widget\" data-e-type=\"widget\" data-widget_type=\"text-editor.default\">\n\t\t\t\t<div class=\"elementor-widget-container\">\n\t\t\t\t\t\t\t\t\tSpot\u0159eba v obchod\u011b nebo restauraci se vyrovn\u00e1v\u00e1 v pom\u011bru 1:1.<br>  \u00da\u010dtov\u00e1n\u00ed prob\u00edh\u00e1 na pokladn\u011b.<br>  P\u0159\u00edv\u011bsy, n\u00e1v\u011bsy, v\u00fdm\u011bnn\u00e9 n\u00e1stavby apod. lze parkovat pouze na \u0161t\u011brkov\u00e9m parkovi\u0161ti (zadn\u00ed \u010d\u00e1st). I zde se plat\u00ed parkovn\u00e9. <br>  Poru\u0161en\u00ed bude potrest\u00e1no \u017ealobou za ru\u0161en\u00ed dr\u017eby.\t\t\t\t\t\t\t\t<\/div>\n\t\t\t\t<\/div>\n\t\t\t\t<\/div>\n\t\t\t\t<\/div>\n\t\t\t\t<\/div>\n\t\t\t\t\t<\/div>\n\t\t\t\t<\/div>\n\t\t<div class=\"elementor-element elementor-element-48f89e2 e-flex e-con-boxed e-con e-parent\" data-id=\"48f89e2\" data-element_type=\"container\" data-e-type=\"container\" id=\"ringevents\" data-settings=\"{&quot;background_background&quot;:&quot;classic&quot;}\">\n\t\t\t\t\t<div class=\"e-con-inner\">\n\t\t<div class=\"elementor-element elementor-element-fe70932 e-con-full e-flex e-con e-child\" data-id=\"fe70932\" data-element_type=\"container\" data-e-type=\"container\" data-settings=\"{&quot;background_background&quot;:&quot;classic&quot;}\">\n\t\t<div class=\"elementor-element elementor-element-8d8b35a e-con-full e-flex e-con e-child\" data-id=\"8d8b35a\" data-element_type=\"container\" data-e-type=\"container\">\n\t\t\t\t<div class=\"elementor-element elementor-element-435fe56 elementor-widget elementor-widget-heading\" data-id=\"435fe56\" data-element_type=\"widget\" data-e-type=\"widget\" data-widget_type=\"heading.default\">\n\t\t\t\t<div class=\"elementor-widget-container\">\n\t\t\t\t\t<h2 class=\"elementor-heading-title elementor-size-default\">Rezervace parkov\u00e1n\u00ed pro n\u00e1kladn\u00ed automobily RING EVENTS<\/h2>\t\t\t\t<\/div>\n\t\t\t\t<\/div>\n\t\t\t\t<div class=\"elementor-element elementor-element-2b98e3c elementor-widget elementor-widget-text-editor\" data-id=\"2b98e3c\" data-element_type=\"widget\" data-e-type=\"widget\" data-widget_type=\"text-editor.default\">\n\t\t\t\t<div class=\"elementor-widget-container\">\n\t\t\t\t\t\t\t\t\t<p>V\u0161echny dotazy zas\u00edlejte na adresu <strong><a href=\"mailto:m.mayer@mayer.at\">m.mayer@mayer.at<\/a><\/strong><\/p>\n\t\t\t\t\t\t\t\t<\/div>\n\t\t\t\t<\/div>\n\t\t\t\t<\/div>\n\t\t\t\t<\/div>\n\t\t\t\t\t<\/div>\n\t\t\t\t<\/div>\n\t\t<div class=\"elementor-element elementor-element-867e550 e-flex e-con-boxed e-con e-parent\" data-id=\"867e550\" data-element_type=\"container\" data-e-type=\"container\" data-settings=\"{&quot;background_background&quot;:&quot;classic&quot;}\">\n\t\t\t\t\t<div class=\"e-con-inner\">\n\t\t<div class=\"elementor-element elementor-element-37f19fa e-con-full e-flex e-con e-child\" data-id=\"37f19fa\" data-element_type=\"container\" data-e-type=\"container\" data-settings=\"{&quot;background_background&quot;:&quot;classic&quot;}\">\n\t\t<div class=\"elementor-element elementor-element-3a44cea e-con-full e-flex e-con e-child\" data-id=\"3a44cea\" data-element_type=\"container\" data-e-type=\"container\">\n\t\t\t\t<div class=\"elementor-element elementor-element-5fee85d elementor-widget elementor-widget-heading\" data-id=\"5fee85d\" data-element_type=\"widget\" data-e-type=\"widget\" data-widget_type=\"heading.default\">\n\t\t\t\t<div class=\"elementor-widget-container\">\n\t\t\t\t\t<h2 class=\"elementor-heading-title elementor-size-default\">R\u016fzn\u00e9<\/h2>\t\t\t\t<\/div>\n\t\t\t\t<\/div>\n\t\t\t\t<div class=\"elementor-element elementor-element-042422c elementor-widget elementor-widget-text-editor\" data-id=\"042422c\" data-element_type=\"widget\" data-e-type=\"widget\" data-widget_type=\"text-editor.default\">\n\t\t\t\t<div class=\"elementor-widget-container\">\n\t\t\t\t\t\t\t\t\tNa\u0161e slu\u017eby v\u00e1m nab\u00edzej\u00ed \u0161irokou \u0161k\u00e1lu slu\u017eeb, v\u010detn\u011b samostatn\u00e9ho soci\u00e1ln\u00edho za\u0159\u00edzen\u00ed, modern\u00edch pra\u010dek, \u00fatuln\u00e9 restaurace a restaurace s bezplatn\u00fdm Wi-Fi. <a href=\"https:\/\/www.mt-hotel.at\/\" target=\"_blank\" rel=\"noopener\"><b>MT Hotel <\/b><\/a>pro p\u0159\u00edjemn\u00e9 p\u0159enocov\u00e1n\u00ed. Pro va\u0161e n\u00e1kupy je nep\u0159etr\u017eit\u011b otev\u0159en tak\u00e9 n\u00e1\u0161 supermarket Spar. \t\t\t\t\t\t\t\t<\/div>\n\t\t\t\t<\/div>\n\t\t\t\t<\/div>\n\t\t\t\t<\/div>\n\t\t\t\t\t<\/div>\n\t\t\t\t<\/div>\n\t\t<div class=\"elementor-element elementor-element-8b9706d e-con-full e-flex e-con e-parent\" data-id=\"8b9706d\" data-element_type=\"container\" data-e-type=\"container\" data-settings=\"{&quot;background_background&quot;:&quot;classic&quot;}\">\n\t\t\t\t<div class=\"elementor-element elementor-element-1798777 elementor-widget elementor-widget-google_maps\" data-id=\"1798777\" data-element_type=\"widget\" data-e-type=\"widget\" data-widget_type=\"google_maps.default\">\n\t\t\t\t<div class=\"elementor-widget-container\">\n\t\t\t\t\t\t\t<div class=\"elementor-custom-embed\">\n\t\t\t<iframe loading=\"lazy\"\n\t\t\t\t\tsrc=\"https:\/\/maps.google.com\/maps?q=47.19465503640765%2C14.72089738149316&#038;t=m&#038;z=18&#038;output=embed&#038;iwloc=near\"\n\t\t\t\t\ttitle=\"47.19465503640765,14.72089738149316\"\n\t\t\t\t\taria-label=\"47.19465503640765,14.72089738149316\"\n\t\t\t><\/iframe>\n\t\t<\/div>\n\t\t\t\t\t\t<\/div>\n\t\t\t\t<\/div>\n\t\t\t\t<\/div>\n\t\t<div class=\"elementor-element elementor-element-43e56e40 e-flex e-con-boxed e-con e-parent\" data-id=\"43e56e40\" data-element_type=\"container\" data-e-type=\"container\" data-settings=\"{&quot;background_background&quot;:&quot;classic&quot;}\">\n\t\t\t\t\t<div class=\"e-con-inner\">\n\t\t<div class=\"elementor-element elementor-element-f92501e e-flex e-con-boxed e-con e-child\" data-id=\"f92501e\" data-element_type=\"container\" data-e-type=\"container\">\n\t\t\t\t\t<div class=\"e-con-inner\">\n\t\t<a class=\"elementor-element elementor-element-80df137 e-con-full e-flex e-con e-child\" data-id=\"80df137\" data-element_type=\"container\" data-e-type=\"container\" data-settings=\"{&quot;background_background&quot;:&quot;classic&quot;}\" href=\"https:\/\/www.m-rast.at\/cs\/restaurace\/\">\n\t\t\t\t<div class=\"elementor-element elementor-element-eeead52 elementor-widget elementor-widget-image\" data-id=\"eeead52\" data-element_type=\"widget\" data-e-type=\"widget\" data-widget_type=\"image.default\">\n\t\t\t\t<div class=\"elementor-widget-container\">\n\t\t\t\t\t\t\t\t\t\t\t\t\t\t\t<img loading=\"lazy\" decoding=\"async\" width=\"175\" height=\"214\" src=\"https:\/\/www.m-rast.at\/wp-content\/uploads\/2024\/09\/Restaurant-1.png\" class=\"attachment-medium size-medium wp-image-2798\" alt=\"\" \/>\t\t\t\t\t\t\t\t\t\t\t\t\t\t\t<\/div>\n\t\t\t\t<\/div>\n\t\t\t\t<\/a>\n\t\t<a class=\"elementor-element elementor-element-33ff44b e-con-full e-flex e-con e-child\" data-id=\"33ff44b\" data-element_type=\"container\" data-e-type=\"container\" data-settings=\"{&quot;background_background&quot;:&quot;classic&quot;}\" href=\"https:\/\/www.m-rast.at\/cs\/spar-market\/\">\n\t\t\t\t<div class=\"elementor-element elementor-element-3e7f9dc elementor-widget elementor-widget-image\" data-id=\"3e7f9dc\" data-element_type=\"widget\" data-e-type=\"widget\" data-widget_type=\"image.default\">\n\t\t\t\t<div class=\"elementor-widget-container\">\n\t\t\t\t\t\t\t\t\t\t\t\t\t\t\t<img loading=\"lazy\" decoding=\"async\" width=\"175\" height=\"167\" src=\"https:\/\/www.m-rast.at\/wp-content\/uploads\/2024\/09\/Supermarkt-1.png\" class=\"attachment-medium size-medium wp-image-2797\" alt=\"\" \/>\t\t\t\t\t\t\t\t\t\t\t\t\t\t\t<\/div>\n\t\t\t\t<\/div>\n\t\t\t\t<\/a>\n\t\t<a class=\"elementor-element elementor-element-d245d7b e-con-full e-flex e-con e-child\" data-id=\"d245d7b\" data-element_type=\"container\" data-e-type=\"container\" data-settings=\"{&quot;background_background&quot;:&quot;classic&quot;}\" href=\"https:\/\/www.m-rast.at\/cs\/doplnovani-paliva-a-nabijeni\/\">\n\t\t\t\t<div class=\"elementor-element elementor-element-c9b6b84 elementor-widget elementor-widget-image\" data-id=\"c9b6b84\" data-element_type=\"widget\" data-e-type=\"widget\" data-widget_type=\"image.default\">\n\t\t\t\t<div class=\"elementor-widget-container\">\n\t\t\t\t\t\t\t\t\t\t\t\t\t\t\t<img loading=\"lazy\" decoding=\"async\" width=\"175\" height=\"214\" src=\"https:\/\/www.m-rast.at\/wp-content\/uploads\/2024\/09\/Tanken-1.png\" class=\"attachment-medium size-medium wp-image-2796\" alt=\"\" \/>\t\t\t\t\t\t\t\t\t\t\t\t\t\t\t<\/div>\n\t\t\t\t<\/div>\n\t\t\t\t<\/a>\n\t\t<a class=\"elementor-element elementor-element-6269b6f e-con-full e-flex e-con e-child\" data-id=\"6269b6f\" data-element_type=\"container\" data-e-type=\"container\" data-settings=\"{&quot;background_background&quot;:&quot;classic&quot;}\" href=\"https:\/\/www.m-rast.at\/cs\/pece-o-auto\/\">\n\t\t\t\t<div class=\"elementor-element elementor-element-ebd5ae8 elementor-widget elementor-widget-image\" data-id=\"ebd5ae8\" data-element_type=\"widget\" data-e-type=\"widget\" data-widget_type=\"image.default\">\n\t\t\t\t<div class=\"elementor-widget-container\">\n\t\t\t\t\t\t\t\t\t\t\t\t\t\t\t<img loading=\"lazy\" decoding=\"async\" width=\"175\" height=\"136\" src=\"https:\/\/www.m-rast.at\/wp-content\/uploads\/2024\/09\/PKWWaschen.png\" class=\"attachment-medium size-medium wp-image-2799\" alt=\"\" \/>\t\t\t\t\t\t\t\t\t\t\t\t\t\t\t<\/div>\n\t\t\t\t<\/div>\n\t\t\t\t<\/a>\n\t\t<a class=\"elementor-element elementor-element-5496adb e-con-full e-flex e-con e-child\" data-id=\"5496adb\" data-element_type=\"container\" data-e-type=\"container\" data-settings=\"{&quot;background_background&quot;:&quot;classic&quot;}\" href=\"https:\/\/www.m-rast.at\/cs\/udrzba-a-parkovani-nakladnich-vozidel\/\">\n\t\t\t\t<div class=\"elementor-element elementor-element-8baf6e6 elementor-widget elementor-widget-image\" data-id=\"8baf6e6\" data-element_type=\"widget\" data-e-type=\"widget\" data-widget_type=\"image.default\">\n\t\t\t\t<div class=\"elementor-widget-container\">\n\t\t\t\t\t\t\t\t\t\t\t\t\t\t\t<img loading=\"lazy\" decoding=\"async\" width=\"300\" height=\"152\" src=\"https:\/\/www.m-rast.at\/wp-content\/uploads\/2024\/11\/LKW-weiss-300x152.png\" class=\"attachment-medium size-medium wp-image-2967\" alt=\"\" srcset=\"https:\/\/www.m-rast.at\/wp-content\/uploads\/2024\/11\/LKW-weiss-300x152.png 300w, https:\/\/www.m-rast.at\/wp-content\/uploads\/2024\/11\/LKW-weiss-768x390.png 768w, https:\/\/www.m-rast.at\/wp-content\/uploads\/2024\/11\/LKW-weiss.png 933w\" sizes=\"(max-width: 300px) 100vw, 300px\" \/>\t\t\t\t\t\t\t\t\t\t\t\t\t\t\t<\/div>\n\t\t\t\t<\/div>\n\t\t\t\t<\/a>\n\t\t<a class=\"elementor-element elementor-element-5c2fd90 e-con-full e-flex e-con e-child\" data-id=\"5c2fd90\" data-element_type=\"container\" data-e-type=\"container\" data-settings=\"{&quot;background_background&quot;:&quot;classic&quot;}\" href=\"https:\/\/www.m-rast.at\/cs\/slevova-karta\/\">\n\t\t\t\t<div class=\"elementor-element elementor-element-cfc98e3 elementor-widget elementor-widget-image\" data-id=\"cfc98e3\" data-element_type=\"widget\" data-e-type=\"widget\" data-widget_type=\"image.default\">\n\t\t\t\t<div class=\"elementor-widget-container\">\n\t\t\t\t\t\t\t\t\t\t\t\t\t\t\t<img loading=\"lazy\" decoding=\"async\" width=\"300\" height=\"254\" src=\"https:\/\/www.m-rast.at\/wp-content\/uploads\/2024\/11\/Rabattkarte-300x254.png\" class=\"attachment-medium size-medium wp-image-2549\" alt=\"\" srcset=\"https:\/\/www.m-rast.at\/wp-content\/uploads\/2024\/11\/Rabattkarte-300x254.png 300w, https:\/\/www.m-rast.at\/wp-content\/uploads\/2024\/11\/Rabattkarte-768x650.png 768w, https:\/\/www.m-rast.at\/wp-content\/uploads\/2024\/11\/Rabattkarte.png 934w\" sizes=\"(max-width: 300px) 100vw, 300px\" \/>\t\t\t\t\t\t\t\t\t\t\t\t\t\t\t<\/div>\n\t\t\t\t<\/div>\n\t\t\t\t<\/a>\n\t\t\t\t\t<\/div>\n\t\t\t\t<\/div>\n\t\t\t\t\t<\/div>\n\t\t\t\t<\/div>\n\t\t\t\t<\/div>\n\t\t","protected":false},"excerpt":{"rendered":"<p>Otev\u00edrac\u00ed doba my\u010dky n\u00e1kladn\u00edch vozidel: Pond\u011bl\u00ed: 06:30 &#8211; 15:30 \u00dater\u00fd &#8211; p\u00e1tek: 06:30 &#8211; 19:30 Sobota: 06:30 &#8211; 11:30 Myt\u00ed n\u00e1kladn\u00edch vozidel Ceny myt\u00ed n\u00e1kladn\u00edch vozidel Kloubov\u00fd n\u00e1kladn\u00ed automobil s p\u0159\u00edv\u011bsem s jedn\u00edm kart\u00e1\u010dem \u20ac 42,00 Kloubov\u00fd n\u00e1kladn\u00ed automobil\/n\u00e1kladn\u00ed souprava s dvojit\u00fdm kart\u00e1\u010dem \u20ac 52,00 Kloubov\u00e1 souprava n\u00e1kladn\u00edho automobilu a p\u0159\u00edv\u011bsu Aktivn\u00ed p\u011bna \u20ac 7,50 [&hellip;]<\/p>\n","protected":false},"author":1,"featured_media":0,"parent":0,"menu_order":0,"comment_status":"closed","ping_status":"closed","template":"","meta":{"_acf_changed":false,"_eb_attr":"","footnotes":""},"class_list":["post-2965","page","type-page","status-publish","hentry"],"acf":[],"_links":{"self":[{"href":"https:\/\/www.m-rast.at\/cs\/wp-json\/wp\/v2\/pages\/2965","targetHints":{"allow":["GET"]}}],"collection":[{"href":"https:\/\/www.m-rast.at\/cs\/wp-json\/wp\/v2\/pages"}],"about":[{"href":"https:\/\/www.m-rast.at\/cs\/wp-json\/wp\/v2\/types\/page"}],"author":[{"embeddable":true,"href":"https:\/\/www.m-rast.at\/cs\/wp-json\/wp\/v2\/users\/1"}],"replies":[{"embeddable":true,"href":"https:\/\/www.m-rast.at\/cs\/wp-json\/wp\/v2\/comments?post=2965"}],"version-history":[{"count":2,"href":"https:\/\/www.m-rast.at\/cs\/wp-json\/wp\/v2\/pages\/2965\/revisions"}],"predecessor-version":[{"id":3461,"href":"https:\/\/www.m-rast.at\/cs\/wp-json\/wp\/v2\/pages\/2965\/revisions\/3461"}],"wp:attachment":[{"href":"https:\/\/www.m-rast.at\/cs\/wp-json\/wp\/v2\/media?parent=2965"}],"curies":[{"name":"wp","href":"https:\/\/api.w.org\/{rel}","templated":true}]}}