{"id":2948,"date":"2024-10-12T12:07:11","date_gmt":"2024-10-12T11:07:11","guid":{"rendered":"https:\/\/mrast.nexit.at\/casto-kladene-dotazy\/"},"modified":"2024-11-05T13:20:25","modified_gmt":"2024-11-05T12:20:25","slug":"casto-kladene-dotazy","status":"publish","type":"page","link":"https:\/\/www.m-rast.at\/cs\/casto-kladene-dotazy\/","title":{"rendered":"\u010cASTO KLADEN\u00c9 DOTAZY"},"content":{"rendered":"\t\t<div data-elementor-type=\"wp-page\" data-elementor-id=\"2948\" class=\"elementor elementor-2948 elementor-1346\" data-elementor-post-type=\"page\">\n\t\t\t\t<div class=\"elementor-element elementor-element-d475523 e-con-full e-flex e-con e-parent\" data-id=\"d475523\" data-element_type=\"container\" data-e-type=\"container\" data-settings=\"{&quot;background_background&quot;:&quot;classic&quot;}\">\n\t\t\t\t<div class=\"elementor-element elementor-element-7cea816 elementor-widget elementor-widget-slider_revolution\" data-id=\"7cea816\" data-element_type=\"widget\" data-e-type=\"widget\" data-widget_type=\"slider_revolution.default\">\n\t\t\t\t<div class=\"elementor-widget-container\">\n\t\t\t\t\t\n\t\t<div class=\"wp-block-themepunch-revslider\">\n\t\t\t\t<p class=\"rs-p-wp-fix\"><\/p>\n\t\t\t\t<sr7-module data-alias=\"rabattkarte-11\" data-id=\"26\" id=\"SR7_26_1\" class=\"rs-ov-hidden\" data-version=\"6.7.25\">\n\t\t\t\t\t<sr7-adjuster><\/sr7-adjuster>\n\t\t\t\t\t<sr7-content>\n\t\t\t\t\t\t<sr7-slide id=\"SR7_26_1-116\" data-key=\"116\">\n\t\t\t\t\t\t\t<sr7-bg id=\"SR7_26_1-116-1\" class=\"sr7-layer\"><noscript><img decoding=\"async\" src=\"https:\/\/www.m-rast.at\/wp-content\/uploads\/2024\/10\/FAQ_1.jpg\" alt=\"\" title=\"FAQ_1\"><\/noscript><\/sr7-bg>\n\t\t\t\t\t\t\t<sr7-txt id=\"SR7_26_1-116-0\" class=\"sr7-layer\">FAQ<\/sr7-txt>\n\t\t\t\t\t\t<\/sr7-slide>\n\t\t\t\t\t\t<sr7-slide id=\"SR7_26_1-118\" data-key=\"118\">\n\t\t\t\t\t\t<\/sr7-slide>\n\t\t\t\t\t<\/sr7-content>\n\t\t\t\t\t<image_lists style=\"display:none\">\n\t\t\t\t\t\t<img data-src=\"\/\/www.m-rast.at\/wp-content\/uploads\/2024\/10\/FAQ_1.jpg\" data-libid=\"2442\" data-lib=\"medialibrary\" title=\"FAQ_1\" width=\"0\" height=\"0\" data-dbsrc=\"Ly93d3cubS1yYXN0LmF0L3dwLWNvbnRlbnQvdXBsb2Fkcy8yMDI0LzEwL0ZBUV8xLmpwZw==\"\/>\n\t\t\t\t\t<\/image_lists>\n\t\t\t\t<\/sr7-module>\n\t\t\t\t<script>\n\t\t\t\t\tSR7.PMH ??={}; SR7.PMH[\"SR7_26_1\"] = {cn:100,state:false,fn: function() { if (_tpt!==undefined && _tpt.prepareModuleHeight !== undefined) {  _tpt.prepareModuleHeight({id:\"SR7_26_1\",el:[380,380,355,150,150],type:'standard',shdw:'0',gh:[380,380,380,180,180],gw:[1240,1240,1024,778,480],vpt:['100px&#039;,&#039;100px&#039;,&#039;100px&#039;,&#039;100px&#039;,&#039;100px'],size:{fullWidth:true, fullHeight:false},mh:'0',onh:0,onw:0,bg:{color:'{\"orig\":\"transparent\",\"type\":\"solid\",\"string\":\"transparent\"}'}});   SR7.PMH[\"SR7_26_1\"].state=true;} else if(SR7.PMH[\"SR7_26_1\"].cn-->0)\tsetTimeout( SR7.PMH[\"SR7_26_1\"].fn,19);}};SR7.PMH[\"SR7_26_1\" ].fn();\n\t\t\t\t<\/script>\n<\/div>\n\n\t\t\t\t\t\t<\/div>\n\t\t\t\t<\/div>\n\t\t\t\t<\/div>\n\t\t<div class=\"elementor-element elementor-element-9f85127 e-flex e-con-boxed e-con e-parent\" data-id=\"9f85127\" data-element_type=\"container\" data-e-type=\"container\" data-settings=\"{&quot;background_background&quot;:&quot;classic&quot;}\">\n\t\t\t\t\t<div class=\"e-con-inner\">\n\t\t<div class=\"elementor-element elementor-element-39809f9 e-con-full e-flex e-con e-child\" data-id=\"39809f9\" data-element_type=\"container\" data-e-type=\"container\" data-settings=\"{&quot;background_background&quot;:&quot;classic&quot;}\">\n\t\t<div class=\"elementor-element elementor-element-b976bca e-con-full e-flex e-con e-child\" data-id=\"b976bca\" data-element_type=\"container\" data-e-type=\"container\">\n\t\t\t\t<div class=\"elementor-element elementor-element-7390ed6 elementor-widget elementor-widget-text-editor\" data-id=\"7390ed6\" data-element_type=\"widget\" data-e-type=\"widget\" data-widget_type=\"text-editor.default\">\n\t\t\t\t<div class=\"elementor-widget-container\">\n\t\t\t\t\t\t\t\t\t<p><strong>Od kdy do kdy se pod\u00e1v\u00e1 sn\u00eddan\u011b?<\/strong><\/p>\n<p>Od 5:00 do 11:00 hod.<\/p>\n<p><strong>Kdy bude k dispozici obecn\u00e1 nab\u00eddka?<\/strong><\/p>\n<p>Od 11:00 do 21:00<\/p>\n<p><strong>Je mo\u017en\u00e9 si rezervovat st\u016fl?<\/strong><\/p>\n<p>Ano, na \u010d\u00edsle 03577 24 888 622, krom\u011b v\u0161edn\u00edch dn\u016f od 12:00 do 13:30 hod.<\/p>\n<p><strong>Jsou v hospod\u011b povoleni psi?<\/strong><\/p>\n<p>Ne, v souladu s hygienick\u00fdmi p\u0159edpisy v\u00e1s bohu\u017eel mus\u00edme informovat, \u017ee dom\u00e1c\u00ed zv\u00ed\u0159ata nejsou v na\u0161em obchod\u011b ani restauraci povolena. Je v\u0161ak mo\u017en\u00e9 vz\u00edt sv\u00e9 \u010dty\u0159noh\u00e9 p\u0159\u00e1tele na terasu. <\/p>\n<p><strong>Jsme cestuj\u00edc\u00ed skupina a r\u00e1di bychom si u v\u00e1s rezervovali ubytov\u00e1n\u00ed. Je to mo\u017en\u00e9? <\/strong><\/p>\n<p>Kv\u016fli ka\u017edodenn\u00edmu provozu nen\u00ed mo\u017en\u00e9 prov\u00e1d\u011bt rezervace pro v\u011bt\u0161\u00ed skupiny. Zat\u00edm se n\u00e1m v\u0161ak poda\u0159ilo zajistit m\u00edsto pro v\u0161echny. (;  <\/p>\n<p><strong>Mohu si u v\u00e1s objednat j\u00eddlo s sebou?<\/strong><\/p>\n<p>Zavolejte pros\u00edm na \u010d\u00edslo 03577 24 888 622! Bu\u010f si p\u0159ivezte vlastn\u00ed obal, nebo v\u00e1m ho zabal\u00edme my. <\/p>\n<p><strong>M\u016f\u017eete platit kartou?<\/strong><\/p>\n<p>P\u0159irozen\u011b! P\u0159ij\u00edm\u00e1me v\u0161echny b\u011b\u017en\u00e9 platebn\u00ed metody. <\/p>\n<p><strong>Kde mohu voucher uplatnit?<\/strong><\/p>\n<p>V obchod\u011b a v restauraci. M\u016f\u017eete j\u00edm tak\u00e9 za v\u0161e zaplatit! <\/p>\n<p><strong>M\u00e1te bankomat?<\/strong><\/p>\n<p>Ano, hned vlevo za vchodem do obchodu.<\/p>\n<p><strong>Mohu si p\u0159edem objednat pe\u010divo?<\/strong><\/p>\n<p>Kdykoli ve dne i v noci na \u010d\u00edsle 03577 24 888.<\/p>\n<p><strong>Mohu zaparkovat kamion a naj\u00edst se v restauraci?<\/strong><\/p>\n<p>Ano, samoz\u0159ejm\u011b! Krom\u011b toho je parkov\u00e1n\u00ed p\u0159i jak\u00e9koli konzumaci zdarma. <\/p>\n<p><strong>Mohu vypustit n\u00e1dr\u017ee karavanu?<\/strong><\/p>\n<p>Ne, to bohu\u017eel nen\u00ed mo\u017en\u00e9.<\/p>\n<p><strong>Jak mohu tankovat AdBlue?<\/strong><\/p>\n<p>U \u010derpac\u00edch stanic pro n\u00e1kladn\u00ed automobily si nejprve v prodejn\u011b aktivujte po\u017eadovan\u00e9 \u010d\u00edslo a pot\u00e9 pohodln\u011b zapla\u0165te kartou nebo hotov\u011b u pokladny.<\/p>\n<p><strong>Mohu nab\u00edjet sv\u016fj elektromobil?  <\/strong><\/p>\n<p>Ano, s na\u0161imi 8 nab\u00edje\u010dkami Tesla Superchargers.<\/p>\n\t\t\t\t\t\t\t\t<\/div>\n\t\t\t\t<\/div>\n\t\t\t\t<\/div>\n\t\t\t\t<\/div>\n\t\t\t\t\t<\/div>\n\t\t\t\t<\/div>\n\t\t<div class=\"elementor-element elementor-element-475a9b42 e-flex e-con-boxed e-con e-parent\" data-id=\"475a9b42\" data-element_type=\"container\" data-e-type=\"container\" data-settings=\"{&quot;background_background&quot;:&quot;classic&quot;}\">\n\t\t\t\t\t<div class=\"e-con-inner\">\n\t\t<div class=\"elementor-element elementor-element-6063cc9 e-flex e-con-boxed e-con e-child\" data-id=\"6063cc9\" data-element_type=\"container\" data-e-type=\"container\">\n\t\t\t\t\t<div class=\"e-con-inner\">\n\t\t<a class=\"elementor-element elementor-element-57e38459 e-con-full e-flex e-con e-child\" data-id=\"57e38459\" data-element_type=\"container\" data-e-type=\"container\" data-settings=\"{&quot;background_background&quot;:&quot;classic&quot;}\" href=\"\/cs\/restaurace\/\">\n\t\t\t\t<div data-ra-url=\"https:\/\/www.m-rast.at\/restaurant\/\" data-ra-target=\"_self\" class=\"ra-clickable-wrapper elementor-element elementor-element-1b25f5ca elementor-widget elementor-widget-image\" style=\"cursor:pointer;\" data-id=\"1b25f5ca\" data-element_type=\"widget\" data-e-type=\"widget\" data-widget_type=\"image.default\">\n\t\t\t\t<div class=\"elementor-widget-container\">\n\t\t\t\t\t\t\t\t\t\t\t\t\t\t\t<img decoding=\"async\" width=\"175\" height=\"214\" src=\"https:\/\/www.m-rast.at\/wp-content\/uploads\/2024\/09\/Restaurant-1.png\" class=\"attachment-medium size-medium wp-image-2798\" alt=\"\" \/>\t\t\t\t\t\t\t\t\t\t\t\t\t\t\t<\/div>\n\t\t\t\t<\/div>\n\t\t\t\t<\/a>\n\t\t<a class=\"elementor-element elementor-element-53fe6a80 e-con-full e-flex e-con e-child\" data-id=\"53fe6a80\" data-element_type=\"container\" data-e-type=\"container\" data-settings=\"{&quot;background_background&quot;:&quot;classic&quot;}\" href=\"\/cs\/spar-market\/\">\n\t\t\t\t<div class=\"elementor-element elementor-element-6b68ed1d elementor-widget elementor-widget-image\" data-id=\"6b68ed1d\" data-element_type=\"widget\" data-e-type=\"widget\" data-widget_type=\"image.default\">\n\t\t\t\t<div class=\"elementor-widget-container\">\n\t\t\t\t\t\t\t\t\t\t\t\t\t\t\t<img decoding=\"async\" width=\"175\" height=\"167\" src=\"https:\/\/www.m-rast.at\/wp-content\/uploads\/2024\/09\/Supermarkt-1.png\" class=\"attachment-medium size-medium wp-image-2797\" alt=\"\" \/>\t\t\t\t\t\t\t\t\t\t\t\t\t\t\t<\/div>\n\t\t\t\t<\/div>\n\t\t\t\t<\/a>\n\t\t<a class=\"elementor-element elementor-element-2915bfc e-con-full e-flex e-con e-child\" data-id=\"2915bfc\" data-element_type=\"container\" data-e-type=\"container\" data-settings=\"{&quot;background_background&quot;:&quot;classic&quot;}\" href=\"https:\/\/www.m-rast.at\/cs\/doplnovani-paliva-a-nabijeni\/\">\n\t\t\t\t<div class=\"elementor-element elementor-element-4e35a4ac elementor-widget elementor-widget-image\" data-id=\"4e35a4ac\" data-element_type=\"widget\" data-e-type=\"widget\" data-widget_type=\"image.default\">\n\t\t\t\t<div class=\"elementor-widget-container\">\n\t\t\t\t\t\t\t\t\t\t\t\t\t\t\t<img loading=\"lazy\" decoding=\"async\" width=\"175\" height=\"214\" src=\"https:\/\/www.m-rast.at\/wp-content\/uploads\/2024\/09\/Tanken-1.png\" class=\"attachment-medium size-medium wp-image-2796\" alt=\"\" \/>\t\t\t\t\t\t\t\t\t\t\t\t\t\t\t<\/div>\n\t\t\t\t<\/div>\n\t\t\t\t<\/a>\n\t\t<a class=\"elementor-element elementor-element-37f008c e-con-full e-flex e-con e-child\" data-id=\"37f008c\" data-element_type=\"container\" data-e-type=\"container\" data-settings=\"{&quot;background_background&quot;:&quot;classic&quot;}\" href=\"\/cs\/pece-o-auto\/\">\n\t\t\t\t<div class=\"elementor-element elementor-element-210955b6 elementor-widget elementor-widget-image\" data-id=\"210955b6\" data-element_type=\"widget\" data-e-type=\"widget\" data-widget_type=\"image.default\">\n\t\t\t\t<div class=\"elementor-widget-container\">\n\t\t\t\t\t\t\t\t\t\t\t\t\t\t\t<img loading=\"lazy\" decoding=\"async\" width=\"175\" height=\"136\" src=\"https:\/\/www.m-rast.at\/wp-content\/uploads\/2024\/09\/PKWWaschen.png\" class=\"attachment-medium size-medium wp-image-2799\" alt=\"\" \/>\t\t\t\t\t\t\t\t\t\t\t\t\t\t\t<\/div>\n\t\t\t\t<\/div>\n\t\t\t\t<\/a>\n\t\t<a class=\"elementor-element elementor-element-2d5d523b e-con-full e-flex e-con e-child\" data-id=\"2d5d523b\" data-element_type=\"container\" data-e-type=\"container\" data-settings=\"{&quot;background_background&quot;:&quot;classic&quot;}\" href=\"\/cs\/udrzba-a-parkovani-nakladnich-vozidel\/\">\n\t\t\t\t<div class=\"elementor-element elementor-element-4e300d2e elementor-widget elementor-widget-image\" data-id=\"4e300d2e\" data-element_type=\"widget\" data-e-type=\"widget\" data-widget_type=\"image.default\">\n\t\t\t\t<div class=\"elementor-widget-container\">\n\t\t\t\t\t\t\t\t\t\t\t\t\t\t\t<img loading=\"lazy\" decoding=\"async\" width=\"300\" height=\"153\" src=\"https:\/\/www.m-rast.at\/wp-content\/uploads\/2024\/11\/LKW-300x153.png\" class=\"attachment-medium size-medium wp-image-2909\" alt=\"\" srcset=\"https:\/\/www.m-rast.at\/wp-content\/uploads\/2024\/11\/LKW-300x153.png 300w, https:\/\/www.m-rast.at\/wp-content\/uploads\/2024\/11\/LKW-768x392.png 768w, https:\/\/www.m-rast.at\/wp-content\/uploads\/2024\/11\/LKW.png 933w\" sizes=\"(max-width: 300px) 100vw, 300px\" \/>\t\t\t\t\t\t\t\t\t\t\t\t\t\t\t<\/div>\n\t\t\t\t<\/div>\n\t\t\t\t<\/a>\n\t\t<a class=\"elementor-element elementor-element-3e9d6202 e-con-full e-flex e-con e-child\" data-id=\"3e9d6202\" data-element_type=\"container\" data-e-type=\"container\" data-settings=\"{&quot;background_background&quot;:&quot;classic&quot;}\" href=\"\/cs\/slevova-karta\/\">\n\t\t\t\t<div class=\"elementor-element elementor-element-2c1abbc elementor-widget elementor-widget-image\" data-id=\"2c1abbc\" data-element_type=\"widget\" data-e-type=\"widget\" data-widget_type=\"image.default\">\n\t\t\t\t<div class=\"elementor-widget-container\">\n\t\t\t\t\t\t\t\t\t\t\t\t\t\t\t<img loading=\"lazy\" decoding=\"async\" width=\"300\" height=\"254\" src=\"https:\/\/www.m-rast.at\/wp-content\/uploads\/2024\/11\/Rabattkarte-300x254.png\" class=\"attachment-medium size-medium wp-image-2549\" alt=\"\" srcset=\"https:\/\/www.m-rast.at\/wp-content\/uploads\/2024\/11\/Rabattkarte-300x254.png 300w, https:\/\/www.m-rast.at\/wp-content\/uploads\/2024\/11\/Rabattkarte-768x650.png 768w, https:\/\/www.m-rast.at\/wp-content\/uploads\/2024\/11\/Rabattkarte.png 934w\" sizes=\"(max-width: 300px) 100vw, 300px\" \/>\t\t\t\t\t\t\t\t\t\t\t\t\t\t\t<\/div>\n\t\t\t\t<\/div>\n\t\t\t\t<\/a>\n\t\t\t\t\t<\/div>\n\t\t\t\t<\/div>\n\t\t\t\t\t<\/div>\n\t\t\t\t<\/div>\n\t\t\t\t<\/div>\n\t\t","protected":false},"excerpt":{"rendered":"<p>Od kdy do kdy se pod\u00e1v\u00e1 sn\u00eddan\u011b? Od 5:00 do 11:00 hod. Kdy bude k dispozici obecn\u00e1 nab\u00eddka? Od 11:00 do 21:00 Je mo\u017en\u00e9 si rezervovat st\u016fl? Ano, na \u010d\u00edsle 03577 24 888 622, krom\u011b v\u0161edn\u00edch dn\u016f od 12:00 do 13:30 hod. Jsou v hospod\u011b povoleni psi? Ne, v souladu s hygienick\u00fdmi p\u0159edpisy v\u00e1s bohu\u017eel [&hellip;]<\/p>\n","protected":false},"author":1,"featured_media":0,"parent":0,"menu_order":0,"comment_status":"closed","ping_status":"closed","template":"","meta":{"_acf_changed":false,"_eb_attr":"","footnotes":""},"class_list":["post-2948","page","type-page","status-publish","hentry"],"acf":[],"_links":{"self":[{"href":"https:\/\/www.m-rast.at\/cs\/wp-json\/wp\/v2\/pages\/2948","targetHints":{"allow":["GET"]}}],"collection":[{"href":"https:\/\/www.m-rast.at\/cs\/wp-json\/wp\/v2\/pages"}],"about":[{"href":"https:\/\/www.m-rast.at\/cs\/wp-json\/wp\/v2\/types\/page"}],"author":[{"embeddable":true,"href":"https:\/\/www.m-rast.at\/cs\/wp-json\/wp\/v2\/users\/1"}],"replies":[{"embeddable":true,"href":"https:\/\/www.m-rast.at\/cs\/wp-json\/wp\/v2\/comments?post=2948"}],"version-history":[{"count":0,"href":"https:\/\/www.m-rast.at\/cs\/wp-json\/wp\/v2\/pages\/2948\/revisions"}],"wp:attachment":[{"href":"https:\/\/www.m-rast.at\/cs\/wp-json\/wp\/v2\/media?parent=2948"}],"curies":[{"name":"wp","href":"https:\/\/api.w.org\/{rel}","templated":true}]}}