{"id":2908,"date":"2024-10-12T11:21:09","date_gmt":"2024-10-12T10:21:09","guid":{"rendered":"https:\/\/mrast.nexit.at\/vizitka\/"},"modified":"2024-11-14T08:54:04","modified_gmt":"2024-11-14T07:54:04","slug":"vizitka","status":"publish","type":"page","link":"https:\/\/www.m-rast.at\/cs\/vizitka\/","title":{"rendered":"Vizitka"},"content":{"rendered":"\t\t<div data-elementor-type=\"wp-page\" data-elementor-id=\"2908\" class=\"elementor elementor-2908 elementor-1236\" data-elementor-post-type=\"page\">\n\t\t\t\t<div class=\"elementor-element elementor-element-d475523 e-con-full e-flex e-con e-parent\" data-id=\"d475523\" data-element_type=\"container\" data-e-type=\"container\" data-settings=\"{&quot;background_background&quot;:&quot;classic&quot;}\">\n\t\t\t\t<div class=\"elementor-element elementor-element-7cea816 elementor-widget elementor-widget-slider_revolution\" data-id=\"7cea816\" data-element_type=\"widget\" data-e-type=\"widget\" data-widget_type=\"slider_revolution.default\">\n\t\t\t\t<div class=\"elementor-widget-container\">\n\t\t\t\t\t\n\t\t<div class=\"wp-block-themepunch-revslider\">\n\t\t\t\t<p class=\"rs-p-wp-fix\"><\/p>\n\t\t\t\t<sr7-module data-alias=\"karriere-13\" data-id=\"27\" id=\"SR7_27_1\" class=\"rs-ov-hidden\" data-version=\"6.7.25\">\n\t\t\t\t\t<sr7-adjuster><\/sr7-adjuster>\n\t\t\t\t\t<sr7-content>\n\t\t\t\t\t\t<sr7-slide id=\"SR7_27_1-119\" data-key=\"119\">\n\t\t\t\t\t\t\t<sr7-bg id=\"SR7_27_1-119-1\" class=\"sr7-layer\"><noscript><img decoding=\"async\" src=\"https:\/\/www.m-rast.at\/wp-content\/uploads\/2024\/10\/BUSINESSKARTE_1-scaled.jpg\" alt=\"\" title=\"Asphalt road in Austria, Alps in a summer day.\"><\/noscript><\/sr7-bg>\n\t\t\t\t\t\t\t<sr7-txt id=\"SR7_27_1-119-0\" class=\"sr7-layer\">Businesskarte<\/sr7-txt>\n\t\t\t\t\t\t<\/sr7-slide>\n\t\t\t\t\t\t<sr7-slide id=\"SR7_27_1-120\" data-key=\"120\">\n\t\t\t\t\t\t\t<sr7-bg id=\"SR7_27_1-120-1\" class=\"sr7-layer\"><noscript><img decoding=\"async\" src=\"https:\/\/www.m-rast.at\/wp-content\/uploads\/2024\/10\/BUSINESSKARTE_2-scaled.jpeg\" alt=\"\" title=\"Person refuels red truck at gas station parking lot with other vehicles. Driver holds fuel pump hose attached to truck gas tank. Orange jacket and blue jeans worn by person.\"><\/noscript><\/sr7-bg>\n\t\t\t\t\t\t\t<sr7-txt id=\"SR7_27_1-120-0\" class=\"sr7-layer\">Bargeldloses Beziehen von Leistungen<\/sr7-txt>\n\t\t\t\t\t\t<\/sr7-slide>\n\t\t\t\t\t\t<sr7-slide id=\"SR7_27_1-121\" data-key=\"121\">\n\t\t\t\t\t\t\t<sr7-bg id=\"SR7_27_1-121-1\" class=\"sr7-layer\"><noscript><img decoding=\"async\" src=\"https:\/\/www.m-rast.at\/wp-content\/uploads\/2024\/10\/BUSINESSKARTE_3-scaled.jpeg\" alt=\"\" title=\"Man filling up car with green fuel at gas station\"><\/noscript><\/sr7-bg>\n\t\t\t\t\t\t\t<sr7-txt id=\"SR7_27_1-121-0\" class=\"sr7-layer\">Treibstoff f\u00fcr Unternehmen<\/sr7-txt>\n\t\t\t\t\t\t<\/sr7-slide>\n\t\t\t\t\t\t<sr7-slide id=\"SR7_27_1-122\" data-key=\"122\">\n\t\t\t\t\t\t<\/sr7-slide>\n\t\t\t\t\t<\/sr7-content>\n\t\t\t\t\t<image_lists style=\"display:none\">\n\t\t\t\t\t\t<img data-src=\"\/\/www.m-rast.at\/wp-content\/uploads\/2024\/10\/BUSINESSKARTE_1-scaled.jpg\" data-libid=\"2447\" data-lib=\"medialibrary\" title=\"Asphalt road in Austria, Alps in a summer day.\" width=\"0\" height=\"0\" data-dbsrc=\"Ly93d3cubS1yYXN0LmF0L3dwLWNvbnRlbnQvdXBsb2Fkcy8yMDI0LzEwL0JVU0lORVNTS0FSVEVfMS1zY2FsZWQuanBn\"\/>\n\t\t\t\t\t\t<img data-src=\"\/\/www.m-rast.at\/wp-content\/uploads\/2024\/10\/BUSINESSKARTE_2-scaled.jpeg\" data-libid=\"2449\" data-lib=\"medialibrary\" title=\"Person refuels red truck at gas station parking lot with other vehicles. Driver holds fuel pump hose attached to truck gas tank. Orange jacket and blue jeans worn by person.\" width=\"0\" height=\"0\" data-dbsrc=\"Ly93d3cubS1yYXN0LmF0L3dwLWNvbnRlbnQvdXBsb2Fkcy8yMDI0LzEwL0JVU0lORVNTS0FSVEVfMi1zY2FsZWQuanBlZw==\"\/>\n\t\t\t\t\t\t<img data-src=\"\/\/www.m-rast.at\/wp-content\/uploads\/2024\/10\/BUSINESSKARTE_3-scaled.jpeg\" data-libid=\"2451\" data-lib=\"medialibrary\" title=\"Man filling up car with green fuel at gas station\" width=\"0\" height=\"0\" data-dbsrc=\"Ly93d3cubS1yYXN0LmF0L3dwLWNvbnRlbnQvdXBsb2Fkcy8yMDI0LzEwL0JVU0lORVNTS0FSVEVfMy1zY2FsZWQuanBlZw==\"\/>\n\t\t\t\t\t<\/image_lists>\n\t\t\t\t<\/sr7-module>\n\t\t\t\t<script>\n\t\t\t\t\tSR7.PMH ??={}; SR7.PMH[\"SR7_27_1\"] = {cn:100,state:false,fn: function() { if (_tpt!==undefined && _tpt.prepareModuleHeight !== undefined) {  _tpt.prepareModuleHeight({id:\"SR7_27_1\",el:[380,380,355,150,150],type:'standard',shdw:'0',gh:[380,380,380,180,180],gw:[1240,1240,1024,778,480],vpt:['100px&#039;,&#039;100px&#039;,&#039;100px&#039;,&#039;100px&#039;,&#039;100px'],size:{fullWidth:true, fullHeight:false},mh:'0',onh:0,onw:0,bg:{color:'{\"orig\":\"transparent\",\"type\":\"solid\",\"string\":\"transparent\"}'}});   SR7.PMH[\"SR7_27_1\"].state=true;} else if(SR7.PMH[\"SR7_27_1\"].cn-->0)\tsetTimeout( SR7.PMH[\"SR7_27_1\"].fn,19);}};SR7.PMH[\"SR7_27_1\" ].fn();\n\t\t\t\t<\/script>\n<\/div>\n\n\t\t\t\t\t\t<\/div>\n\t\t\t\t<\/div>\n\t\t\t\t<\/div>\n\t\t<div class=\"elementor-element elementor-element-9f85127 e-flex e-con-boxed e-con e-parent\" data-id=\"9f85127\" data-element_type=\"container\" data-e-type=\"container\" data-settings=\"{&quot;background_background&quot;:&quot;classic&quot;}\">\n\t\t\t\t\t<div class=\"e-con-inner\">\n\t\t<div class=\"elementor-element elementor-element-39809f9 e-con-full e-flex e-con e-child\" data-id=\"39809f9\" data-element_type=\"container\" data-e-type=\"container\" data-settings=\"{&quot;background_background&quot;:&quot;classic&quot;}\">\n\t\t<div class=\"elementor-element elementor-element-b976bca e-con-full e-flex e-con e-child\" data-id=\"b976bca\" data-element_type=\"container\" data-e-type=\"container\">\n\t\t\t\t<div class=\"elementor-element elementor-element-90ae3c8 elementor-widget elementor-widget-heading\" data-id=\"90ae3c8\" data-element_type=\"widget\" data-e-type=\"widget\" data-widget_type=\"heading.default\">\n\t\t\t\t<div class=\"elementor-widget-container\">\n\t\t\t\t\t<h2 class=\"elementor-heading-title elementor-size-default\">Bezhotovostn\u00ed n\u00e1kup slu\u017eeb a pohonn\u00fdch hmot pro firmy.<\/h2>\t\t\t\t<\/div>\n\t\t\t\t<\/div>\n\t\t\t\t<div class=\"elementor-element elementor-element-2fb1a51 elementor-widget elementor-widget-heading\" data-id=\"2fb1a51\" data-element_type=\"widget\" data-e-type=\"widget\" data-widget_type=\"heading.default\">\n\t\t\t\t<div class=\"elementor-widget-container\">\n\t\t\t\t\t<h3 class=\"elementor-heading-title elementor-size-default\">V\u0161e na jedn\u00e9 faktu\u0159e  <\/h3>\t\t\t\t<\/div>\n\t\t\t\t<\/div>\n\t\t\t\t<div class=\"elementor-element elementor-element-42164b9 elementor-widget elementor-widget-text-editor\" data-id=\"42164b9\" data-element_type=\"widget\" data-e-type=\"widget\" data-widget_type=\"text-editor.default\">\n\t\t\t\t<div class=\"elementor-widget-container\">\n\t\t\t\t\t\t\t\t\t<p><span class=\"TextRun SCXW150032464 BCX8\" lang=\"DE-DE\" xml:lang=\"DE-DE\" data-contrast=\"auto\"><span class=\"NormalTextRun SCXW150032464 BCX8\">Vyu\u017eijte <\/span><span class=\"NormalTextRun SCXW150032464 BCX8\">na\u0161e str\u00e1nky<\/span><span class=\"NormalTextRun SCXW150032464 BCX8\">  Slu\u017eby. Krom\u011b pohonn\u00fdch hmot maj\u00ed na\u0161i z\u00e1kazn\u00edci k dispozici tak\u00e9   <\/span><span class=\"NormalTextRun SCXW150032464 BCX8\">Mo\u017enost nakupovat v obchod\u011b M-Rast<\/span><span class=\"NormalTextRun SCXW150032464 BCX8\">.<\/span><\/span><span class=\"EOP SCXW150032464 BCX8\" data-ccp-props=\"{}\"> <\/span><\/p>\n<p><span class=\"TextRun Highlight SCXW72666112 BCX8\" lang=\"DE-AT\" xml:lang=\"DE-AT\" data-contrast=\"none\"><span class=\"NormalTextRun SCXW72666112 BCX8\">D\u00edky t\u00e9to kart\u011b budete m\u00edt v\u00edce \u010dasu na sv\u00e9 podnik\u00e1n\u00ed a v\u0161echny transakce budete m\u00edt na o\u010d\u00edch. To v\u00e1m u\u0161et\u0159\u00ed \u010das, n\u00e1mahu i pen\u00edze. <\/span><\/span><span class=\"EOP SCXW72666112 BCX8\" data-ccp-props=\"{}\"> <\/span><\/p>\n\t\t\t\t\t\t\t\t<\/div>\n\t\t\t\t<\/div>\n\t\t\t\t<div class=\"elementor-element elementor-element-901b179 elementor-widget elementor-widget-heading\" data-id=\"901b179\" data-element_type=\"widget\" data-e-type=\"widget\" data-widget_type=\"heading.default\">\n\t\t\t\t<div class=\"elementor-widget-container\">\n\t\t\t\t\t<h3 class=\"elementor-heading-title elementor-size-default\">Sleva 1,50 cent\u016f na litr p\u0159i ka\u017ed\u00e9m tankov\u00e1n\u00ed  <\/h3>\t\t\t\t<\/div>\n\t\t\t\t<\/div>\n\t\t\t\t<\/div>\n\t\t<div class=\"elementor-element elementor-element-540da3a e-con-full e-flex e-con e-child\" data-id=\"540da3a\" data-element_type=\"container\" data-e-type=\"container\">\n\t\t\t\t<div class=\"elementor-element elementor-element-947ec06 elementor-widget elementor-widget-heading\" data-id=\"947ec06\" data-element_type=\"widget\" data-e-type=\"widget\" data-widget_type=\"heading.default\">\n\t\t\t\t<div class=\"elementor-widget-container\">\n\t\t\t\t\t<h2 class=\"elementor-heading-title elementor-size-default\">Pohodln\u011b vypl\u0148te online a sta\u0148te se z\u00e1kazn\u00edkem<\/h2>\t\t\t\t<\/div>\n\t\t\t\t<\/div>\n\t\t<div class=\"elementor-element elementor-element-ed6f685 e-con-full e-flex e-con e-child\" data-id=\"ed6f685\" data-element_type=\"container\" data-e-type=\"container\">\n\t\t\t\t<div class=\"elementor-element elementor-element-e01c253 elementor-button-align-stretch elementor-widget elementor-widget-form\" data-id=\"e01c253\" data-element_type=\"widget\" data-e-type=\"widget\" data-settings=\"{&quot;step_next_label&quot;:&quot;Dal\\u0161\\u00ed&quot;,&quot;step_previous_label&quot;:&quot;P\\u0159edchoz\\u00ed&quot;,&quot;button_width&quot;:&quot;100&quot;,&quot;step_type&quot;:&quot;number_text&quot;,&quot;step_icon_shape&quot;:&quot;circle&quot;}\" data-widget_type=\"form.default\">\n\t\t\t\t<div class=\"elementor-widget-container\">\n\t\t\t\t\t\t\t<form class=\"elementor-form\" method=\"post\" name=\"Formul\u00e1\u0159 pro firemn\u00ed z\u00e1kazn\u00edky\" aria-label=\"Formul\u00e1\u0159 pro firemn\u00ed z\u00e1kazn\u00edky\">\n\t\t\t<input type=\"hidden\" name=\"post_id\" value=\"2908\"\/>\n\t\t\t<input type=\"hidden\" name=\"form_id\" value=\"e01c253\"\/>\n\t\t\t<input type=\"hidden\" name=\"referer_title\" value=\"Vizitka\" \/>\n\n\t\t\t\t\t\t\t<input type=\"hidden\" name=\"queried_id\" value=\"2908\"\/>\n\t\t\t\n\t\t\t<div class=\"elementor-form-fields-wrapper elementor-labels-above\">\n\t\t\t\t\t\t\t\t<div class=\"elementor-field-type-text elementor-field-group elementor-column elementor-field-group-name elementor-col-100 elementor-field-required\">\n\t\t\t\t\t\t\t\t\t\t\t\t<label for=\"form-field-name\" class=\"elementor-field-label\">\n\t\t\t\t\t\t\t\tN\u00e1zev spole\u010dnosti\t\t\t\t\t\t\t<\/label>\n\t\t\t\t\t\t\t\t\t\t\t\t\t\t<input size=\"1\" type=\"text\" name=\"form_fields[name]\" id=\"form-field-name\" class=\"elementor-field elementor-size-sm  elementor-field-textual\" required=\"required\">\n\t\t\t\t\t\t\t\t\t\t\t<\/div>\n\t\t\t\t\t\t\t\t<div class=\"elementor-field-type-text elementor-field-group elementor-column elementor-field-group-email elementor-col-100 elementor-field-required\">\n\t\t\t\t\t\t\t\t\t\t\t\t<label for=\"form-field-email\" class=\"elementor-field-label\">\n\t\t\t\t\t\t\t\tUlice\t\t\t\t\t\t\t<\/label>\n\t\t\t\t\t\t\t\t\t\t\t\t\t\t<input size=\"1\" type=\"text\" name=\"form_fields[email]\" id=\"form-field-email\" class=\"elementor-field elementor-size-sm  elementor-field-textual\" required=\"required\">\n\t\t\t\t\t\t\t\t\t\t\t<\/div>\n\t\t\t\t\t\t\t\t<div class=\"elementor-field-type-text elementor-field-group elementor-column elementor-field-group-field_3b2a246 elementor-col-50 elementor-field-required\">\n\t\t\t\t\t\t\t\t\t\t\t\t<label for=\"form-field-field_3b2a246\" class=\"elementor-field-label\">\n\t\t\t\t\t\t\t\tPOSTCODE\t\t\t\t\t\t\t<\/label>\n\t\t\t\t\t\t\t\t\t\t\t\t\t\t<input size=\"1\" type=\"text\" name=\"form_fields[field_3b2a246]\" id=\"form-field-field_3b2a246\" class=\"elementor-field elementor-size-sm  elementor-field-textual\" required=\"required\">\n\t\t\t\t\t\t\t\t\t\t\t<\/div>\n\t\t\t\t\t\t\t\t<div class=\"elementor-field-type-text elementor-field-group elementor-column elementor-field-group-field_165fcd3 elementor-col-50\">\n\t\t\t\t\t\t\t\t\t\t\t\t<label for=\"form-field-field_165fcd3\" class=\"elementor-field-label\">\n\t\t\t\t\t\t\t\tM\u00edsto\t\t\t\t\t\t\t<\/label>\n\t\t\t\t\t\t\t\t\t\t\t\t\t\t<input size=\"1\" type=\"text\" name=\"form_fields[field_165fcd3]\" id=\"form-field-field_165fcd3\" class=\"elementor-field elementor-size-sm  elementor-field-textual\">\n\t\t\t\t\t\t\t\t\t\t\t<\/div>\n\t\t\t\t\t\t\t\t<div class=\"elementor-field-type-tel elementor-field-group elementor-column elementor-field-group-field_3aa0873 elementor-col-50 elementor-field-required\">\n\t\t\t\t\t\t\t\t\t\t\t\t<label for=\"form-field-field_3aa0873\" class=\"elementor-field-label\">\n\t\t\t\t\t\t\t\tTelefon\t\t\t\t\t\t\t<\/label>\n\t\t\t\t\t\t\t\t<input size=\"1\" type=\"tel\" name=\"form_fields[field_3aa0873]\" id=\"form-field-field_3aa0873\" class=\"elementor-field elementor-size-sm  elementor-field-textual\" required=\"required\" pattern=\"[0-9()#&amp;+*-=.]+\" title=\"Only numbers and phone characters (#, -, *, etc) are accepted.\">\n\n\t\t\t\t\t\t<\/div>\n\t\t\t\t\t\t\t\t<div class=\"elementor-field-type-email elementor-field-group elementor-column elementor-field-group-field_c09365d elementor-col-50 elementor-field-required\">\n\t\t\t\t\t\t\t\t\t\t\t\t<label for=\"form-field-field_c09365d\" class=\"elementor-field-label\">\n\t\t\t\t\t\t\t\te-mail\t\t\t\t\t\t\t<\/label>\n\t\t\t\t\t\t\t\t\t\t\t\t\t\t<input size=\"1\" type=\"email\" name=\"form_fields[field_c09365d]\" id=\"form-field-field_c09365d\" class=\"elementor-field elementor-size-sm  elementor-field-textual\" required=\"required\">\n\t\t\t\t\t\t\t\t\t\t\t<\/div>\n\t\t\t\t\t\t\t\t<div class=\"elementor-field-type-number elementor-field-group elementor-column elementor-field-group-field_a6ef394 elementor-col-100\">\n\t\t\t\t\t\t\t\t\t\t\t\t<label for=\"form-field-field_a6ef394\" class=\"elementor-field-label\">\n\t\t\t\t\t\t\t\tPo\u010det vozidel\t\t\t\t\t\t\t<\/label>\n\t\t\t\t\t\t\t\t\t<input type=\"number\" name=\"form_fields[field_a6ef394]\" id=\"form-field-field_a6ef394\" class=\"elementor-field elementor-size-sm  elementor-field-textual\" placeholder=\"1\" min=\"1\" max=\"\" >\n\t\t\t\t\t\t<\/div>\n\t\t\t\t\t\t\t\t<div class=\"elementor-field-type-checkbox elementor-field-group elementor-column elementor-field-group-field_cc2b129 elementor-col-70\">\n\t\t\t\t\t\t\t\t\t\t\t\t<label for=\"form-field-field_cc2b129\" class=\"elementor-field-label\">\n\t\t\t\t\t\t\t\tJak\u00e9 typy vozidel pou\u017e\u00edv\u00e1te?\t\t\t\t\t\t\t<\/label>\n\t\t\t\t\t\t<div class=\"elementor-field-subgroup  \"><span class=\"elementor-field-option\"><input type=\"checkbox\" value=\"Osobn\u00ed automobil Transport\u00e9r N\u00e1kladn\u00ed automobil Autobus Ostatn\u00ed\" id=\"form-field-field_cc2b129-0\" name=\"form_fields[field_cc2b129]\"> <label for=\"form-field-field_cc2b129-0\">Osobn\u00ed automobil Transport\u00e9r N\u00e1kladn\u00ed automobil Autobus Ostatn\u00ed<\/label><\/span><\/div>\t\t\t\t<\/div>\n\t\t\t\t\t\t\t\t<div class=\"elementor-field-type-acceptance elementor-field-group elementor-column elementor-field-group-field_51951d5 elementor-col-100\">\n\t\t\t\t\t\t\t\t\t\t\t\t<label for=\"form-field-field_51951d5\" class=\"elementor-field-label\">\n\t\t\t\t\t\t\t\tGTC\t\t\t\t\t\t\t<\/label>\n\t\t\t\t\t\t\t\t<div class=\"elementor-field-subgroup\">\n\t\t\t<span class=\"elementor-field-option\">\n\t\t\t\t<input type=\"checkbox\" name=\"form_fields[field_51951d5]\" id=\"form-field-field_51951d5\" class=\"elementor-field elementor-size-sm  elementor-acceptance-field\">\n\t\t\t\t<label for=\"form-field-field_51951d5\">\u00da\u010del zpracov\u00e1n\u00ed \u00fadaj\u016f: V\u00e1mi poskytnut\u00e9 osobn\u00ed \u00fadaje budou pou\u017eity v\u00fdhradn\u011b za \u00fa\u010delem vyd\u00e1n\u00ed a spr\u00e1vy va\u0161\u00ed z\u00e1kaznick\u00e9 karty. Zpracov\u00e1n\u00ed \u00fadaj\u016f se prov\u00e1d\u00ed v souladu s \u010dl. 6 odst. 1 p\u00edsm. b GDPR. Va\u0161e \u00fadaje nebudou p\u0159ed\u00e1v\u00e1ny t\u0159et\u00edm stran\u00e1m a budou uchov\u00e1v\u00e1ny po dobu nezbytnou k napln\u011bn\u00ed v\u00fd\u0161e uveden\u00fdch \u00fa\u010del\u016f. Po ukon\u010den\u00ed platnosti z\u00e1kaznick\u00e9 karty nebo na va\u0161i \u017e\u00e1dost budou \u00fadaje vymaz\u00e1ny, pokud neexistuj\u00ed z\u00e1konn\u00e9 povinnosti jejich uchov\u00e1v\u00e1n\u00ed. M\u00e1te pr\u00e1vo na informace, opravu, v\u00fdmaz, omezen\u00ed zpracov\u00e1n\u00ed a n\u00e1mitku proti zpracov\u00e1n\u00ed va\u0161ich osobn\u00edch \u00fadaj\u016f. Sv\u016fj souhlas m\u016f\u017eete tak\u00e9 kdykoli odvolat. Chcete-li uplatnit sv\u00e1 pr\u00e1va, m\u016f\u017eete vyu\u017e\u00edt n\u00ed\u017ee uveden\u00e9 kontaktn\u00ed \u00fadaje. E-mail: office@m-rast.at.           <br><br>  Souhlas se zpracov\u00e1n\u00edm \u00fadaj\u016f: P\u0159e\u010detl\/a jsem si informace o ochran\u011b \u00fadaj\u016f a souhlas\u00edm se zpracov\u00e1n\u00edm sv\u00fdch osobn\u00edch \u00fadaj\u016f pro uveden\u00e9 \u00fa\u010dely.  <br><br>  M\u00e1te pr\u00e1vo na informace.<\/label>\t\t\t<\/span>\n\t\t<\/div>\n\t\t\t\t\t\t<\/div>\n\t\t\t\t\t\t\t\t<div class=\"elementor-field-type-recaptcha_v3 elementor-field-group elementor-column elementor-field-group-field_42d2910 elementor-col-100 recaptcha_v3-bottomright\">\n\t\t\t\t\t<div class=\"elementor-field\" id=\"form-field-field_42d2910\"><div class=\"elementor-g-recaptcha\" data-sitekey=\"6LekeY8qAAAAADaUOvX2125FAqVzjgr6L_GCnlcv\" data-type=\"v3\" data-action=\"Form\" data-badge=\"bottomright\" data-size=\"invisible\"><\/div><\/div>\t\t\t\t<\/div>\n\t\t\t\t\t\t\t\t<div class=\"elementor-field-group elementor-column elementor-field-type-submit elementor-col-100 e-form__buttons\">\n\t\t\t\t\t<button class=\"elementor-button elementor-size-sm\" type=\"submit\">\n\t\t\t\t\t\t<span class=\"elementor-button-content-wrapper\">\n\t\t\t\t\t\t\t\t\t\t\t\t\t\t\t\t\t\t\t\t\t\t<span class=\"elementor-button-text\">Odeslat<\/span>\n\t\t\t\t\t\t\t\t\t\t\t\t\t<\/span>\n\t\t\t\t\t<\/button>\n\t\t\t\t<\/div>\n\t\t\t<\/div>\n\t\t<\/form>\n\t\t\t\t\t\t<\/div>\n\t\t\t\t<\/div>\n\t\t\t\t<\/div>\n\t\t\t\t<\/div>\n\t\t\t\t<\/div>\n\t\t\t\t\t<\/div>\n\t\t\t\t<\/div>\n\t\t<div class=\"elementor-element elementor-element-517844e e-flex e-con-boxed e-con e-parent\" data-id=\"517844e\" data-element_type=\"container\" data-e-type=\"container\" data-settings=\"{&quot;background_background&quot;:&quot;classic&quot;}\">\n\t\t\t\t\t<div class=\"e-con-inner\">\n\t\t<div class=\"elementor-element elementor-element-79752208 e-flex e-con-boxed e-con e-child\" data-id=\"79752208\" data-element_type=\"container\" data-e-type=\"container\">\n\t\t\t\t\t<div class=\"e-con-inner\">\n\t\t<a class=\"elementor-element elementor-element-2cae1a44 e-con-full e-flex e-con e-child\" data-id=\"2cae1a44\" data-element_type=\"container\" data-e-type=\"container\" data-settings=\"{&quot;background_background&quot;:&quot;classic&quot;}\" href=\"https:\/\/www.m-rast.at\/cs\/restaurace\/\">\n\t\t\t\t<div class=\"elementor-element elementor-element-11d9f75a elementor-widget elementor-widget-image\" data-id=\"11d9f75a\" data-element_type=\"widget\" data-e-type=\"widget\" data-widget_type=\"image.default\">\n\t\t\t\t<div class=\"elementor-widget-container\">\n\t\t\t\t\t\t\t\t\t\t\t\t\t\t\t<img loading=\"lazy\" decoding=\"async\" width=\"175\" height=\"214\" src=\"https:\/\/www.m-rast.at\/wp-content\/uploads\/2024\/09\/Restaurant-1.png\" class=\"attachment-medium size-medium wp-image-2798\" alt=\"\" \/>\t\t\t\t\t\t\t\t\t\t\t\t\t\t\t<\/div>\n\t\t\t\t<\/div>\n\t\t\t\t<\/a>\n\t\t<a class=\"elementor-element elementor-element-135f7b22 e-con-full e-flex e-con e-child\" data-id=\"135f7b22\" data-element_type=\"container\" data-e-type=\"container\" data-settings=\"{&quot;background_background&quot;:&quot;classic&quot;}\" href=\"https:\/\/www.m-rast.at\/cs\/spar-market\/\">\n\t\t\t\t<div class=\"elementor-element elementor-element-29f82fa8 elementor-widget elementor-widget-image\" data-id=\"29f82fa8\" data-element_type=\"widget\" data-e-type=\"widget\" data-widget_type=\"image.default\">\n\t\t\t\t<div class=\"elementor-widget-container\">\n\t\t\t\t\t\t\t\t\t\t\t\t\t\t\t<img loading=\"lazy\" decoding=\"async\" width=\"175\" height=\"167\" src=\"https:\/\/www.m-rast.at\/wp-content\/uploads\/2024\/09\/Supermarkt-1.png\" class=\"attachment-medium size-medium wp-image-2797\" alt=\"\" \/>\t\t\t\t\t\t\t\t\t\t\t\t\t\t\t<\/div>\n\t\t\t\t<\/div>\n\t\t\t\t<\/a>\n\t\t<a class=\"elementor-element elementor-element-30161c40 e-con-full e-flex e-con e-child\" data-id=\"30161c40\" data-element_type=\"container\" data-e-type=\"container\" data-settings=\"{&quot;background_background&quot;:&quot;classic&quot;}\" href=\"https:\/\/www.m-rast.at\/cs\/doplnovani-paliva-a-nabijeni\/\">\n\t\t\t\t<div class=\"elementor-element elementor-element-5f85dc9 elementor-widget elementor-widget-image\" data-id=\"5f85dc9\" data-element_type=\"widget\" data-e-type=\"widget\" data-widget_type=\"image.default\">\n\t\t\t\t<div class=\"elementor-widget-container\">\n\t\t\t\t\t\t\t\t\t\t\t\t\t\t\t<img loading=\"lazy\" decoding=\"async\" width=\"175\" height=\"214\" src=\"https:\/\/www.m-rast.at\/wp-content\/uploads\/2024\/09\/Tanken-1.png\" class=\"attachment-medium size-medium wp-image-2796\" alt=\"\" \/>\t\t\t\t\t\t\t\t\t\t\t\t\t\t\t<\/div>\n\t\t\t\t<\/div>\n\t\t\t\t<\/a>\n\t\t<a class=\"elementor-element elementor-element-1add7b8f e-con-full e-flex e-con e-child\" data-id=\"1add7b8f\" data-element_type=\"container\" data-e-type=\"container\" data-settings=\"{&quot;background_background&quot;:&quot;classic&quot;}\" href=\"https:\/\/www.m-rast.at\/cs\/pece-o-auto\/\">\n\t\t\t\t<div class=\"elementor-element elementor-element-42ecfd7c elementor-widget elementor-widget-image\" data-id=\"42ecfd7c\" data-element_type=\"widget\" data-e-type=\"widget\" data-widget_type=\"image.default\">\n\t\t\t\t<div class=\"elementor-widget-container\">\n\t\t\t\t\t\t\t\t\t\t\t\t\t\t\t<img loading=\"lazy\" decoding=\"async\" width=\"175\" height=\"136\" src=\"https:\/\/www.m-rast.at\/wp-content\/uploads\/2024\/09\/PKWWaschen.png\" class=\"attachment-medium size-medium wp-image-2799\" alt=\"\" \/>\t\t\t\t\t\t\t\t\t\t\t\t\t\t\t<\/div>\n\t\t\t\t<\/div>\n\t\t\t\t<\/a>\n\t\t<a class=\"elementor-element elementor-element-45af2b72 e-con-full e-flex e-con e-child\" data-id=\"45af2b72\" data-element_type=\"container\" data-e-type=\"container\" data-settings=\"{&quot;background_background&quot;:&quot;classic&quot;}\" href=\"https:\/\/www.m-rast.at\/cs\/udrzba-a-parkovani-nakladnich-vozidel\/\">\n\t\t\t\t<div class=\"elementor-element elementor-element-9573adc elementor-widget elementor-widget-image\" data-id=\"9573adc\" data-element_type=\"widget\" data-e-type=\"widget\" data-widget_type=\"image.default\">\n\t\t\t\t<div class=\"elementor-widget-container\">\n\t\t\t\t\t\t\t\t\t\t\t\t\t\t\t<img loading=\"lazy\" decoding=\"async\" width=\"300\" height=\"153\" src=\"https:\/\/www.m-rast.at\/wp-content\/uploads\/2024\/11\/LKW-300x153.png\" class=\"attachment-medium size-medium wp-image-2909\" alt=\"\" srcset=\"https:\/\/www.m-rast.at\/wp-content\/uploads\/2024\/11\/LKW-300x153.png 300w, https:\/\/www.m-rast.at\/wp-content\/uploads\/2024\/11\/LKW-768x392.png 768w, https:\/\/www.m-rast.at\/wp-content\/uploads\/2024\/11\/LKW.png 933w\" sizes=\"(max-width: 300px) 100vw, 300px\" \/>\t\t\t\t\t\t\t\t\t\t\t\t\t\t\t<\/div>\n\t\t\t\t<\/div>\n\t\t\t\t<\/a>\n\t\t<a class=\"elementor-element elementor-element-352957ee e-con-full e-flex e-con e-child\" data-id=\"352957ee\" data-element_type=\"container\" data-e-type=\"container\" data-settings=\"{&quot;background_background&quot;:&quot;classic&quot;}\" href=\"https:\/\/www.m-rast.at\/cs\/slevova-karta\/\">\n\t\t\t\t<div class=\"elementor-element elementor-element-47a64b2 elementor-widget elementor-widget-image\" data-id=\"47a64b2\" data-element_type=\"widget\" data-e-type=\"widget\" data-widget_type=\"image.default\">\n\t\t\t\t<div class=\"elementor-widget-container\">\n\t\t\t\t\t\t\t\t\t\t\t\t\t\t\t<img loading=\"lazy\" decoding=\"async\" width=\"300\" height=\"254\" src=\"https:\/\/www.m-rast.at\/wp-content\/uploads\/2024\/11\/Rabattkarte-300x254.png\" class=\"attachment-medium size-medium wp-image-2549\" alt=\"\" srcset=\"https:\/\/www.m-rast.at\/wp-content\/uploads\/2024\/11\/Rabattkarte-300x254.png 300w, https:\/\/www.m-rast.at\/wp-content\/uploads\/2024\/11\/Rabattkarte-768x650.png 768w, https:\/\/www.m-rast.at\/wp-content\/uploads\/2024\/11\/Rabattkarte.png 934w\" sizes=\"(max-width: 300px) 100vw, 300px\" \/>\t\t\t\t\t\t\t\t\t\t\t\t\t\t\t<\/div>\n\t\t\t\t<\/div>\n\t\t\t\t<\/a>\n\t\t\t\t\t<\/div>\n\t\t\t\t<\/div>\n\t\t\t\t\t<\/div>\n\t\t\t\t<\/div>\n\t\t\t\t<\/div>\n\t\t","protected":false},"excerpt":{"rendered":"<p>Bezhotovostn\u00ed n\u00e1kup slu\u017eeb a pohonn\u00fdch hmot pro firmy. V\u0161e na jedn\u00e9 faktu\u0159e Vyu\u017eijte na\u0161e str\u00e1nky Slu\u017eby. Krom\u011b pohonn\u00fdch hmot maj\u00ed na\u0161i z\u00e1kazn\u00edci k dispozici tak\u00e9 Mo\u017enost nakupovat v obchod\u011b M-Rast. D\u00edky t\u00e9to kart\u011b budete m\u00edt v\u00edce \u010dasu na sv\u00e9 podnik\u00e1n\u00ed a v\u0161echny transakce budete m\u00edt na o\u010d\u00edch. To v\u00e1m u\u0161et\u0159\u00ed \u010das, n\u00e1mahu i pen\u00edze. Sleva [&hellip;]<\/p>\n","protected":false},"author":1,"featured_media":0,"parent":0,"menu_order":0,"comment_status":"closed","ping_status":"closed","template":"","meta":{"_acf_changed":false,"_eb_attr":"","footnotes":""},"class_list":["post-2908","page","type-page","status-publish","hentry"],"acf":[],"_links":{"self":[{"href":"https:\/\/www.m-rast.at\/cs\/wp-json\/wp\/v2\/pages\/2908","targetHints":{"allow":["GET"]}}],"collection":[{"href":"https:\/\/www.m-rast.at\/cs\/wp-json\/wp\/v2\/pages"}],"about":[{"href":"https:\/\/www.m-rast.at\/cs\/wp-json\/wp\/v2\/types\/page"}],"author":[{"embeddable":true,"href":"https:\/\/www.m-rast.at\/cs\/wp-json\/wp\/v2\/users\/1"}],"replies":[{"embeddable":true,"href":"https:\/\/www.m-rast.at\/cs\/wp-json\/wp\/v2\/comments?post=2908"}],"version-history":[{"count":1,"href":"https:\/\/www.m-rast.at\/cs\/wp-json\/wp\/v2\/pages\/2908\/revisions"}],"predecessor-version":[{"id":3479,"href":"https:\/\/www.m-rast.at\/cs\/wp-json\/wp\/v2\/pages\/2908\/revisions\/3479"}],"wp:attachment":[{"href":"https:\/\/www.m-rast.at\/cs\/wp-json\/wp\/v2\/media?parent=2908"}],"curies":[{"name":"wp","href":"https:\/\/api.w.org\/{rel}","templated":true}]}}