{"id":2887,"date":"2024-10-12T11:59:06","date_gmt":"2024-10-12T10:59:06","guid":{"rendered":"https:\/\/mrast.nexit.at\/o-nas\/"},"modified":"2024-11-05T13:20:16","modified_gmt":"2024-11-05T12:20:16","slug":"o-nas","status":"publish","type":"page","link":"https:\/\/www.m-rast.at\/cs\/o-nas\/","title":{"rendered":"O n\u00e1s"},"content":{"rendered":"\t\t<div data-elementor-type=\"wp-page\" data-elementor-id=\"2887\" class=\"elementor elementor-2887 elementor-1332\" data-elementor-post-type=\"page\">\n\t\t\t\t<div class=\"elementor-element elementor-element-d475523 e-con-full e-flex e-con e-parent\" data-id=\"d475523\" data-element_type=\"container\" data-e-type=\"container\" data-settings=\"{&quot;background_background&quot;:&quot;classic&quot;}\">\n\t\t\t\t<div class=\"elementor-element elementor-element-7cea816 elementor-widget elementor-widget-slider_revolution\" data-id=\"7cea816\" data-element_type=\"widget\" data-e-type=\"widget\" data-widget_type=\"slider_revolution.default\">\n\t\t\t\t<div class=\"elementor-widget-container\">\n\t\t\t\t\t\n\t\t<div class=\"wp-block-themepunch-revslider\">\n\t\t\t\t<p class=\"rs-p-wp-fix\"><\/p>\n\t\t\t\t<sr7-module data-alias=\"tanken-11\" data-id=\"25\" id=\"SR7_25_1\" class=\"rs-ov-hidden\" data-version=\"6.7.25\">\n\t\t\t\t\t<sr7-adjuster><\/sr7-adjuster>\n\t\t\t\t\t<sr7-content>\n\t\t\t\t\t\t<sr7-slide id=\"SR7_25_1-145\" data-key=\"145\">\n\t\t\t\t\t\t\t<sr7-bg id=\"SR7_25_1-145-1\" class=\"sr7-layer\"><noscript><img decoding=\"async\" src=\"https:\/\/www.m-rast.at\/wp-content\/uploads\/2024\/10\/UBERUNS_1.jpg\" alt=\"\" title=\"UBERUNS_1\"><\/noscript><\/sr7-bg>\n\t\t\t\t\t\t\t<sr7-txt id=\"SR7_25_1-145-0\" class=\"sr7-layer\">O n\u00e1s<\/sr7-txt>\n\t\t\t\t\t\t<\/sr7-slide>\n\t\t\t\t\t\t<sr7-slide id=\"SR7_25_1-115\" data-key=\"115\">\n\t\t\t\t\t\t<\/sr7-slide>\n\t\t\t\t\t<\/sr7-content>\n\t\t\t\t\t<image_lists style=\"display:none\">\n\t\t\t\t\t\t<img data-src=\"\/\/www.m-rast.at\/wp-content\/uploads\/2024\/10\/UBERUNS_1.jpg\" data-libid=\"2430\" data-lib=\"medialibrary\" title=\"UBERUNS_1\" width=\"0\" height=\"0\" data-dbsrc=\"Ly93d3cubS1yYXN0LmF0L3dwLWNvbnRlbnQvdXBsb2Fkcy8yMDI0LzEwL1VCRVJVTlNfMS5qcGc=\"\/>\n\t\t\t\t\t\t<img data-src=\"\/\/www.m-rast.at\/wp-content\/uploads\/2024\/10\/UBERUNS_2-scaled.jpg\" data-libid=\"2432\" data-lib=\"medialibrary\" title=\"UBERUNS_2\" width=\"0\" height=\"0\" data-dbsrc=\"Ly93d3cubS1yYXN0LmF0L3dwLWNvbnRlbnQvdXBsb2Fkcy8yMDI0LzEwL1VCRVJVTlNfMi1zY2FsZWQuanBn\"\/>\n\t\t\t\t\t\t<img data-src=\"\/\/www.m-rast.at\/wp-content\/uploads\/2024\/10\/UBERUNS_3-scaled.jpg\" data-libid=\"2434\" data-lib=\"medialibrary\" title=\"UBERUNS_3\" width=\"0\" height=\"0\" data-dbsrc=\"Ly93d3cubS1yYXN0LmF0L3dwLWNvbnRlbnQvdXBsb2Fkcy8yMDI0LzEwL1VCRVJVTlNfMy1zY2FsZWQuanBn\"\/>\n\t\t\t\t\t\t<img loading=\"lazy\" data-src=\"\/\/www.m-rast.at\/wp-content\/uploads\/2024\/10\/UBERUNS_4-scaled.jpg\" data-libid=\"2436\" data-lib=\"medialibrary\" title=\"OLYMPUS DIGITAL CAMERA\" width=\"0\" height=\"0\" data-dbsrc=\"Ly93d3cubS1yYXN0LmF0L3dwLWNvbnRlbnQvdXBsb2Fkcy8yMDI0LzEwL1VCRVJVTlNfNC1zY2FsZWQuanBn\"\/>\n\t\t\t\t\t<\/image_lists>\n\t\t\t\t<\/sr7-module>\n\t\t\t\t<script>\n\t\t\t\t\tSR7.PMH ??={}; SR7.PMH[\"SR7_25_1\"] = {cn:100,state:false,fn: function() { if (_tpt!==undefined && _tpt.prepareModuleHeight !== undefined) {  _tpt.prepareModuleHeight({id:\"SR7_25_1\",el:[380,380,355,150,150],type:'standard',shdw:'0',gh:[380,380,380,180,180],gw:[1240,1240,1024,778,480],vpt:['100px&#039;,&#039;100px&#039;,&#039;100px&#039;,&#039;100px&#039;,&#039;100px'],size:{fullWidth:true, fullHeight:false},mh:'0',onh:0,onw:0,bg:{color:'{\"orig\":\"transparent\",\"type\":\"solid\",\"string\":\"transparent\"}'}});   SR7.PMH[\"SR7_25_1\"].state=true;} else if(SR7.PMH[\"SR7_25_1\"].cn-->0)\tsetTimeout( SR7.PMH[\"SR7_25_1\"].fn,19);}};SR7.PMH[\"SR7_25_1\" ].fn();\n\t\t\t\t<\/script>\n<\/div>\n\n\t\t\t\t\t\t<\/div>\n\t\t\t\t<\/div>\n\t\t\t\t<\/div>\n\t\t<div class=\"elementor-element elementor-element-9f85127 e-flex e-con-boxed e-con e-parent\" data-id=\"9f85127\" data-element_type=\"container\" data-e-type=\"container\" data-settings=\"{&quot;background_background&quot;:&quot;classic&quot;}\">\n\t\t\t\t\t<div class=\"e-con-inner\">\n\t\t<div class=\"elementor-element elementor-element-39809f9 e-con-full e-flex e-con e-child\" data-id=\"39809f9\" data-element_type=\"container\" data-e-type=\"container\" data-settings=\"{&quot;background_background&quot;:&quot;classic&quot;}\">\n\t\t<div class=\"elementor-element elementor-element-b976bca e-con-full e-flex e-con e-child\" data-id=\"b976bca\" data-element_type=\"container\" data-e-type=\"container\">\n\t\t\t\t<div class=\"elementor-element elementor-element-2e4a019 elementor-widget elementor-widget-heading\" data-id=\"2e4a019\" data-element_type=\"widget\" data-e-type=\"widget\" data-widget_type=\"heading.default\">\n\t\t\t\t<div class=\"elementor-widget-container\">\n\t\t\t\t\t<h2 class=\"elementor-heading-title elementor-size-default\">Rodinn\u00fd podnik se srdcem a tradic\u00ed od roku 2006<\/h2>\t\t\t\t<\/div>\n\t\t\t\t<\/div>\n\t\t\t\t<div class=\"elementor-element elementor-element-7390ed6 elementor-widget elementor-widget-text-editor\" data-id=\"7390ed6\" data-element_type=\"widget\" data-e-type=\"widget\" data-widget_type=\"text-editor.default\">\n\t\t\t\t<div class=\"elementor-widget-container\">\n\t\t\t\t\t\t\t\t\t<p>Spole\u010dnost M-Rastst\u00e4tte Betriebs GmbH byla zalo\u017eena v listopadu 2006 na z\u00e1klad\u011b n\u00e1padu pana Fritze Mayera star\u0161\u00edho. P\u016fvodn\u00ed my\u0161lenkou bylo vybudovat \u010derpac\u00ed stanici, kde by \u0159idi\u010di n\u00e1kladn\u00edch automobil\u016f mohli uspokojit v\u0161echny sv\u00e9 pot\u0159eby: osprchovat se, odpo\u010dinout si, nakoupit, naj\u00edst se, um\u00fdt se a doplnit palivo 24 hodin denn\u011b, 7 dn\u00ed v t\u00fddnu. <\/p>\n<p>P\u0159idru\u017een\u00fd supermarket SPAR vytvo\u0159il v Zeltwegu m\u00edstn\u00edho dodavatele, kter\u00fd se dnes stal nepostradateln\u00fdm. Sortiment v\u00fdrobk\u016f za ceny supermarket\u016f &#8211; nep\u0159etr\u017eit\u011b. <\/p>\n<p>V posledn\u00edch letech bylo roz\u0161\u00ed\u0159eno stravovac\u00ed za\u0159\u00edzen\u00ed, my\u010dka aut a parkovac\u00ed m\u00edsta pro n\u00e1kladn\u00ed automobily a v roce 2022 bude roz\u0161\u00ed\u0159en obchod. Jedn\u00edm z vrchol\u016f je nov\u011b postaven\u00fd hotel MT, kter\u00fd se nach\u00e1z\u00ed v bezprost\u0159edn\u00ed bl\u00edzkosti. <\/p>\n<p>M-Rastst\u00e4tte pat\u0159\u00ed od sv\u00e9ho zalo\u017een\u00ed rodin\u011b Mayerov\u00fdch a vede ji Maria Mayerov\u00e1.<\/p>\n\t\t\t\t\t\t\t\t<\/div>\n\t\t\t\t<\/div>\n\t\t\t\t<\/div>\n\t\t\t\t<\/div>\n\t\t\t\t\t<\/div>\n\t\t\t\t<\/div>\n\t\t<div class=\"elementor-element elementor-element-193a9a8a e-flex e-con-boxed e-con e-parent\" data-id=\"193a9a8a\" data-element_type=\"container\" data-e-type=\"container\" data-settings=\"{&quot;background_background&quot;:&quot;classic&quot;}\">\n\t\t\t\t\t<div class=\"e-con-inner\">\n\t\t<div class=\"elementor-element elementor-element-2c3932d8 e-flex e-con-boxed e-con e-child\" data-id=\"2c3932d8\" data-element_type=\"container\" data-e-type=\"container\">\n\t\t\t\t\t<div class=\"e-con-inner\">\n\t\t<a class=\"elementor-element elementor-element-3e0d0111 e-con-full e-flex e-con e-child\" data-id=\"3e0d0111\" data-element_type=\"container\" data-e-type=\"container\" data-settings=\"{&quot;background_background&quot;:&quot;classic&quot;}\" href=\"\/cs\/restaurace\/\">\n\t\t\t\t<div class=\"elementor-element elementor-element-35773616 elementor-widget elementor-widget-image\" data-id=\"35773616\" data-element_type=\"widget\" data-e-type=\"widget\" data-widget_type=\"image.default\">\n\t\t\t\t<div class=\"elementor-widget-container\">\n\t\t\t\t\t\t\t\t\t\t\t\t\t\t\t<img loading=\"lazy\" decoding=\"async\" width=\"175\" height=\"214\" src=\"https:\/\/www.m-rast.at\/wp-content\/uploads\/2024\/09\/Restaurant-1.png\" class=\"attachment-medium size-medium wp-image-2798\" alt=\"\" \/>\t\t\t\t\t\t\t\t\t\t\t\t\t\t\t<\/div>\n\t\t\t\t<\/div>\n\t\t\t\t<\/a>\n\t\t<a class=\"elementor-element elementor-element-38fd34aa e-con-full e-flex e-con e-child\" data-id=\"38fd34aa\" data-element_type=\"container\" data-e-type=\"container\" data-settings=\"{&quot;background_background&quot;:&quot;classic&quot;}\" href=\"\/cs\/spar-market\/\">\n\t\t\t\t<div class=\"elementor-element elementor-element-36683298 elementor-widget elementor-widget-image\" data-id=\"36683298\" data-element_type=\"widget\" data-e-type=\"widget\" data-widget_type=\"image.default\">\n\t\t\t\t<div class=\"elementor-widget-container\">\n\t\t\t\t\t\t\t\t\t\t\t\t\t\t\t<img loading=\"lazy\" decoding=\"async\" width=\"175\" height=\"167\" src=\"https:\/\/www.m-rast.at\/wp-content\/uploads\/2024\/09\/Supermarkt-1.png\" class=\"attachment-medium size-medium wp-image-2797\" alt=\"\" \/>\t\t\t\t\t\t\t\t\t\t\t\t\t\t\t<\/div>\n\t\t\t\t<\/div>\n\t\t\t\t<\/a>\n\t\t<a class=\"elementor-element elementor-element-7f427a7f e-con-full e-flex e-con e-child\" data-id=\"7f427a7f\" data-element_type=\"container\" data-e-type=\"container\" data-settings=\"{&quot;background_background&quot;:&quot;classic&quot;}\" href=\"https:\/\/www.m-rast.at\/cs\/doplnovani-paliva-a-nabijeni\/\">\n\t\t\t\t<div class=\"elementor-element elementor-element-38bdb3d1 elementor-widget elementor-widget-image\" data-id=\"38bdb3d1\" data-element_type=\"widget\" data-e-type=\"widget\" data-widget_type=\"image.default\">\n\t\t\t\t<div class=\"elementor-widget-container\">\n\t\t\t\t\t\t\t\t\t\t\t\t\t\t\t<img loading=\"lazy\" decoding=\"async\" width=\"175\" height=\"214\" src=\"https:\/\/www.m-rast.at\/wp-content\/uploads\/2024\/09\/Tanken-1.png\" class=\"attachment-medium size-medium wp-image-2796\" alt=\"\" \/>\t\t\t\t\t\t\t\t\t\t\t\t\t\t\t<\/div>\n\t\t\t\t<\/div>\n\t\t\t\t<\/a>\n\t\t<a class=\"elementor-element elementor-element-49b6bbca e-con-full e-flex e-con e-child\" data-id=\"49b6bbca\" data-element_type=\"container\" data-e-type=\"container\" data-settings=\"{&quot;background_background&quot;:&quot;classic&quot;}\" href=\"\/cs\/pece-o-auto\/\">\n\t\t\t\t<div class=\"elementor-element elementor-element-134b2652 elementor-widget elementor-widget-image\" data-id=\"134b2652\" data-element_type=\"widget\" data-e-type=\"widget\" data-widget_type=\"image.default\">\n\t\t\t\t<div class=\"elementor-widget-container\">\n\t\t\t\t\t\t\t\t\t\t\t\t\t\t\t<img loading=\"lazy\" decoding=\"async\" width=\"175\" height=\"136\" src=\"https:\/\/www.m-rast.at\/wp-content\/uploads\/2024\/09\/PKWWaschen.png\" class=\"attachment-medium size-medium wp-image-2799\" alt=\"\" \/>\t\t\t\t\t\t\t\t\t\t\t\t\t\t\t<\/div>\n\t\t\t\t<\/div>\n\t\t\t\t<\/a>\n\t\t<a class=\"elementor-element elementor-element-2f279b86 e-con-full e-flex e-con e-child\" data-id=\"2f279b86\" data-element_type=\"container\" data-e-type=\"container\" data-settings=\"{&quot;background_background&quot;:&quot;classic&quot;}\" href=\"\/cs\/udrzba-a-parkovani-nakladnich-vozidel\/\">\n\t\t\t\t<div class=\"elementor-element elementor-element-4d243f26 elementor-widget elementor-widget-image\" data-id=\"4d243f26\" data-element_type=\"widget\" data-e-type=\"widget\" data-widget_type=\"image.default\">\n\t\t\t\t<div class=\"elementor-widget-container\">\n\t\t\t\t\t\t\t\t\t\t\t\t\t\t\t<img loading=\"lazy\" decoding=\"async\" width=\"300\" height=\"153\" src=\"https:\/\/www.m-rast.at\/wp-content\/uploads\/2024\/11\/LKW-300x153.png\" class=\"attachment-medium size-medium wp-image-2909\" alt=\"\" srcset=\"https:\/\/www.m-rast.at\/wp-content\/uploads\/2024\/11\/LKW-300x153.png 300w, https:\/\/www.m-rast.at\/wp-content\/uploads\/2024\/11\/LKW-768x392.png 768w, https:\/\/www.m-rast.at\/wp-content\/uploads\/2024\/11\/LKW.png 933w\" sizes=\"(max-width: 300px) 100vw, 300px\" \/>\t\t\t\t\t\t\t\t\t\t\t\t\t\t\t<\/div>\n\t\t\t\t<\/div>\n\t\t\t\t<\/a>\n\t\t<a class=\"elementor-element elementor-element-4669c2b1 e-con-full e-flex e-con e-child\" data-id=\"4669c2b1\" data-element_type=\"container\" data-e-type=\"container\" data-settings=\"{&quot;background_background&quot;:&quot;classic&quot;}\" href=\"\/cs\/slevova-karta\/\">\n\t\t\t\t<div class=\"elementor-element elementor-element-6976b00e elementor-widget elementor-widget-image\" data-id=\"6976b00e\" data-element_type=\"widget\" data-e-type=\"widget\" data-widget_type=\"image.default\">\n\t\t\t\t<div class=\"elementor-widget-container\">\n\t\t\t\t\t\t\t\t\t\t\t\t\t\t\t<img loading=\"lazy\" decoding=\"async\" width=\"300\" height=\"254\" src=\"https:\/\/www.m-rast.at\/wp-content\/uploads\/2024\/11\/Rabattkarte-300x254.png\" class=\"attachment-medium size-medium wp-image-2549\" alt=\"\" srcset=\"https:\/\/www.m-rast.at\/wp-content\/uploads\/2024\/11\/Rabattkarte-300x254.png 300w, https:\/\/www.m-rast.at\/wp-content\/uploads\/2024\/11\/Rabattkarte-768x650.png 768w, https:\/\/www.m-rast.at\/wp-content\/uploads\/2024\/11\/Rabattkarte.png 934w\" sizes=\"(max-width: 300px) 100vw, 300px\" \/>\t\t\t\t\t\t\t\t\t\t\t\t\t\t\t<\/div>\n\t\t\t\t<\/div>\n\t\t\t\t<\/a>\n\t\t\t\t\t<\/div>\n\t\t\t\t<\/div>\n\t\t\t\t\t<\/div>\n\t\t\t\t<\/div>\n\t\t\t\t<\/div>\n\t\t","protected":false},"excerpt":{"rendered":"<p>Rodinn\u00fd podnik se srdcem a tradic\u00ed od roku 2006 Spole\u010dnost M-Rastst\u00e4tte Betriebs GmbH byla zalo\u017eena v listopadu 2006 na z\u00e1klad\u011b n\u00e1padu pana Fritze Mayera star\u0161\u00edho. P\u016fvodn\u00ed my\u0161lenkou bylo vybudovat \u010derpac\u00ed stanici, kde by \u0159idi\u010di n\u00e1kladn\u00edch automobil\u016f mohli uspokojit v\u0161echny sv\u00e9 pot\u0159eby: osprchovat se, odpo\u010dinout si, nakoupit, naj\u00edst se, um\u00fdt se a doplnit palivo 24 hodin [&hellip;]<\/p>\n","protected":false},"author":1,"featured_media":0,"parent":0,"menu_order":0,"comment_status":"closed","ping_status":"closed","template":"","meta":{"_acf_changed":false,"_eb_attr":"","footnotes":""},"class_list":["post-2887","page","type-page","status-publish","hentry"],"acf":[],"_links":{"self":[{"href":"https:\/\/www.m-rast.at\/cs\/wp-json\/wp\/v2\/pages\/2887","targetHints":{"allow":["GET"]}}],"collection":[{"href":"https:\/\/www.m-rast.at\/cs\/wp-json\/wp\/v2\/pages"}],"about":[{"href":"https:\/\/www.m-rast.at\/cs\/wp-json\/wp\/v2\/types\/page"}],"author":[{"embeddable":true,"href":"https:\/\/www.m-rast.at\/cs\/wp-json\/wp\/v2\/users\/1"}],"replies":[{"embeddable":true,"href":"https:\/\/www.m-rast.at\/cs\/wp-json\/wp\/v2\/comments?post=2887"}],"version-history":[{"count":0,"href":"https:\/\/www.m-rast.at\/cs\/wp-json\/wp\/v2\/pages\/2887\/revisions"}],"wp:attachment":[{"href":"https:\/\/www.m-rast.at\/cs\/wp-json\/wp\/v2\/media?parent=2887"}],"curies":[{"name":"wp","href":"https:\/\/api.w.org\/{rel}","templated":true}]}}