{"id":2718,"date":"2024-06-26T17:03:30","date_gmt":"2024-06-26T16:03:30","guid":{"rendered":"https:\/\/mrast.nexit.at\/otisk\/"},"modified":"2024-11-04T16:24:47","modified_gmt":"2024-11-04T15:24:47","slug":"otisk","status":"publish","type":"page","link":"https:\/\/www.m-rast.at\/cs\/otisk\/","title":{"rendered":"Otisk"},"content":{"rendered":"\t\t<div data-elementor-type=\"wp-page\" data-elementor-id=\"2718\" class=\"elementor elementor-2718 elementor-618\" data-elementor-post-type=\"page\">\n\t\t\t\t<div class=\"elementor-element elementor-element-7c54804 e-con-full e-flex e-con e-parent\" data-id=\"7c54804\" data-element_type=\"container\" data-e-type=\"container\" data-settings=\"{&quot;background_background&quot;:&quot;classic&quot;}\">\n\t\t\t\t<div class=\"elementor-element elementor-element-f676b4b elementor-hidden-desktop elementor-hidden-tablet elementor-widget elementor-widget-image\" data-id=\"f676b4b\" data-element_type=\"widget\" data-e-type=\"widget\" data-widget_type=\"image.default\">\n\t\t\t\t<div class=\"elementor-widget-container\">\n\t\t\t\t\t\t\t\t\t\t\t\t\t\t\t<img fetchpriority=\"high\" decoding=\"async\" width=\"300\" height=\"300\" src=\"https:\/\/www.m-rast.at\/wp-content\/uploads\/2024\/06\/logo-kreis-300x300.png\" class=\"attachment-medium size-medium wp-image-2781\" alt=\"\" srcset=\"https:\/\/www.m-rast.at\/wp-content\/uploads\/2024\/06\/logo-kreis-300x300.png 300w, https:\/\/www.m-rast.at\/wp-content\/uploads\/2024\/06\/logo-kreis-150x150.png 150w, https:\/\/www.m-rast.at\/wp-content\/uploads\/2024\/06\/logo-kreis-768x768.png 768w, https:\/\/www.m-rast.at\/wp-content\/uploads\/2024\/06\/logo-kreis.png 1000w\" sizes=\"(max-width: 300px) 100vw, 300px\" \/>\t\t\t\t\t\t\t\t\t\t\t\t\t\t\t<\/div>\n\t\t\t\t<\/div>\n\t\t\t\t<\/div>\n\t\t<div class=\"elementor-element elementor-element-07213dc e-flex e-con-boxed e-con e-parent\" data-id=\"07213dc\" data-element_type=\"container\" data-e-type=\"container\">\n\t\t\t\t\t<div class=\"e-con-inner\">\n\t\t\t\t<div class=\"elementor-element elementor-element-6ef9781 elementor-widget elementor-widget-heading\" data-id=\"6ef9781\" data-element_type=\"widget\" data-e-type=\"widget\" data-widget_type=\"heading.default\">\n\t\t\t\t<div class=\"elementor-widget-container\">\n\t\t\t\t\t<h1 class=\"elementor-heading-title elementor-size-default\">Otisk<\/h1>\t\t\t\t<\/div>\n\t\t\t\t<\/div>\n\t\t\t\t<div class=\"elementor-element elementor-element-90924fb elementor-widget elementor-widget-text-editor\" data-id=\"90924fb\" data-element_type=\"widget\" data-e-type=\"widget\" data-widget_type=\"text-editor.default\">\n\t\t\t\t<div class=\"elementor-widget-container\">\n\t\t\t\t\t\t\t\t\t<p>M-Rastst\u00e4tte Betriebs GmbH&nbsp;&nbsp;<\/p>\n<p>Servisn\u00ed z\u00f3na &#8211; supermarket &#8211; otev\u0159eno 24 hodin denn\u011b &#8211; my\u010dka aut &#8211; my\u010dka n\u00e1kladn\u00edch aut &#8211; diskontn\u00ed \u010derpac\u00ed stanice &#8211; S36 &#8211; Murtalschnellstra\u00dfe&nbsp;<\/p>\n<p>&nbsp;<br>&nbsp;&nbsp;&nbsp;&nbsp;<br>&nbsp;A-8740 Zeltweg, Hauptstra\u00dfe 242, Rakousko\/Rakousko Telefon: +43 3577\/24 888, Fax: +43 3577\/24 888-705 E-mail:<a href=\"mailto:office@m-rast.at\" target=\"_blank\" rel=\"noopener\">office@m-rast.at<\/a>.&nbsp;<\/p>\n<p>Bankovn\u00ed \u00fadaje: Bank Austria Creditanstalt AG, \u010d. \u00fa\u010dtu 52846 003 505, k\u00f3d 12000. &nbsp;&nbsp;<br>FN: 282175p, LG Leoben, UID: ATU62811577&nbsp;&nbsp;<br>IBAN AT32 1200 0528 4600 3505, BIC: BKAUATWW&nbsp;&nbsp;&nbsp;<\/p>\n<p>Jednatel\u00e9: Fritz Mayer, Peter Mayer&nbsp;&nbsp;<\/p>\n<p>Tato webov\u00e1 str\u00e1nka je online nab\u00eddkou spole\u010dnosti M-Rast na internetu.&nbsp;&nbsp;<\/p>\n<p>Autorsk\u00e1 pr\u00e1va&nbsp;&nbsp;<\/p>\n<p>Sna\u017e\u00edme se dodr\u017eovat autorsk\u00e1 pr\u00e1va ke grafice, zvukov\u00fdm dokument\u016fm, videosekvenc\u00edm a text\u016fm pou\u017eit\u00fdm ve v\u0161ech publikac\u00edch, pou\u017e\u00edvat grafiku, zvukov\u00e9 dokumenty, videosekvence a texty, kter\u00e9 jsme sami vytvo\u0159ili, nebo pou\u017e\u00edvat grafiku, zvukov\u00e9 dokumenty, videosekvence a texty bez licence.&nbsp;<\/p>\n<p>&nbsp;&nbsp;<br>Za obsah extern\u00edch odkaz\u016f neneseme \u017e\u00e1dnou odpov\u011bdnost. Za obsah odkazovan\u00fdch str\u00e1nek odpov\u00eddaj\u00ed v\u00fdhradn\u011b jejich provozovatel\u00e9.&nbsp;&nbsp;<\/p>\n<p>Odm\u00edtnut\u00ed odpov\u011bdnosti:&nbsp;&nbsp;<br>Spole\u010dnost M-Rastst\u00e4tte Betriebs GmbH neodpov\u00edd\u00e1 za \u0161kody vznikl\u00e9 v d\u016fsledku nespr\u00e1vn\u00e9ho nebo opo\u017ed\u011bn\u00e9ho obsahu t\u011bchto webov\u00fdch str\u00e1nek nebo v d\u016fsledku jedn\u00e1n\u00ed, kter\u00e9 bylo u\u010din\u011bno na z\u00e1klad\u011b spr\u00e1vnosti obsahu. Informace obsa\u017een\u00e9 na t\u011bchto webov\u00fdch str\u00e1nk\u00e1ch nebo v souvisej\u00edc\u00edch dokumentech nep\u0159edstavuj\u00ed z\u00e1vazn\u00e9 poradenstv\u00ed, ale pouze nez\u00e1vazn\u00e9 informace. &nbsp;<\/p>\t\t\t\t\t\t\t\t<\/div>\n\t\t\t\t<\/div>\n\t\t\t\t\t<\/div>\n\t\t\t\t<\/div>\n\t\t\t\t<\/div>\n\t\t","protected":false},"excerpt":{"rendered":"<p>M-Rastst\u00e4tte Betriebs GmbH&nbsp;&nbsp; Servisn\u00ed z\u00f3na &#8211; supermarket &#8211; otev\u0159eno 24 hodin denn\u011b &#8211; my\u010dka aut &#8211; my\u010dka n\u00e1kladn\u00edch aut &#8211; diskontn\u00ed \u010derpac\u00ed stanice &#8211; S36 &#8211; Murtalschnellstra\u00dfe&nbsp; &nbsp;&nbsp;&nbsp;&nbsp;&nbsp;&nbsp;A-8740 Zeltweg, Hauptstra\u00dfe 242, Rakousko\/Rakousko Telefon: +43 3577\/24 888, Fax: +43 3577\/24 888-705 E-mail:office@m-rast.at.&nbsp; Bankovn\u00ed \u00fadaje: Bank Austria Creditanstalt AG, \u010d. \u00fa\u010dtu 52846 003 505, k\u00f3d 12000. &nbsp;&nbsp;FN: [&hellip;]<\/p>\n","protected":false},"author":1,"featured_media":0,"parent":0,"menu_order":0,"comment_status":"closed","ping_status":"closed","template":"","meta":{"_acf_changed":false,"_eb_attr":"","footnotes":""},"class_list":["post-2718","page","type-page","status-publish","hentry"],"acf":[],"_links":{"self":[{"href":"https:\/\/www.m-rast.at\/cs\/wp-json\/wp\/v2\/pages\/2718","targetHints":{"allow":["GET"]}}],"collection":[{"href":"https:\/\/www.m-rast.at\/cs\/wp-json\/wp\/v2\/pages"}],"about":[{"href":"https:\/\/www.m-rast.at\/cs\/wp-json\/wp\/v2\/types\/page"}],"author":[{"embeddable":true,"href":"https:\/\/www.m-rast.at\/cs\/wp-json\/wp\/v2\/users\/1"}],"replies":[{"embeddable":true,"href":"https:\/\/www.m-rast.at\/cs\/wp-json\/wp\/v2\/comments?post=2718"}],"version-history":[{"count":0,"href":"https:\/\/www.m-rast.at\/cs\/wp-json\/wp\/v2\/pages\/2718\/revisions"}],"wp:attachment":[{"href":"https:\/\/www.m-rast.at\/cs\/wp-json\/wp\/v2\/media?parent=2718"}],"curies":[{"name":"wp","href":"https:\/\/api.w.org\/{rel}","templated":true}]}}