{"id":2714,"date":"2024-10-12T11:17:16","date_gmt":"2024-10-12T10:17:16","guid":{"rendered":"https:\/\/mrast.nexit.at\/poukazky\/"},"modified":"2025-12-07T19:58:52","modified_gmt":"2025-12-07T18:58:52","slug":"poukazky","status":"publish","type":"page","link":"https:\/\/www.m-rast.at\/cs\/poukazky\/","title":{"rendered":"Pouk\u00e1zky"},"content":{"rendered":"\t\t<div data-elementor-type=\"wp-page\" data-elementor-id=\"2714\" class=\"elementor elementor-2714 elementor-1222\" data-elementor-post-type=\"page\">\n\t\t\t\t<div class=\"elementor-element elementor-element-d475523 e-con-full e-flex e-con e-parent\" data-id=\"d475523\" data-element_type=\"container\" data-e-type=\"container\" data-settings=\"{&quot;background_background&quot;:&quot;classic&quot;}\">\n\t\t\t\t<div class=\"elementor-element elementor-element-7cea816 elementor-widget elementor-widget-slider_revolution\" data-id=\"7cea816\" data-element_type=\"widget\" data-e-type=\"widget\" data-widget_type=\"slider_revolution.default\">\n\t\t\t\t<div class=\"elementor-widget-container\">\n\t\t\t\t\t\n\t\t<div class=\"wp-block-themepunch-revslider\">\n\t\t\t\t<p class=\"rs-p-wp-fix\"><\/p>\n\t\t\t\t<sr7-module data-alias=\"karriere-14\" data-id=\"28\" id=\"SR7_28_1\" class=\"rs-ov-hidden\" data-version=\"6.7.25\">\n\t\t\t\t\t<sr7-adjuster><\/sr7-adjuster>\n\t\t\t\t\t<sr7-content>\n\t\t\t\t\t\t<sr7-slide id=\"SR7_28_1-123\" data-key=\"123\">\n\t\t\t\t\t\t\t<sr7-bg id=\"SR7_28_1-123-1\" class=\"sr7-layer\"><noscript><img decoding=\"async\" src=\"https:\/\/www.m-rast.at\/wp-content\/uploads\/2024\/10\/JOBS_1.jpeg\" alt=\"\" title=\"wein, glas, bar, alke, trinken, restaurant, trinken,  alkohol, b\"><\/noscript><\/sr7-bg>\n\t\t\t\t\t\t\t<sr7-txt id=\"SR7_28_1-123-0\" class=\"sr7-layer\">Gutscheine<\/sr7-txt>\n\t\t\t\t\t\t<\/sr7-slide>\n\t\t\t\t\t\t<sr7-slide id=\"SR7_28_1-125\" data-key=\"125\">\n\t\t\t\t\t\t<\/sr7-slide>\n\t\t\t\t\t<\/sr7-content>\n\t\t\t\t\t<image_lists style=\"display:none\">\n\t\t\t\t\t\t<img data-src=\"\/\/www.m-rast.at\/wp-content\/uploads\/2024\/10\/JOBS_1.jpeg\" data-libid=\"2347\" data-lib=\"medialibrary\" title=\"wein, glas, bar, alke, trinken, restaurant, trinken,  alkohol, b\" width=\"0\" height=\"0\" data-dbsrc=\"Ly93d3cubS1yYXN0LmF0L3dwLWNvbnRlbnQvdXBsb2Fkcy8yMDI0LzEwL0pPQlNfMS5qcGVn\"\/>\n\t\t\t\t\t<\/image_lists>\n\t\t\t\t<\/sr7-module>\n\t\t\t\t<script>\n\t\t\t\t\tSR7.PMH ??={}; SR7.PMH[\"SR7_28_1\"] = {cn:100,state:false,fn: function() { if (_tpt!==undefined && _tpt.prepareModuleHeight !== undefined) {  _tpt.prepareModuleHeight({id:\"SR7_28_1\",el:[380,380,355,150,150],type:'standard',shdw:'0',gh:[380,380,380,180,180],gw:[1240,1240,1024,778,480],vpt:['100px&#039;,&#039;100px&#039;,&#039;100px&#039;,&#039;100px&#039;,&#039;100px'],size:{fullWidth:true, fullHeight:false},mh:'0',onh:0,onw:0,bg:{color:'{\"orig\":\"transparent\",\"type\":\"solid\",\"string\":\"transparent\"}'}});   SR7.PMH[\"SR7_28_1\"].state=true;} else if(SR7.PMH[\"SR7_28_1\"].cn-->0)\tsetTimeout( SR7.PMH[\"SR7_28_1\"].fn,19);}};SR7.PMH[\"SR7_28_1\" ].fn();\n\t\t\t\t<\/script>\n<\/div>\n\n\t\t\t\t\t\t<\/div>\n\t\t\t\t<\/div>\n\t\t\t\t<\/div>\n\t\t<div class=\"elementor-element elementor-element-9f85127 e-flex e-con-boxed e-con e-parent\" data-id=\"9f85127\" data-element_type=\"container\" data-e-type=\"container\" data-settings=\"{&quot;background_background&quot;:&quot;classic&quot;}\">\n\t\t\t\t\t<div class=\"e-con-inner\">\n\t\t<div class=\"elementor-element elementor-element-39809f9 e-con-full e-flex e-con e-child\" data-id=\"39809f9\" data-element_type=\"container\" data-e-type=\"container\" data-settings=\"{&quot;background_background&quot;:&quot;classic&quot;}\">\n\t\t<div class=\"elementor-element elementor-element-b976bca e-con-full e-flex e-con e-child\" data-id=\"b976bca\" data-element_type=\"container\" data-e-type=\"container\">\n\t\t\t\t<div class=\"elementor-element elementor-element-c5b7e7a elementor-widget elementor-widget-heading\" data-id=\"c5b7e7a\" data-element_type=\"widget\" data-e-type=\"widget\" data-widget_type=\"heading.default\">\n\t\t\t\t<div class=\"elementor-widget-container\">\n\t\t\t\t\t<h2 class=\"elementor-heading-title elementor-size-default\">Poukaz, kter\u00fd um\u00ed v\u0161echno!<\/h2>\t\t\t\t<\/div>\n\t\t\t\t<\/div>\n\t\t\t\t<\/div>\n\t\t<div class=\"elementor-element elementor-element-89cde6c e-con-full e-flex e-con e-child\" data-id=\"89cde6c\" data-element_type=\"container\" data-e-type=\"container\">\n\t\t\t\t<div class=\"elementor-element elementor-element-d25e2ec elementor-widget elementor-widget-heading\" data-id=\"d25e2ec\" data-element_type=\"widget\" data-e-type=\"widget\" data-widget_type=\"heading.default\">\n\t\t\t\t<div class=\"elementor-widget-container\">\n\t\t\t\t\t<h2 class=\"elementor-heading-title elementor-size-default\">K dispozici v obchod\u011b, plat\u00ed pro v\u0161echny prostory (restaurace, obchod, \u010derp\u00e1n\u00ed paliva, myt\u00ed).<\/h2>\t\t\t\t<\/div>\n\t\t\t\t<\/div>\n\t\t\t\t<div class=\"elementor-element elementor-element-adf934c elementor-widget elementor-widget-image\" data-id=\"adf934c\" data-element_type=\"widget\" data-e-type=\"widget\" data-widget_type=\"image.default\">\n\t\t\t\t<div class=\"elementor-widget-container\">\n\t\t\t\t\t\t\t\t\t\t\t\t\t\t\t<img fetchpriority=\"high\" decoding=\"async\" width=\"697\" height=\"243\" src=\"https:\/\/www.m-rast.at\/wp-content\/uploads\/2024\/10\/mrastgutscheine.webp\" class=\"attachment-large size-large wp-image-2712\" alt=\"\" srcset=\"https:\/\/www.m-rast.at\/wp-content\/uploads\/2024\/10\/mrastgutscheine.webp 697w, https:\/\/www.m-rast.at\/wp-content\/uploads\/2024\/10\/mrastgutscheine-300x105.webp 300w\" sizes=\"(max-width: 697px) 100vw, 697px\" \/>\t\t\t\t\t\t\t\t\t\t\t\t\t\t\t<\/div>\n\t\t\t\t<\/div>\n\t\t\t\t<\/div>\n\t\t\t\t<div class=\"elementor-element elementor-element-bb8c9b3 elementor-widget elementor-widget-image\" data-id=\"bb8c9b3\" data-element_type=\"widget\" data-e-type=\"widget\" data-widget_type=\"image.default\">\n\t\t\t\t<div class=\"elementor-widget-container\">\n\t\t\t\t\t\t\t\t\t\t\t\t\t\t\t<img decoding=\"async\" width=\"800\" height=\"422\" src=\"https:\/\/www.m-rast.at\/wp-content\/uploads\/2025\/12\/M-RAST_Magnet-Folie_Weihnachten_2025-1024x540.png\" class=\"attachment-large size-large wp-image-5161\" alt=\"\" srcset=\"https:\/\/www.m-rast.at\/wp-content\/uploads\/2025\/12\/M-RAST_Magnet-Folie_Weihnachten_2025-1024x540.png 1024w, https:\/\/www.m-rast.at\/wp-content\/uploads\/2025\/12\/M-RAST_Magnet-Folie_Weihnachten_2025-300x158.png 300w, https:\/\/www.m-rast.at\/wp-content\/uploads\/2025\/12\/M-RAST_Magnet-Folie_Weihnachten_2025-768x405.png 768w, https:\/\/www.m-rast.at\/wp-content\/uploads\/2025\/12\/M-RAST_Magnet-Folie_Weihnachten_2025-1536x810.png 1536w, https:\/\/www.m-rast.at\/wp-content\/uploads\/2025\/12\/M-RAST_Magnet-Folie_Weihnachten_2025-2048x1079.png 2048w\" sizes=\"(max-width: 800px) 100vw, 800px\" \/>\t\t\t\t\t\t\t\t\t\t\t\t\t\t\t<\/div>\n\t\t\t\t<\/div>\n\t\t\t\t<\/div>\n\t\t\t\t\t<\/div>\n\t\t\t\t<\/div>\n\t\t<div class=\"elementor-element elementor-element-6d483897 e-flex e-con-boxed e-con e-parent\" data-id=\"6d483897\" data-element_type=\"container\" data-e-type=\"container\" data-settings=\"{&quot;background_background&quot;:&quot;classic&quot;}\">\n\t\t\t\t\t<div class=\"e-con-inner\">\n\t\t<div class=\"elementor-element elementor-element-7fa344c2 e-flex e-con-boxed e-con e-child\" data-id=\"7fa344c2\" data-element_type=\"container\" data-e-type=\"container\">\n\t\t\t\t\t<div class=\"e-con-inner\">\n\t\t<a class=\"elementor-element elementor-element-44dc8a4e e-con-full e-flex e-con e-child\" data-id=\"44dc8a4e\" data-element_type=\"container\" data-e-type=\"container\" data-settings=\"{&quot;background_background&quot;:&quot;classic&quot;}\" href=\"https:\/\/www.m-rast.at\/cs\/restaurace\/\">\n\t\t\t\t<div class=\"elementor-element elementor-element-3a9a2595 elementor-widget elementor-widget-image\" data-id=\"3a9a2595\" data-element_type=\"widget\" data-e-type=\"widget\" data-widget_type=\"image.default\">\n\t\t\t\t<div class=\"elementor-widget-container\">\n\t\t\t\t\t\t\t\t\t\t\t\t\t\t\t<img loading=\"lazy\" decoding=\"async\" width=\"175\" height=\"214\" src=\"https:\/\/www.m-rast.at\/wp-content\/uploads\/2024\/09\/Restaurant-1.png\" class=\"attachment-medium size-medium wp-image-2798\" alt=\"\" \/>\t\t\t\t\t\t\t\t\t\t\t\t\t\t\t<\/div>\n\t\t\t\t<\/div>\n\t\t\t\t<\/a>\n\t\t<a class=\"elementor-element elementor-element-4697b620 e-con-full e-flex e-con e-child\" data-id=\"4697b620\" data-element_type=\"container\" data-e-type=\"container\" data-settings=\"{&quot;background_background&quot;:&quot;classic&quot;}\" href=\"https:\/\/www.m-rast.at\/cs\/spar-market\/\">\n\t\t\t\t<div class=\"elementor-element elementor-element-7b43013e elementor-widget elementor-widget-image\" data-id=\"7b43013e\" data-element_type=\"widget\" data-e-type=\"widget\" data-widget_type=\"image.default\">\n\t\t\t\t<div class=\"elementor-widget-container\">\n\t\t\t\t\t\t\t\t\t\t\t\t\t\t\t<img loading=\"lazy\" decoding=\"async\" width=\"175\" height=\"167\" src=\"https:\/\/www.m-rast.at\/wp-content\/uploads\/2024\/09\/Supermarkt-1.png\" class=\"attachment-medium size-medium wp-image-2797\" alt=\"\" \/>\t\t\t\t\t\t\t\t\t\t\t\t\t\t\t<\/div>\n\t\t\t\t<\/div>\n\t\t\t\t<\/a>\n\t\t<a class=\"elementor-element elementor-element-b018818 e-con-full e-flex e-con e-child\" data-id=\"b018818\" data-element_type=\"container\" data-e-type=\"container\" data-settings=\"{&quot;background_background&quot;:&quot;classic&quot;}\" href=\"https:\/\/www.m-rast.at\/cs\/doplnovani-paliva-a-nabijeni\/\">\n\t\t\t\t<div class=\"elementor-element elementor-element-3958ea64 elementor-widget elementor-widget-image\" data-id=\"3958ea64\" data-element_type=\"widget\" data-e-type=\"widget\" data-widget_type=\"image.default\">\n\t\t\t\t<div class=\"elementor-widget-container\">\n\t\t\t\t\t\t\t\t\t\t\t\t\t\t\t<img loading=\"lazy\" decoding=\"async\" width=\"175\" height=\"214\" src=\"https:\/\/www.m-rast.at\/wp-content\/uploads\/2024\/09\/Tanken-1.png\" class=\"attachment-medium size-medium wp-image-2796\" alt=\"\" \/>\t\t\t\t\t\t\t\t\t\t\t\t\t\t\t<\/div>\n\t\t\t\t<\/div>\n\t\t\t\t<\/a>\n\t\t<a class=\"elementor-element elementor-element-1c4175d2 e-con-full e-flex e-con e-child\" data-id=\"1c4175d2\" data-element_type=\"container\" data-e-type=\"container\" data-settings=\"{&quot;background_background&quot;:&quot;classic&quot;}\" href=\"https:\/\/www.m-rast.at\/cs\/pece-o-auto\/\">\n\t\t\t\t<div class=\"elementor-element elementor-element-576cccfa elementor-widget elementor-widget-image\" data-id=\"576cccfa\" data-element_type=\"widget\" data-e-type=\"widget\" data-widget_type=\"image.default\">\n\t\t\t\t<div class=\"elementor-widget-container\">\n\t\t\t\t\t\t\t\t\t\t\t\t\t\t\t<img loading=\"lazy\" decoding=\"async\" width=\"175\" height=\"136\" src=\"https:\/\/www.m-rast.at\/wp-content\/uploads\/2024\/09\/PKWWaschen.png\" class=\"attachment-medium size-medium wp-image-2799\" alt=\"\" \/>\t\t\t\t\t\t\t\t\t\t\t\t\t\t\t<\/div>\n\t\t\t\t<\/div>\n\t\t\t\t<\/a>\n\t\t<a class=\"elementor-element elementor-element-5cc34415 e-con-full e-flex e-con e-child\" data-id=\"5cc34415\" data-element_type=\"container\" data-e-type=\"container\" data-settings=\"{&quot;background_background&quot;:&quot;classic&quot;}\" href=\"https:\/\/www.m-rast.at\/cs\/udrzba-a-parkovani-nakladnich-vozidel\/\">\n\t\t\t\t<div class=\"elementor-element elementor-element-3494e141 elementor-widget elementor-widget-image\" data-id=\"3494e141\" data-element_type=\"widget\" data-e-type=\"widget\" data-widget_type=\"image.default\">\n\t\t\t\t<div class=\"elementor-widget-container\">\n\t\t\t\t\t\t\t\t\t\t\t\t\t\t\t<img loading=\"lazy\" decoding=\"async\" width=\"300\" height=\"153\" src=\"https:\/\/www.m-rast.at\/wp-content\/uploads\/2024\/11\/LKW-300x153.png\" class=\"attachment-medium size-medium wp-image-2909\" alt=\"\" srcset=\"https:\/\/www.m-rast.at\/wp-content\/uploads\/2024\/11\/LKW-300x153.png 300w, https:\/\/www.m-rast.at\/wp-content\/uploads\/2024\/11\/LKW-768x392.png 768w, https:\/\/www.m-rast.at\/wp-content\/uploads\/2024\/11\/LKW.png 933w\" sizes=\"(max-width: 300px) 100vw, 300px\" \/>\t\t\t\t\t\t\t\t\t\t\t\t\t\t\t<\/div>\n\t\t\t\t<\/div>\n\t\t\t\t<\/a>\n\t\t<a class=\"elementor-element elementor-element-735fd77e e-con-full e-flex e-con e-child\" data-id=\"735fd77e\" data-element_type=\"container\" data-e-type=\"container\" data-settings=\"{&quot;background_background&quot;:&quot;classic&quot;}\" href=\"https:\/\/www.m-rast.at\/cs\/slevova-karta\/\">\n\t\t\t\t<div class=\"elementor-element elementor-element-62aa727a elementor-widget elementor-widget-image\" data-id=\"62aa727a\" data-element_type=\"widget\" data-e-type=\"widget\" data-widget_type=\"image.default\">\n\t\t\t\t<div class=\"elementor-widget-container\">\n\t\t\t\t\t\t\t\t\t\t\t\t\t\t\t<img loading=\"lazy\" decoding=\"async\" width=\"300\" height=\"254\" src=\"https:\/\/www.m-rast.at\/wp-content\/uploads\/2024\/11\/Rabattkarte-300x254.png\" class=\"attachment-medium size-medium wp-image-2549\" alt=\"\" srcset=\"https:\/\/www.m-rast.at\/wp-content\/uploads\/2024\/11\/Rabattkarte-300x254.png 300w, https:\/\/www.m-rast.at\/wp-content\/uploads\/2024\/11\/Rabattkarte-768x650.png 768w, https:\/\/www.m-rast.at\/wp-content\/uploads\/2024\/11\/Rabattkarte.png 934w\" sizes=\"(max-width: 300px) 100vw, 300px\" \/>\t\t\t\t\t\t\t\t\t\t\t\t\t\t\t<\/div>\n\t\t\t\t<\/div>\n\t\t\t\t<\/a>\n\t\t\t\t\t<\/div>\n\t\t\t\t<\/div>\n\t\t\t\t\t<\/div>\n\t\t\t\t<\/div>\n\t\t<div class=\"elementor-element elementor-element-0b2ec7b e-flex e-con-boxed e-con e-parent\" data-id=\"0b2ec7b\" data-element_type=\"container\" data-e-type=\"container\">\n\t\t\t\t\t<div class=\"e-con-inner\">\n\t\t\t\t\t<\/div>\n\t\t\t\t<\/div>\n\t\t\t\t<\/div>\n\t\t","protected":false},"excerpt":{"rendered":"<p>Poukaz, kter\u00fd um\u00ed v\u0161echno! K dispozici v obchod\u011b, plat\u00ed pro v\u0161echny prostory (restaurace, obchod, \u010derp\u00e1n\u00ed paliva, myt\u00ed).<\/p>\n","protected":false},"author":1,"featured_media":0,"parent":0,"menu_order":0,"comment_status":"closed","ping_status":"closed","template":"","meta":{"_acf_changed":false,"_eb_attr":"","footnotes":""},"class_list":["post-2714","page","type-page","status-publish","hentry"],"acf":[],"_links":{"self":[{"href":"https:\/\/www.m-rast.at\/cs\/wp-json\/wp\/v2\/pages\/2714","targetHints":{"allow":["GET"]}}],"collection":[{"href":"https:\/\/www.m-rast.at\/cs\/wp-json\/wp\/v2\/pages"}],"about":[{"href":"https:\/\/www.m-rast.at\/cs\/wp-json\/wp\/v2\/types\/page"}],"author":[{"embeddable":true,"href":"https:\/\/www.m-rast.at\/cs\/wp-json\/wp\/v2\/users\/1"}],"replies":[{"embeddable":true,"href":"https:\/\/www.m-rast.at\/cs\/wp-json\/wp\/v2\/comments?post=2714"}],"version-history":[{"count":7,"href":"https:\/\/www.m-rast.at\/cs\/wp-json\/wp\/v2\/pages\/2714\/revisions"}],"predecessor-version":[{"id":5168,"href":"https:\/\/www.m-rast.at\/cs\/wp-json\/wp\/v2\/pages\/2714\/revisions\/5168"}],"wp:attachment":[{"href":"https:\/\/www.m-rast.at\/cs\/wp-json\/wp\/v2\/media?parent=2714"}],"curies":[{"name":"wp","href":"https:\/\/api.w.org\/{rel}","templated":true}]}}